{"id":116,"date":"2020-12-22T02:38:58","date_gmt":"2020-12-22T00:38:58","guid":{"rendered":"https:\/\/indecs.fi\/?page_id=116"},"modified":"2024-08-23T16:21:40","modified_gmt":"2024-08-23T13:21:40","slug":"muuttapahtumat","status":"publish","type":"page","link":"https:\/\/indecs.fi\/en\/muuttapahtumat\/","title":{"rendered":"Other events"},"content":{"rendered":"<p>Every year, Indecs organises a wide range of events for its members. The aim is to organise these events in such a way that it is easy for everyone to take part and find something to do. The range of events is very wide, from traditional social gatherings to wellbeing events and other lower-threshold events such as board game nights. <\/p>\n\n\n\n<p class=\" translation-block\">Sits, which will become very familiar to students, are organised several times in both the autumn and spring semesters. These include the Friend Sits in the autumn and the Pre-Colours Sits in the spring, which are organised on the first day of <a href=\"https:\/\/trey.fi\/yhteiso\/wappu\" target=\"_blank\" rel=\"noreferrer noopener\">Wappu<\/a>. Every autumn, Indecs organises the Herwanta Challenge, a playful forest adventure competition open to all, where the day is spent navigating through the forests of Hervanta, completing a series of different tasks, with a sauna at the last task.<\/p>\n\n\n\n<p>The events are often hosted in collaboration with other organizers like guilds and student associations, that way the events are often really fun and the participants get to meet new people! Interdisciplinary events are, for example, hosted with <a href=\"http:\/\/boomi.fi\/\" target=\"_blank\" rel=\"noreferrer noopener\">Boomi<\/a>, <a href=\"https:\/\/kandit.fi\" target=\"_blank\" rel=\"noreferrer noopener\">TLK<\/a>, <a href=\"https:\/\/johtory.fi\/\" target=\"_blank\" rel=\"noreferrer noopener\">Johto<\/a>, <a href=\"https:\/\/tietojohtajakilta.net\/\" target=\"_blank\" rel=\"noreferrer noopener\">Man@ger<\/a> and other members of the Faculty of Management and Business.<\/p>\n\n\n\n<p>The most spectacular event organised by Indecs is the annual spring gala. The annual gala is always a formal party at Indecs and is celebrated for two days in late March. It includes a cocktail reception for invited guests, a main party with a three-course dinner, an afterparty until dawn and a herring breakfast the following morning. The herring breakfast is a brunch where the gala guests get together to enjoy different treats and good company<\/p>\n\n\n\n<p class=\" translation-block\">If there's something you're wondering about, want to change or have new ideas for events, please email us at  <a href=\"mailto:tapahtumat@indecs.fi\" target=\"_self\">tapahtumat@indecs.fi<\/a>.<\/p>\n\n\n\n<p class=\" translation-block\">Photos from past events can be found in \nin our  <a href=\"https:\/\/indecs.kuvat.fi\" target=\"_self\"> photo gallery<\/a>. For upcoming events, see our <a href=\"\/en\/tapahtumakalenteri\" target=\"_self\">events calendar<\/a>!<\/p>","protected":false},"excerpt":{"rendered":"<p>Indecs j\u00e4rjest\u00e4\u00e4 vuosittain monenlaisia tapahtumia j\u00e4senist\u00f6lleen. Tapahtumia pyrit\u00e4\u00e4n j\u00e4rjest\u00e4m\u00e4\u00e4n siten, ett\u00e4 jokaisen olisi niihin helppo osallistua sek\u00e4 kaikille l\u00f6ytyisi mieluisaa ajanvietett\u00e4. Tapahtumien kirjo onkin hyvin laaja; tapahtumia l\u00f6ytyy aina perinteisist\u00e4 [&hellip;]<\/p>","protected":false},"author":2,"featured_media":0,"parent":0,"menu_order":0,"comment_status":"closed","ping_status":"closed","template":"","meta":{"_uag_custom_page_level_css":"","advanced_seo_description":"","jetpack_seo_html_title":"","jetpack_seo_noindex":false,"_EventAllDay":false,"_EventTimezone":"","_EventStartDate":"","_EventEndDate":"","_EventStartDateUTC":"","_EventEndDateUTC":"","_EventShowMap":false,"_EventShowMapLink":false,"_EventURL":"","_EventCost":"","_EventCostDescription":"","_EventCurrencySymbol":"","_EventCurrencyCode":"","_EventCurrencyPosition":"","_EventDateTimeSeparator":"","_EventTimeRangeSeparator":"","_EventOrganizerID":[],"_EventVenueID":[],"_OrganizerEmail":"","_OrganizerPhone":"","_OrganizerWebsite":"","_VenueAddress":"","_VenueCity":"","_VenueCountry":"","_VenueProvince":"","_VenueState":"","_VenueZip":"","_VenuePhone":"","_VenueURL":"","_VenueStateProvince":"","_VenueLat":"","_VenueLng":"","_VenueShowMap":false,"_VenueShowMapLink":false,"footnotes":""},"categories":[],"tags":[],"class_list":["post-116","page","type-page","status-publish","hentry"],"uagb_featured_image_src":{"full":false,"thumbnail":false,"medium":false,"medium_large":false,"large":false,"1536x1536":false,"2048x2048":false,"trp-custom-language-flag":false},"uagb_author_info":{"display_name":"","author_link":"https:\/\/indecs.fi\/en\/author\/"},"uagb_comment_info":0,"uagb_excerpt":"Indecs j\u00e4rjest\u00e4\u00e4 vuosittain monenlaisia tapahtumia j\u00e4senist\u00f6lleen. Tapahtumia pyrit\u00e4\u00e4n j\u00e4rjest\u00e4m\u00e4\u00e4n siten, ett\u00e4 jokaisen olisi niihin helppo osallistua sek\u00e4 kaikille l\u00f6ytyisi mieluisaa ajanvietett\u00e4. Tapahtumien kirjo onkin hyvin laaja; tapahtumia l\u00f6ytyy aina perinteisist\u00e4 [&hellip;]","_links":{"self":[{"href":"https:\/\/indecs.fi\/en\/wp-json\/wp\/v2\/pages\/116"}],"collection":[{"href":"https:\/\/indecs.fi\/en\/wp-json\/wp\/v2\/pages"}],"about":[{"href":"https:\/\/indecs.fi\/en\/wp-json\/wp\/v2\/types\/page"}],"author":[{"embeddable":true,"href":"https:\/\/indecs.fi\/en\/wp-json\/wp\/v2\/users\/2"}],"replies":[{"embeddable":true,"href":"https:\/\/indecs.fi\/en\/wp-json\/wp\/v2\/comments?post=116"}],"version-history":[{"count":11,"href":"https:\/\/indecs.fi\/en\/wp-json\/wp\/v2\/pages\/116\/revisions"}],"predecessor-version":[{"id":4735,"href":"https:\/\/indecs.fi\/en\/wp-json\/wp\/v2\/pages\/116\/revisions\/4735"}],"wp:attachment":[{"href":"https:\/\/indecs.fi\/en\/wp-json\/wp\/v2\/media?parent=116"}],"wp:term":[{"taxonomy":"category","embeddable":true,"href":"https:\/\/indecs.fi\/en\/wp-json\/wp\/v2\/categories?post=116"},{"taxonomy":"post_tag","embeddable":true,"href":"https:\/\/indecs.fi\/en\/wp-json\/wp\/v2\/tags?post=116"}],"curies":[{"name":"wp","href":"https:\/\/api.w.org\/{rel}","templated":true}]}}