{"id":118,"date":"2020-12-22T03:11:34","date_gmt":"2020-12-22T01:11:34","guid":{"rendered":"https:\/\/indecs.fi\/?page_id=118"},"modified":"2025-02-13T20:03:16","modified_gmt":"2025-02-13T18:03:16","slug":"popcornkone","status":"publish","type":"page","link":"https:\/\/indecs.fi\/en\/popcornkone\/","title":{"rendered":"Popcorn machine"},"content":{"rendered":"<div class=\"wp-block-media-text has-media-on-the-right is-stacked-on-mobile is-vertically-aligned-center has-cyan-bluish-gray-color has-text-color\" style=\"grid-template-columns:auto 15%\"><div class=\"wp-block-media-text__content\">\n<p class=\"has-base-color has-text-color\">Do you want to improve the quality of your party and take the experience of your participants to the next level? The Indecs' popcorn machine brings fun and visual appeal to parties of all sizes!<\/p>\n\n\n\n<p class=\"has-base-color has-text-color\">The machine is very easy to use and can be picked up from the Hervanta campus of the University of Tampere. The machine can also be easily fitted into a standard car.<\/p>\n\n\n\n<p class=\"has-base-color has-text-color\">Varaa kone juhliisi l\u00e4hett\u00e4m\u00e4ll\u00e4 viesti\u00e4 osoitteeseen <a href=\"mailto:popcorn@indecs.fi\">teekkarivastaava@indecs.fi<\/a><\/p>\n<\/div><figure class=\"wp-block-media-text__media\"><img data-recalc-dims=\"1\" loading=\"lazy\" decoding=\"async\" width=\"960\" height=\"1280\" src=\"https:\/\/i0.wp.com\/indecs.fi\/wp-content\/uploads\/2020\/12\/hattara.jpg?resize=960%2C1280&#038;ssl=1\" alt=\"\" class=\"wp-image-1130 size-full\"\/><\/figure><\/div>\n\n\n\n<h2 class=\"wp-block-heading has-base-color has-text-color\">Pricing<\/h2>\n\n\n\n<div class=\"wp-block-columns is-layout-flex wp-container-core-columns-is-layout-1 wp-block-columns-is-layout-flex\">\n<div class=\"wp-block-column is-layout-flow wp-block-column-is-layout-flow\">\n<h3 class=\"wp-block-heading has-base-color has-text-color has-normal-font-size\">Popcornkone<\/h3>\n\n\n\n<div class=\"wp-block-getwid-price-list has-text-color has-black-color has-dots\"> <div class=\"wp-block-getwid-price-list__content-wrapper\"><div class=\"wp-block-getwid-price-list__header\"><p class=\"wp-block-getwid-price-list__title\">One rental period<\/p><div class=\"wp-block-getwid-price-list__price-line\"><\/div><div class=\"wp-block-getwid-price-list__price-wrapper has-currency-after-space\"><p class=\"wp-block-getwid-price-list__currency\">\u20ac<\/p><p class=\"wp-block-getwid-price-list__amount\">60 \/ 80<\/p><\/div><\/div><p class=\"wp-block-getwid-price-list__description\">student organisation \/ others<\/p><\/div><\/div>\n\n\n\n<div class=\"wp-block-getwid-price-list has-text-color has-black-color has-dots\"> <div class=\"wp-block-getwid-price-list__content-wrapper\"><div class=\"wp-block-getwid-price-list__header\"><p class=\"wp-block-getwid-price-list__title\">Corn grains<\/p><div class=\"wp-block-getwid-price-list__price-line\"><\/div><div class=\"wp-block-getwid-price-list__price-wrapper has-currency-after-space\"><p class=\"wp-block-getwid-price-list__currency\">\u20ac<\/p><p class=\"wp-block-getwid-price-list__amount\">3<\/p><\/div><\/div><p class=\"wp-block-getwid-price-list__description\">\/ kg<\/p><\/div><\/div>\n\n\n\n<div class=\"wp-block-getwid-price-list has-text-color has-black-color has-dots\"> <div class=\"wp-block-getwid-price-list__content-wrapper\"><div class=\"wp-block-getwid-price-list__header\"><p class=\"wp-block-getwid-price-list__title\">Oil<\/p><div class=\"wp-block-getwid-price-list__price-line\"><\/div><div class=\"wp-block-getwid-price-list__price-wrapper has-currency-after-space\"><p class=\"wp-block-getwid-price-list__currency\">\u20ac<\/p><p class=\"wp-block-getwid-price-list__amount\">4<\/p><\/div><\/div><p class=\"wp-block-getwid-price-list__description\">\/ litre<br><\/p><\/div><\/div>\n<\/div>\n<\/div>\n\n\n\n<p class=\"has-base-color has-text-color\"><strong>Attention!<\/strong> The machine must be returned cleaned or a cleaning fee of 30\u20ac will be added to the rental price.<\/p>\n\n\n\n<p><\/p>","protected":false},"excerpt":{"rendered":"<p>Haluatko parantaa juhliesi laatua entisest\u00e4\u00e4n ja nostaa osallistujien kokemuksen uudelle tasolle? Indecsin popcornkone tuo hupia ja n\u00e4k\u00f6\u00e4 kaiken kokoisiin juhliin! Kone on eritt\u00e4in helppok\u00e4ytt\u00f6inen ja vuokrattaessa noudetaan Tampereen yliopiston Hervannan [&hellip;]<\/p>","protected":false},"author":1,"featured_media":0,"parent":0,"menu_order":0,"comment_status":"closed","ping_status":"closed","template":"","meta":{"_uag_custom_page_level_css":"","advanced_seo_description":"","jetpack_seo_html_title":"","jetpack_seo_noindex":false,"_EventAllDay":false,"_EventTimezone":"","_EventStartDate":"","_EventEndDate":"","_EventStartDateUTC":"","_EventEndDateUTC":"","_EventShowMap":false,"_EventShowMapLink":false,"_EventURL":"","_EventCost":"","_EventCostDescription":"","_EventCurrencySymbol":"","_EventCurrencyCode":"","_EventCurrencyPosition":"","_EventDateTimeSeparator":"","_EventTimeRangeSeparator":"","_EventOrganizerID":[],"_EventVenueID":[],"_OrganizerEmail":"","_OrganizerPhone":"","_OrganizerWebsite":"","_VenueAddress":"","_VenueCity":"","_VenueCountry":"","_VenueProvince":"","_VenueState":"","_VenueZip":"","_VenuePhone":"","_VenueURL":"","_VenueStateProvince":"","_VenueLat":"","_VenueLng":"","_VenueShowMap":false,"_VenueShowMapLink":false,"footnotes":""},"categories":[],"tags":[],"class_list":["post-118","page","type-page","status-publish","hentry"],"uagb_featured_image_src":{"full":false,"thumbnail":false,"medium":false,"medium_large":false,"large":false,"1536x1536":false,"2048x2048":false,"trp-custom-language-flag":false},"uagb_author_info":{"display_name":"Datatoimari","author_link":"https:\/\/indecs.fi\/en\/author\/datatoimari\/"},"uagb_comment_info":0,"uagb_excerpt":"Haluatko parantaa juhliesi laatua entisest\u00e4\u00e4n ja nostaa osallistujien kokemuksen uudelle tasolle? Indecsin popcornkone tuo hupia ja n\u00e4k\u00f6\u00e4 kaiken kokoisiin juhliin! Kone on eritt\u00e4in helppok\u00e4ytt\u00f6inen ja vuokrattaessa noudetaan Tampereen yliopiston Hervannan [&hellip;]","_links":{"self":[{"href":"https:\/\/indecs.fi\/en\/wp-json\/wp\/v2\/pages\/118"}],"collection":[{"href":"https:\/\/indecs.fi\/en\/wp-json\/wp\/v2\/pages"}],"about":[{"href":"https:\/\/indecs.fi\/en\/wp-json\/wp\/v2\/types\/page"}],"author":[{"embeddable":true,"href":"https:\/\/indecs.fi\/en\/wp-json\/wp\/v2\/users\/1"}],"replies":[{"embeddable":true,"href":"https:\/\/indecs.fi\/en\/wp-json\/wp\/v2\/comments?post=118"}],"version-history":[{"count":151,"href":"https:\/\/indecs.fi\/en\/wp-json\/wp\/v2\/pages\/118\/revisions"}],"predecessor-version":[{"id":5164,"href":"https:\/\/indecs.fi\/en\/wp-json\/wp\/v2\/pages\/118\/revisions\/5164"}],"wp:attachment":[{"href":"https:\/\/indecs.fi\/en\/wp-json\/wp\/v2\/media?parent=118"}],"wp:term":[{"taxonomy":"category","embeddable":true,"href":"https:\/\/indecs.fi\/en\/wp-json\/wp\/v2\/categories?post=118"},{"taxonomy":"post_tag","embeddable":true,"href":"https:\/\/indecs.fi\/en\/wp-json\/wp\/v2\/tags?post=118"}],"curies":[{"name":"wp","href":"https:\/\/api.w.org\/{rel}","templated":true}]}}