{"id":1863,"date":"2021-01-10T15:47:27","date_gmt":"2021-01-10T13:47:27","guid":{"rendered":"https:\/\/indecs.fi\/?page_id=1863"},"modified":"2025-01-07T16:49:20","modified_gmt":"2025-01-07T14:49:20","slug":"ota-yhteytta","status":"publish","type":"page","link":"https:\/\/indecs.fi\/en\/ota-yhteytta\/","title":{"rendered":"Contact us"},"content":{"rendered":"<p class=\" translation-block\">You can use <a rel=\"noreferrer noopener\" href=\"https:\/\/forms.gle\/Mk8aEpA3hfuJJth97\" target=\"_blank\">the feedback form<\/a> to send feedback for the board. The feedback is discussed in the board meetings.<\/p>\n\n\n\n<p class=\" translation-block\">Through the <a href=\"https:\/\/forms.office.com\/e\/GSEMfgFd7P\" data-type=\"URL\" data-id=\"https:\/\/forms.office.com\/e\/GSEMfgFd7P\" target=\"_blank\" rel=\"noreferrer noopener\">Equality and Harassment Form<\/a> you can report harassment or inappropriate treatment in confidence, which will be handled by Indecs equality persons.<\/p>\n\n\n\n<p class=\" translation-block\">The contact information for individual board members can be found on <a href=\"https:\/\/indecs.fi\/hallitus\/\" target=\"_self\">the board introduction page<\/a>. The whole board can be reached by email at <a rel=\"noreferrer noopener\" href=\"mailto:hallitus@indecs.fi\" target=\"_blank\">hallitus@indecs.fi<\/a>.<\/p>\n\n\n\n<div style=\"height:37px\" aria-hidden=\"true\" class=\"wp-block-spacer\"><\/div>\n\n\n\n<div class=\"wp-block-columns is-layout-flex wp-container-core-columns-is-layout-1 wp-block-columns-is-layout-flex\">\n<div class=\"wp-block-column is-layout-flow wp-block-column-is-layout-flow\"><\/div>\n\n\n\n<div class=\"wp-block-column is-layout-flow wp-block-column-is-layout-flow\"><\/div>\n\n\n\n<div class=\"wp-block-column is-layout-flow wp-block-column-is-layout-flow\"><\/div>\n<\/div>","protected":false},"excerpt":{"rendered":"<p>Palautelomakkeen kautta voit l\u00e4hett\u00e4\u00e4 killan hallitukselle palautetta tai kehitysehdotuksia. Palaute k\u00e4sitell\u00e4\u00e4n hallituksen kokouksessa. Yhdenvertaisuus- ja h\u00e4irint\u00e4lomakkeen kautta voit ilmoittaa h\u00e4irinn\u00e4st\u00e4 tai ep\u00e4asiallisesta kohtelusta luottamuksellisesti, jota Indecsin yhdenvertaisuushenkil\u00f6t k\u00e4sittelev\u00e4t. Hallituksen esittelyst\u00e4 [&hellip;]<\/p>","protected":false},"author":2,"featured_media":0,"parent":0,"menu_order":0,"comment_status":"closed","ping_status":"closed","template":"","meta":{"_uag_custom_page_level_css":"","advanced_seo_description":"","jetpack_seo_html_title":"","jetpack_seo_noindex":false,"_EventAllDay":false,"_EventTimezone":"","_EventStartDate":"","_EventEndDate":"","_EventStartDateUTC":"","_EventEndDateUTC":"","_EventShowMap":false,"_EventShowMapLink":false,"_EventURL":"","_EventCost":"","_EventCostDescription":"","_EventCurrencySymbol":"","_EventCurrencyCode":"","_EventCurrencyPosition":"","_EventDateTimeSeparator":"","_EventTimeRangeSeparator":"","_EventOrganizerID":[],"_EventVenueID":[],"_OrganizerEmail":"","_OrganizerPhone":"","_OrganizerWebsite":"","_VenueAddress":"","_VenueCity":"","_VenueCountry":"","_VenueProvince":"","_VenueState":"","_VenueZip":"","_VenuePhone":"","_VenueURL":"","_VenueStateProvince":"","_VenueLat":"","_VenueLng":"","_VenueShowMap":false,"_VenueShowMapLink":false,"footnotes":""},"categories":[],"tags":[],"class_list":["post-1863","page","type-page","status-publish","hentry"],"uagb_featured_image_src":{"full":false,"thumbnail":false,"medium":false,"medium_large":false,"large":false,"1536x1536":false,"2048x2048":false,"trp-custom-language-flag":false},"uagb_author_info":{"display_name":"","author_link":"https:\/\/indecs.fi\/en\/author\/"},"uagb_comment_info":0,"uagb_excerpt":"Palautelomakkeen kautta voit l\u00e4hett\u00e4\u00e4 killan hallitukselle palautetta tai kehitysehdotuksia. Palaute k\u00e4sitell\u00e4\u00e4n hallituksen kokouksessa. Yhdenvertaisuus- ja h\u00e4irint\u00e4lomakkeen kautta voit ilmoittaa h\u00e4irinn\u00e4st\u00e4 tai ep\u00e4asiallisesta kohtelusta luottamuksellisesti, jota Indecsin yhdenvertaisuushenkil\u00f6t k\u00e4sittelev\u00e4t. Hallituksen esittelyst\u00e4 [&hellip;]","_links":{"self":[{"href":"https:\/\/indecs.fi\/en\/wp-json\/wp\/v2\/pages\/1863"}],"collection":[{"href":"https:\/\/indecs.fi\/en\/wp-json\/wp\/v2\/pages"}],"about":[{"href":"https:\/\/indecs.fi\/en\/wp-json\/wp\/v2\/types\/page"}],"author":[{"embeddable":true,"href":"https:\/\/indecs.fi\/en\/wp-json\/wp\/v2\/users\/2"}],"replies":[{"embeddable":true,"href":"https:\/\/indecs.fi\/en\/wp-json\/wp\/v2\/comments?post=1863"}],"version-history":[{"count":12,"href":"https:\/\/indecs.fi\/en\/wp-json\/wp\/v2\/pages\/1863\/revisions"}],"predecessor-version":[{"id":5066,"href":"https:\/\/indecs.fi\/en\/wp-json\/wp\/v2\/pages\/1863\/revisions\/5066"}],"wp:attachment":[{"href":"https:\/\/indecs.fi\/en\/wp-json\/wp\/v2\/media?parent=1863"}],"wp:term":[{"taxonomy":"category","embeddable":true,"href":"https:\/\/indecs.fi\/en\/wp-json\/wp\/v2\/categories?post=1863"},{"taxonomy":"post_tag","embeddable":true,"href":"https:\/\/indecs.fi\/en\/wp-json\/wp\/v2\/tags?post=1863"}],"curies":[{"name":"wp","href":"https:\/\/api.w.org\/{rel}","templated":true}]}}