{"id":2,"date":"2020-12-21T17:00:58","date_gmt":"2020-12-21T15:00:58","guid":{"rendered":"https:\/\/206.81.30.143\/?page_id=2"},"modified":"2025-04-12T00:02:56","modified_gmt":"2025-04-11T21:02:56","slug":"tuotantotalouden-kilta-indecs","status":"publish","type":"page","link":"https:\/\/indecs.fi\/en\/","title":{"rendered":"Guild of Industrial Engineering and Management - Indecs"},"content":{"rendered":"<div class=\"wp-block-cover alignwide has-parallax\" style=\"min-height:444px;aspect-ratio:unset;\"><span aria-hidden=\"true\" class=\"wp-block-cover__background has-background-dim-70 has-background-dim\"><\/span><div class=\"wp-block-cover__image-background wp-image-3885 has-parallax\" style=\"background-position:50% 50%;background-image:url(https:\/\/indecs.fi\/wp-content\/uploads\/2023\/09\/sauva_cropped.jpg)\"><\/div><div class=\"wp-block-cover__inner-container is-layout-flow wp-block-cover-is-layout-flow\">\n<h2 class=\"wp-block-heading has-text-align-center\">Tuotantotalouden kilta Indecs ry<\/h2>\n\n\n\n<div style=\"height:30px\" aria-hidden=\"true\" class=\"wp-block-spacer\"><\/div>\n\n\n\n<p class=\"has-text-align-center has-medium-font-size\" style=\"margin-top:var(--wp--preset--spacing--40);margin-right:var(--wp--preset--spacing--80);margin-bottom:var(--wp--preset--spacing--40);margin-left:var(--wp--preset--spacing--80)\">Indecs is the student organization (guild) for industrial engineering and management students in Tampere University. Indecs organizes a bunch of fun events for its members, supports them in their studies and influences the development of the university\u2019s curriculum.<br><br>Together with our partner organizations we organize company visitations, sauna nights and panel discussions.<br><br>Indecs was founded in the year 1986. You can read about our <a rel=\"noreferrer noopener\" href=\"https:\/\/indecs.fi\/en\/historiikkeli\/\" target=\"_blank\">history<\/a> , if you\u2019re interested in our journey.<\/p>\n\n\n\n<div style=\"height:30px\" aria-hidden=\"true\" class=\"wp-block-spacer\"><\/div>\n<\/div><\/div>\n\n\n\n<div class=\"wp-block-columns are-vertically-aligned-center has-text-color has-background is-layout-flex wp-container-core-columns-is-layout-7b3899f6 wp-block-columns-is-layout-flex\" style=\"color:#000000;background-color:#fffcfc00;padding-top:var(--wp--preset--spacing--20);padding-right:var(--wp--preset--spacing--20);padding-bottom:var(--wp--preset--spacing--20);padding-left:var(--wp--preset--spacing--20)\">\n<div class=\"wp-block-column is-vertically-aligned-center is-layout-flow wp-container-core-column-is-layout-b15f4bf2 wp-block-column-is-layout-flow\">\n<h3 class=\"wp-block-heading has-text-align-left\" style=\"font-size:clamp(15.747px, 0.984rem + ((1vw - 3.2px) * 0.645), 24px);line-height:1.3\"><strong><a rel=\"noreferrer noopener\" href=\"https:\/\/fuksille.indecs.fi\/\" target=\"_blank\">Freshmen \u2197<\/a><\/strong><\/h3>\n\n\n\n<p>Did you get to study here? Great! Here you'll find all the information you need.<br><\/p>\n<\/div>\n\n\n\n<div class=\"wp-block-column is-vertically-aligned-center is-layout-flow wp-container-core-column-is-layout-b15f4bf2 wp-block-column-is-layout-flow\">\n<h3 class=\"wp-block-heading has-text-align-left\" style=\"font-size:clamp(15.747px, 0.984rem + ((1vw - 3.2px) * 0.645), 24px);line-height:1.3\"><strong><a rel=\"noreferrer noopener\" href=\"https:\/\/alumni.indecs.fi\/\" target=\"_blank\">Alumni \u2197<\/a><\/strong><\/h3>\n\n\n\n<p>Graduated? Check out our alumni activities.<br><\/p>\n<\/div>\n\n\n\n<div class=\"wp-block-column is-vertically-aligned-center is-layout-flow wp-container-core-column-is-layout-b15f4bf2 wp-block-column-is-layout-flow\">\n<h3 class=\"wp-block-heading has-text-align-left\" style=\"font-size:clamp(15.747px, 0.984rem + ((1vw - 3.2px) * 0.645), 24px);line-height:1.3\"><strong><a rel=\"noreferrer noopener\" href=\"https:\/\/yrityksille.indecs.fi\/\" target=\"_blank\">Partner with us<\/a><\/strong><\/h3>\n\n\n\n<p>Would you be interested in partnering with us? Contact us!<\/p>\n<\/div>\n<\/div>\n\n\n\n<div class=\"wp-block-group has-global-padding is-layout-constrained wp-block-group-is-layout-constrained\">\n<h4 class=\"wp-block-heading\">Partnered with:<\/h4>\n\n\n<div  class=\"lgx_logo_slider_app_wrapper lgx-logo-slider-wp\"><div class=\"lgx-logo-wrapper  nav-position-b-center hover-zoomin\"  ><div class=\"owl-carousel lgx-logo-carousel\"  data-autoplaytimeout=\"4000\"  data-autoplayspeed=\"200\"  data-margin=\"32\"  data-loop=\"true\"  data-autoplay=\"true\"  data-autoplayhoverpause=\"true\"  data-dots=\"false\"  data-itemlarge=\"5\"  data-itemdesk=\"4\"  data-itemtablet=\"3\"  data-itemmobile=\"2\"  data-navlarge=\"false\"  data-navdesk=\"false\"  data-navtablet=\"false\"  data-navmobile=\"false\"  ><div class=\"item lgx-log-item\" ><div class=\"lgx-logo-item\" ><a href=\"https:\/\/atalent.fi\/\" target=\"_blank\"><img data-recalc-dims=\"1\" decoding=\"async\" class=\"lgx-logo-img skip-lazy\" src=\"https:\/\/i0.wp.com\/indecs.fi\/wp-content\/uploads\/yrityslogot\/aTalent_Logo_scaled.png?ssl=1\" style=\"max-width: 220px;max-height: 140px;\"   alt=\"\" title=\"aTalent\" \/><\/a><\/div><\/div><div class=\"item lgx-log-item\" ><div class=\"lgx-logo-item\" ><a href=\"https:\/\/www.columbiaroad.com\/\" target=\"_blank\"><img data-recalc-dims=\"1\" decoding=\"async\" class=\"lgx-logo-img skip-lazy\" src=\"https:\/\/i0.wp.com\/indecs.fi\/wp-content\/uploads\/2020\/12\/columbiaroad_scaled.png?ssl=1\" style=\"max-width: 220px;max-height: 140px;\"   alt=\"\" title=\"Columbia Road\" \/><\/a><\/div><\/div><div class=\"item lgx-log-item\" ><div class=\"lgx-logo-item\" ><a href=\"https:\/\/kpmg.com\/fi\/fi\/home.html\" target=\"_blank\"><img data-recalc-dims=\"1\" decoding=\"async\" class=\"lgx-logo-img skip-lazy\" src=\"https:\/\/i0.wp.com\/indecs.fi\/wp-content\/uploads\/2020\/12\/kpmg_scaled.png?ssl=1\" style=\"max-width: 220px;max-height: 140px;\"   alt=\"\" title=\"KPMG\" \/><\/a><\/div><\/div><div class=\"item lgx-log-item\" ><div class=\"lgx-logo-item\" ><a href=\"https:\/\/metso.com\/fi\" target=\"_blank\"><img data-recalc-dims=\"1\" decoding=\"async\" class=\"lgx-logo-img skip-lazy\" src=\"https:\/\/i0.wp.com\/indecs.fi\/wp-content\/uploads\/2023\/10\/metso_scaled.png?ssl=1\" style=\"max-width: 220px;max-height: 140px;\"   alt=\"\" title=\"Metso\" \/><\/a><\/div><\/div><div class=\"item lgx-log-item\" ><div class=\"lgx-logo-item\" ><a href=\"https:\/\/www.mckinsey.com\/fi\/\" target=\"_blank\"><img data-recalc-dims=\"1\" decoding=\"async\" class=\"lgx-logo-img skip-lazy\" src=\"https:\/\/i0.wp.com\/indecs.fi\/wp-content\/uploads\/2024\/02\/idGJaGczNB.png?ssl=1\" style=\"max-width: 220px;max-height: 140px;\"   alt=\"\" title=\"McKinsey & Company\" \/><\/a><\/div><\/div><div class=\"item lgx-log-item\" ><div class=\"lgx-logo-item\" ><a href=\"https:\/\/www.frameryacoustics.com\/fi\/\" target=\"_blank\"><img data-recalc-dims=\"1\" decoding=\"async\" class=\"lgx-logo-img skip-lazy\" src=\"https:\/\/i0.wp.com\/indecs.fi\/wp-content\/uploads\/yrityslogot\/framery_scaled.png?ssl=1\" style=\"max-width: 220px;max-height: 140px;\"   alt=\"\" title=\"Framery\" \/><\/a><\/div><\/div><div class=\"item lgx-log-item\" ><div class=\"lgx-logo-item\" ><a href=\"https:\/\/deloitte.com\" target=\"_blank\"><img data-recalc-dims=\"1\" decoding=\"async\" class=\"lgx-logo-img skip-lazy\" src=\"https:\/\/i0.wp.com\/indecs.fi\/wp-content\/uploads\/yrityslogot\/deloitte_scaled.png?ssl=1\" style=\"max-width: 220px;max-height: 140px;\"   alt=\"\" title=\"Deloitte\" \/><\/a><\/div><\/div><div class=\"item lgx-log-item\" ><div class=\"lgx-logo-item\" ><a href=\"https:\/\/www.pwc.fi\/\" target=\"_blank\"><img data-recalc-dims=\"1\" decoding=\"async\" class=\"lgx-logo-img skip-lazy\" src=\"https:\/\/i0.wp.com\/indecs.fi\/wp-content\/uploads\/2021\/09\/pwc_new_scaled.png?ssl=1\" style=\"max-width: 220px;max-height: 140px;\"   alt=\"\" title=\"PwC\" \/><\/a><\/div><\/div><div class=\"item lgx-log-item\" ><div class=\"lgx-logo-item\" ><a href=\"https:\/\/www.fastems.com\/\" target=\"_blank\"><img data-recalc-dims=\"1\" decoding=\"async\" class=\"lgx-logo-img skip-lazy\" src=\"https:\/\/i0.wp.com\/indecs.fi\/wp-content\/uploads\/yrityslogot\/fastems_scaled.png?ssl=1\" style=\"max-width: 220px;max-height: 140px;\"   alt=\"\" title=\"Fastems\" \/><\/a><\/div><\/div><div class=\"item lgx-log-item\" ><div class=\"lgx-logo-item\" ><a href=\"https:\/\/www.bain.com\/careers\/\" target=\"_blank\"><img data-recalc-dims=\"1\" decoding=\"async\" class=\"lgx-logo-img skip-lazy\" src=\"https:\/\/i0.wp.com\/indecs.fi\/wp-content\/uploads\/yrityslogot\/bain_scaled.png?ssl=1\" style=\"max-width: 220px;max-height: 140px;\"   alt=\"\" title=\"Bain & Company\" \/><\/a><\/div><\/div><div class=\"item lgx-log-item\" ><div class=\"lgx-logo-item\" ><a href=\"https:\/\/www.accenture.com\/fi-en\" target=\"_blank\"><img data-recalc-dims=\"1\" decoding=\"async\" class=\"lgx-logo-img skip-lazy\" src=\"https:\/\/i0.wp.com\/indecs.fi\/wp-content\/uploads\/yrityslogot\/accenture_scaled.png?ssl=1\" style=\"max-width: 220px;max-height: 140px;\"   alt=\"\" title=\"Accenture\" \/><\/a><\/div><\/div><div class=\"item lgx-log-item\" ><div class=\"lgx-logo-item\" ><a href=\"https:\/\/www.bcg.com\/nordics\" target=\"_blank\"><img data-recalc-dims=\"1\" decoding=\"async\" class=\"lgx-logo-img skip-lazy\" src=\"https:\/\/i0.wp.com\/indecs.fi\/wp-content\/uploads\/yrityslogot\/bcg_scaled.png?ssl=1\" style=\"max-width: 220px;max-height: 140px;\"   alt=\"\" title=\"BCG\" \/><\/a><\/div><\/div><div class=\"item lgx-log-item\" ><div class=\"lgx-logo-item\" ><img data-recalc-dims=\"1\" decoding=\"async\" class=\"lgx-logo-img skip-lazy\" src=\"https:\/\/i0.wp.com\/indecs.fi\/wp-content\/uploads\/2025\/01\/sap-logo.png?ssl=1\" style=\"max-width: 220px;max-height: 140px;\"   alt=\"\" title=\"SAP\" \/><\/div><\/div><div class=\"item lgx-log-item\" ><div class=\"lgx-logo-item\" ><a href=\"https:\/\/www.valor.fi\" target=\"_blank\"><img data-recalc-dims=\"1\" decoding=\"async\" class=\"lgx-logo-img skip-lazy\" src=\"https:\/\/i0.wp.com\/indecs.fi\/wp-content\/uploads\/yrityslogot\/valor_scaled.png?ssl=1\" style=\"max-width: 220px;max-height: 140px;\"   alt=\"\" title=\"Valor\" \/><\/a><\/div><\/div><div class=\"item lgx-log-item\" ><div class=\"lgx-logo-item\" ><a href=\"https:\/\/careers.abb\/finland\/fi\/\" target=\"_blank\"><img data-recalc-dims=\"1\" decoding=\"async\" class=\"lgx-logo-img skip-lazy\" src=\"https:\/\/i0.wp.com\/indecs.fi\/wp-content\/uploads\/yrityslogot\/abb_scaled.png?ssl=1\" style=\"max-width: 220px;max-height: 140px;\"   alt=\"\" title=\"ABB\" \/><\/a><\/div><\/div><div class=\"item lgx-log-item\" ><div class=\"lgx-logo-item\" ><a href=\"https:\/\/www.bearingpoint.com\/en-fi\/\" target=\"_blank\"><img data-recalc-dims=\"1\" decoding=\"async\" class=\"lgx-logo-img skip-lazy\" src=\"https:\/\/i0.wp.com\/indecs.fi\/wp-content\/uploads\/2020\/12\/bearingpoint_logotype_black_rgb.png?ssl=1\" style=\"max-width: 220px;max-height: 140px;\"   alt=\"\" title=\"BearingPoint\" \/><\/a><\/div><\/div><div class=\"item lgx-log-item\" ><div class=\"lgx-logo-item\" ><a href=\"https:\/\/august.fi\" target=\"_blank\"><img data-recalc-dims=\"1\" decoding=\"async\" class=\"lgx-logo-img skip-lazy\" src=\"https:\/\/i0.wp.com\/indecs.fi\/wp-content\/uploads\/2023\/08\/august.png?ssl=1\" style=\"max-width: 220px;max-height: 140px;\"   alt=\"\" title=\"August Associates\" \/><\/a><\/div><\/div><\/div><\/div><\/div>\n<\/div>","protected":false},"excerpt":{"rendered":"<p>Fuksille P\u00e4\u00e4sitk\u00f6 opiskelemaan t\u00e4nne? Huippua! T\u00e4\u00e4lt\u00e4 l\u00f6yd\u00e4t kaiken tarvittavan tiedon. Alumnille K\u00e4vik\u00f6 niinkin hassusti ett\u00e4 valmistuit? Suuntaa tutustumaan alumnitoimintaan. Yrityksille Olisitteko kiinnostuneita tekem\u00e4\u00e4n kanssamme yhteisty\u00f6t\u00e4? Ottakaa meihin yhteytt\u00e4! Yhteisty\u00f6ss\u00e4 mukana:<\/p>","protected":false},"author":1,"featured_media":1373,"parent":0,"menu_order":0,"comment_status":"closed","ping_status":"closed","template":"sivu-ilman-otsikkoa","meta":{"_uag_custom_page_level_css":"","advanced_seo_description":"","jetpack_seo_html_title":"","jetpack_seo_noindex":false,"_EventAllDay":false,"_EventTimezone":"","_EventStartDate":"","_EventEndDate":"","_EventStartDateUTC":"","_EventEndDateUTC":"","_EventShowMap":false,"_EventShowMapLink":false,"_EventURL":"","_EventCost":"","_EventCostDescription":"","_EventCurrencySymbol":"","_EventCurrencyCode":"","_EventCurrencyPosition":"","_EventDateTimeSeparator":"","_EventTimeRangeSeparator":"","_EventOrganizerID":[],"_EventVenueID":[],"_OrganizerEmail":"","_OrganizerPhone":"","_OrganizerWebsite":"","_VenueAddress":"","_VenueCity":"","_VenueCountry":"","_VenueProvince":"","_VenueState":"","_VenueZip":"","_VenuePhone":"","_VenueURL":"","_VenueStateProvince":"","_VenueLat":"","_VenueLng":"","_VenueShowMap":false,"_VenueShowMapLink":false,"footnotes":""},"categories":[],"tags":[],"class_list":["post-2","page","type-page","status-publish","has-post-thumbnail","hentry"],"uagb_featured_image_src":{"full":["https:\/\/i0.wp.com\/indecs.fi\/wp-content\/uploads\/2020\/12\/sauva.jpg?fit=2048%2C1367&ssl=1",2048,1367,false],"thumbnail":["https:\/\/i0.wp.com\/indecs.fi\/wp-content\/uploads\/2020\/12\/sauva.jpg?resize=128%2C85&ssl=1",128,85,true],"medium":["https:\/\/i0.wp.com\/indecs.fi\/wp-content\/uploads\/2020\/12\/sauva.jpg?fit=2048%2C1367&ssl=1",2048,1367,true],"medium_large":["https:\/\/i0.wp.com\/indecs.fi\/wp-content\/uploads\/2020\/12\/sauva.jpg?fit=768%2C513&ssl=1",768,513,true],"large":["https:\/\/i0.wp.com\/indecs.fi\/wp-content\/uploads\/2020\/12\/sauva.jpg?fit=1024%2C684&ssl=1",1024,684,true],"1536x1536":["https:\/\/i0.wp.com\/indecs.fi\/wp-content\/uploads\/2020\/12\/sauva.jpg?fit=1536%2C1025&ssl=1",1536,1025,true],"2048x2048":["https:\/\/i0.wp.com\/indecs.fi\/wp-content\/uploads\/2020\/12\/sauva.jpg?fit=2048%2C1367&ssl=1",2048,1367,true],"trp-custom-language-flag":["https:\/\/i0.wp.com\/indecs.fi\/wp-content\/uploads\/2020\/12\/sauva.jpg?fit=18%2C12&ssl=1",18,12,true]},"uagb_author_info":{"display_name":"Datatoimari","author_link":"https:\/\/indecs.fi\/en\/author\/datatoimari\/"},"uagb_comment_info":0,"uagb_excerpt":"Fuksille P\u00e4\u00e4sitk\u00f6 opiskelemaan t\u00e4nne? Huippua! T\u00e4\u00e4lt\u00e4 l\u00f6yd\u00e4t kaiken tarvittavan tiedon. Alumnille K\u00e4vik\u00f6 niinkin hassusti ett\u00e4 valmistuit? Suuntaa tutustumaan alumnitoimintaan. Yrityksille Olisitteko kiinnostuneita tekem\u00e4\u00e4n kanssamme yhteisty\u00f6t\u00e4? Ottakaa meihin yhteytt\u00e4! Yhteisty\u00f6ss\u00e4 mukana:","_links":{"self":[{"href":"https:\/\/indecs.fi\/en\/wp-json\/wp\/v2\/pages\/2","targetHints":{"allow":["GET"]}}],"collection":[{"href":"https:\/\/indecs.fi\/en\/wp-json\/wp\/v2\/pages"}],"about":[{"href":"https:\/\/indecs.fi\/en\/wp-json\/wp\/v2\/types\/page"}],"author":[{"embeddable":true,"href":"https:\/\/indecs.fi\/en\/wp-json\/wp\/v2\/users\/1"}],"replies":[{"embeddable":true,"href":"https:\/\/indecs.fi\/en\/wp-json\/wp\/v2\/comments?post=2"}],"version-history":[{"count":95,"href":"https:\/\/indecs.fi\/en\/wp-json\/wp\/v2\/pages\/2\/revisions"}],"predecessor-version":[{"id":5262,"href":"https:\/\/indecs.fi\/en\/wp-json\/wp\/v2\/pages\/2\/revisions\/5262"}],"wp:featuredmedia":[{"embeddable":true,"href":"https:\/\/indecs.fi\/en\/wp-json\/wp\/v2\/media\/1373"}],"wp:attachment":[{"href":"https:\/\/indecs.fi\/en\/wp-json\/wp\/v2\/media?parent=2"}],"wp:term":[{"taxonomy":"category","embeddable":true,"href":"https:\/\/indecs.fi\/en\/wp-json\/wp\/v2\/categories?post=2"},{"taxonomy":"post_tag","embeddable":true,"href":"https:\/\/indecs.fi\/en\/wp-json\/wp\/v2\/tags?post=2"}],"curies":[{"name":"wp","href":"https:\/\/api.w.org\/{rel}","templated":true}]}}