{"id":2245,"date":"2021-09-27T13:58:52","date_gmt":"2021-09-27T11:58:52","guid":{"rendered":"https:\/\/indecs.fi\/?page_id=2245"},"modified":"2023-09-13T15:19:58","modified_gmt":"2023-09-13T12:19:58","slug":"kansainvalistyminen","status":"publish","type":"page","link":"https:\/\/indecs.fi\/en\/kansainvalistyminen\/","title":{"rendered":"Internationalisation"},"content":{"rendered":"<p>Indecs ensures that its members have the opportunity to gain valuable international experience, both at home and abroad. The Guild organises several international events a year, such as International Sits and an ice hole swimming sauna, together with international Master's students in Business &amp; Technology and Safety Management and Engineering. In addition, Indecs is a member of ESTIEM, European Students of Industrial Engineering and Management, which allows our members a much cheaper way to travel to events of around a week's duration, with content ranging from full-on fun to prestigious subject matter.<\/p>\n\n\n\n<h2 class=\"wp-block-heading\">How do I go international?<\/h2>\n\n\n\n<ul class=\"wp-block-list\"><li>Participate in Indecs' and Tampere University's international events<\/li><li class=\" translation-block\">Participate in <a href=\"https:\/\/indecs.fi\/estiem\/\" target=\"_self\">ESTIEM<\/a> activity<\/li><li class=\" translation-block\">Go on  <a rel=\"noreferrer noopener\" href=\"https:\/\/www.tuni.fi\/fi\/tutustu-meihin\/kansainvalisen-liikkuvuuden-palvelut\" target=\"_blank\">an exhange<\/a> or work placement abroad<\/li><li class=\" translation-block\">Choose an international major for your masters phase<\/li><li class=\" translation-block\">Take advantage of the university's language teaching facilities<\/li><\/ul>","protected":false},"excerpt":{"rendered":"<p>Indecs pit\u00e4\u00e4 huolen, ett\u00e4 sen j\u00e4senill\u00e4 on mahdollisuus hankkia arvokasta kokemusta kansainv\u00e4lisest\u00e4 kanssak\u00e4ymisest\u00e4 niin kotikampuksella kuin ulkomaillakin. Kilta j\u00e4rjest\u00e4\u00e4 useita KV-tapahtumia vuodessa, kuten esimerkiksi KV-sitsit ja avantouintisaunan yhdess\u00e4 kansainv\u00e4list\u00e4 maisteriohjelmaa [&hellip;]<\/p>","protected":false},"author":2,"featured_media":0,"parent":0,"menu_order":0,"comment_status":"closed","ping_status":"closed","template":"","meta":{"_uag_custom_page_level_css":"","advanced_seo_description":"","jetpack_seo_html_title":"","jetpack_seo_noindex":false,"_EventAllDay":false,"_EventTimezone":"","_EventStartDate":"","_EventEndDate":"","_EventStartDateUTC":"","_EventEndDateUTC":"","_EventShowMap":false,"_EventShowMapLink":false,"_EventURL":"","_EventCost":"","_EventCostDescription":"","_EventCurrencySymbol":"","_EventCurrencyCode":"","_EventCurrencyPosition":"","_EventDateTimeSeparator":"","_EventTimeRangeSeparator":"","_EventOrganizerID":[],"_EventVenueID":[],"_OrganizerEmail":"","_OrganizerPhone":"","_OrganizerWebsite":"","_VenueAddress":"","_VenueCity":"","_VenueCountry":"","_VenueProvince":"","_VenueState":"","_VenueZip":"","_VenuePhone":"","_VenueURL":"","_VenueStateProvince":"","_VenueLat":"","_VenueLng":"","_VenueShowMap":false,"_VenueShowMapLink":false,"footnotes":""},"categories":[],"tags":[],"class_list":["post-2245","page","type-page","status-publish","hentry"],"uagb_featured_image_src":{"full":false,"thumbnail":false,"medium":false,"medium_large":false,"large":false,"1536x1536":false,"2048x2048":false,"trp-custom-language-flag":false},"uagb_author_info":{"display_name":"","author_link":"https:\/\/indecs.fi\/en\/author\/"},"uagb_comment_info":0,"uagb_excerpt":"Indecs pit\u00e4\u00e4 huolen, ett\u00e4 sen j\u00e4senill\u00e4 on mahdollisuus hankkia arvokasta kokemusta kansainv\u00e4lisest\u00e4 kanssak\u00e4ymisest\u00e4 niin kotikampuksella kuin ulkomaillakin. Kilta j\u00e4rjest\u00e4\u00e4 useita KV-tapahtumia vuodessa, kuten esimerkiksi KV-sitsit ja avantouintisaunan yhdess\u00e4 kansainv\u00e4list\u00e4 maisteriohjelmaa [&hellip;]","_links":{"self":[{"href":"https:\/\/indecs.fi\/en\/wp-json\/wp\/v2\/pages\/2245"}],"collection":[{"href":"https:\/\/indecs.fi\/en\/wp-json\/wp\/v2\/pages"}],"about":[{"href":"https:\/\/indecs.fi\/en\/wp-json\/wp\/v2\/types\/page"}],"author":[{"embeddable":true,"href":"https:\/\/indecs.fi\/en\/wp-json\/wp\/v2\/users\/2"}],"replies":[{"embeddable":true,"href":"https:\/\/indecs.fi\/en\/wp-json\/wp\/v2\/comments?post=2245"}],"version-history":[{"count":11,"href":"https:\/\/indecs.fi\/en\/wp-json\/wp\/v2\/pages\/2245\/revisions"}],"predecessor-version":[{"id":2490,"href":"https:\/\/indecs.fi\/en\/wp-json\/wp\/v2\/pages\/2245\/revisions\/2490"}],"wp:attachment":[{"href":"https:\/\/indecs.fi\/en\/wp-json\/wp\/v2\/media?parent=2245"}],"wp:term":[{"taxonomy":"category","embeddable":true,"href":"https:\/\/indecs.fi\/en\/wp-json\/wp\/v2\/categories?post=2245"},{"taxonomy":"post_tag","embeddable":true,"href":"https:\/\/indecs.fi\/en\/wp-json\/wp\/v2\/tags?post=2245"}],"curies":[{"name":"wp","href":"https:\/\/api.w.org\/{rel}","templated":true}]}}