{"id":2252,"date":"2021-09-27T14:25:36","date_gmt":"2021-09-27T12:25:36","guid":{"rendered":"https:\/\/indecs.fi\/?page_id=2252"},"modified":"2026-01-18T20:31:50","modified_gmt":"2026-01-18T18:31:50","slug":"estiem","status":"publish","type":"page","link":"https:\/\/indecs.fi\/en\/estiem\/","title":{"rendered":"ESTIEM"},"content":{"rendered":"<figure class=\"wp-block-image size-full is-resized\"><img data-recalc-dims=\"1\" loading=\"lazy\" decoding=\"async\" width=\"1124\" height=\"754\" src=\"https:\/\/i0.wp.com\/indecs.fi\/wp-content\/uploads\/2026\/01\/estiemkuva.jpg?resize=1124%2C754&#038;ssl=1\" alt=\"\" class=\"wp-image-5587\" style=\"width:auto;height:500px\" srcset=\"https:\/\/i0.wp.com\/indecs.fi\/wp-content\/uploads\/2026\/01\/estiemkuva.jpg?w=1124&amp;ssl=1 1124w, https:\/\/i0.wp.com\/indecs.fi\/wp-content\/uploads\/2026\/01\/estiemkuva.jpg?resize=18%2C12&amp;ssl=1 18w\" sizes=\"(max-width: 1000px) 100vw, 1000px\" \/><\/figure>\n\n\n\n<p>ESTIEM eli European Students of Industrial Engineering and Management on j\u00e4rjest\u00f6, joka yhdist\u00e4\u00e4 Euroopan laajuisesti tuotantotalouden opiskelijoita. ESTIEMin tavoitteena on luoda ja yll\u00e4pit\u00e4\u00e4 opiskelijoiden kansainv\u00e4list\u00e4 verkostoa ja tukea heit\u00e4 heid\u00e4n henkil\u00f6kohtaisessa ja ammatillisessa kehityksess\u00e4\u00e4n.<\/p>\n\n\n\n<p>ESTIEM-verkostoon kuuluu t\u00e4ll\u00e4 hetkell\u00e4 noin 80 paikallisj\u00e4rjest\u00f6\u00e4 eli Local Groupia noin 30 eri maassa. Yhteens\u00e4 ESTIEM tavoittaa noin 50 000 tuotantotalouden opiskelijaa. Local Group Tampereen muodostavat Indecs sek\u00e4 tietojohtajakilta <a rel=\"noreferrer noopener\" href=\"https:\/\/www.tietojohtajakilta.net\/\" target=\"_blank\">Man@ger<\/a>.<\/p>\n\n\n\n<p><\/p>\n\n\n\n<h2 class=\"wp-block-heading\">Mit\u00e4 ESTIEM tarjoaa opiskelijalle?<\/h2>\n\n\n\n<p>ESTIEM j\u00e4rjest\u00e4\u00e4 vuosittain kymmeni\u00e4 tapahtumia, joiden sis\u00e4lt\u00f6 vaihtelee projektin mukaan 100 % hauskanpidosta t\u00e4yteen asiasis\u00e4lt\u00f6\u00f6n. Jokainen tapahtuma on jonkin Local Groupin j\u00e4rjest\u00e4m\u00e4. LG Tampere on aktiivinen tapahtumaj\u00e4rjest\u00e4j\u00e4.<\/p>\n\n\n\n<p>Voit valita itse\u00e4si kiinnostavan tapahtuman sen juhla-, kulttuuri- tai asiapainottumisen mukaan. Osallistumalla tapahtumaan tulee ESTIEM spirit sinulle tutuksi. ESTIEM on suuri perhe, joka ottaa ensikertalaisetkin l\u00e4mpim\u00e4sti vastaan!<\/p>\n\n\n\n<p><\/p>\n\n\n\n<h2 class=\"wp-block-heading\">Mit\u00e4 hy\u00f6ty\u00e4 ESTIEM-toiminnasta on opiskelijalle?<\/h2>\n\n\n\n<ol class=\"wp-block-list\">\n<li>Saat harjoittaa englannin kielen taitojasi (ja mahdollisesti muitakin kieli\u00e4)<\/li>\n\n\n\n<li>Kohtaat kulttuureita aina Turkista Portugaliin<\/li>\n\n\n\n<li>Saat kansainv\u00e4lisi\u00e4 yst\u00e4vi\u00e4 ja kontakteja<\/li>\n\n\n\n<li>Tapahtumien asiasis\u00e4lt\u00f6 on hyvin arvostettua ja n\u00e4ytt\u00e4\u00e4 hyv\u00e4lt\u00e4 CV:ss\u00e4<\/li>\n\n\n\n<li>P\u00e4\u00e4set matkustamaan halvalla!\n<ul class=\"wp-block-list\">\n<li>Osallistumismaksu on usein 30-120 \u20ac (sis\u00e4lt\u00e4\u00e4 tapahtuman sis\u00e4iset matkat, majoituksen, ruuat ja ohjelman). Matkat tapahtumaan mukaan laskien kokonaiskustannuksiksi muodostuu siis yleens\u00e4 vain 100\u2013400 \u20ac.<\/li>\n\n\n\n<li>Ensimm\u00e4iselle ESTIEM-matkalleen (pois lukien LGE) l\u00e4htev\u00e4lle kiltalaiselle (j\u00e4sen ja opiskelee tuotantotaloutta p\u00e4\u00e4aineenaan Tampereella) Indecs tarjoaa my\u00f6s 100 \u20ac ensikertalaistuen.<\/li>\n<\/ul>\n<\/li>\n<\/ol>\n\n\n\n<figure class=\"wp-block-image aligncenter\"><img data-recalc-dims=\"1\" loading=\"lazy\" decoding=\"async\" width=\"500\" height=\"104\" src=\"https:\/\/i0.wp.com\/indecs.fi\/wp-content\/uploads\/2023\/01\/ESTIEM_Logo_2.png?resize=500%2C104&#038;ssl=1\" alt=\"Estiem-logo\" class=\"wp-image-2950\"\/><\/figure>\n\n\n\n<h2 class=\"wp-block-heading\">ESTIEM-projektit<\/h2>\n\n\n\n<p>Tarkista tulevien tapahtumien ajankohdat ESTIEMin portaalista! Jos jonkin tapahtuman j\u00e4rjest\u00e4minen kiinnostaa, ota yhteytt\u00e4 killan KV-vastaavaan. T\u00e4ss\u00e4 on esiteltyn\u00e4 toistuvia ESTIEM-projekteja.<\/p>\n\n\n\n<h3 class=\"wp-block-heading\">Academic Days<\/h3>\n\n\n\n<p>Academic Days -tapahtumat on suunniteltu opiskelijoille, jotka haluavat t\u00e4ydent\u00e4\u00e4 opintojaan syv\u00e4llisell\u00e4 ymm\u00e4rryksell\u00e4 tuotantotalouteen liittyv\u00e4st\u00e4 aiheesta ja soveltamalla t\u00e4t\u00e4 ymm\u00e4rryst\u00e4 tosiper\u00e4isiss\u00e4 tilanteissa. AD-tapahtuma keskittyy aiheeseen, joka kuuluu Local Groupin yliopiston erityisosaamisalueelle. Aihetta k\u00e4sitell\u00e4\u00e4n niin teoreettisesti kuin k\u00e4yt\u00e4nn\u00f6ss\u00e4, samalla kun osallistujien oppimista ja ymm\u00e4rryst\u00e4 seurataan jatkuvasti palautesessioissa. Osallistujille asetetaan oppimistavoitteita, joita ryhm\u00e4 itse ja mentoroiva professori seuraa. N\u00e4in varmistetaan akateemisen sis\u00e4ll\u00f6n siirtyminen syv\u00e4ksi ymm\u00e4rrykseksi.<\/p>\n\n\n\n<div class=\"wp-block-columns is-layout-flex wp-container-core-columns-is-layout-1 wp-block-columns-is-layout-flex\">\n<div class=\"wp-block-column is-layout-flow wp-block-column-is-layout-flow\">\n<figure class=\"wp-block-image aligncenter size-full wp-duotone-a60072-205e44-1\"><img data-recalc-dims=\"1\" loading=\"lazy\" decoding=\"async\" width=\"434\" height=\"85\" src=\"https:\/\/i0.wp.com\/indecs.fi\/wp-content\/uploads\/2023\/08\/academicdays.png?resize=434%2C85&#038;ssl=1\" alt=\"\" class=\"wp-image-3667\" srcset=\"https:\/\/i0.wp.com\/indecs.fi\/wp-content\/uploads\/2023\/08\/academicdays.png?w=434&amp;ssl=1 434w, https:\/\/i0.wp.com\/indecs.fi\/wp-content\/uploads\/2023\/08\/academicdays.png?resize=18%2C4&amp;ssl=1 18w\" sizes=\"(max-width: 434px) 100vw, 434px\" \/><\/figure>\n<\/div>\n\n\n\n<div class=\"wp-block-column is-layout-flow wp-block-column-is-layout-flow\">\n<p class=\"has-text-align-center\"><strong>Hauskanpito:<\/strong><br>3\/5<\/p>\n<\/div>\n\n\n\n<div class=\"wp-block-column is-layout-flow wp-block-column-is-layout-flow\">\n<p class=\"has-text-align-center\"><strong>Asiasis\u00e4lt\u00f6:<\/strong><br>5\/5<\/p>\n<\/div>\n\n\n\n<div class=\"wp-block-column is-layout-flow wp-block-column-is-layout-flow\">\n<p class=\"has-text-align-center\"><strong>Kulttuuri:<\/strong><br>2\/5<\/p>\n<\/div>\n<\/div>\n\n\n\n<p><\/p>\n\n\n\n<h3 class=\"wp-block-heading\">Activity Week<\/h3>\n\n\n\n<p>Activity Week on tapahtuma, jossa on vain ja ainoastaan tarkoitus pit\u00e4\u00e4 hauskaa is\u00e4nt\u00e4maan edustajien kanssa ja nauttia kulttuurista. Tapahtuma voi sis\u00e4lt\u00e4\u00e4 esimerkiksi vesihiihtoa, paikallisia urheilulajeja, opiskelukulttuuria tai vaikkapa vuorikiipeily\u00e4. Loistava tapa rentoutua: huolehdit vain, ett\u00e4 seuraat valmista ohjelmaa ja pid\u00e4t hauskaa samanmielisten eurooppalaisten tuta-opiskelijoiden kanssa!<\/p>\n\n\n\n<div class=\"wp-block-columns is-layout-flex wp-container-core-columns-is-layout-2 wp-block-columns-is-layout-flex\">\n<div class=\"wp-block-column is-layout-flow wp-block-column-is-layout-flow\"><\/div>\n\n\n\n<div class=\"wp-block-column is-layout-flow wp-block-column-is-layout-flow\">\n<p class=\"has-text-align-center\"><strong>Hauskanpito:<\/strong><br>5\/5<\/p>\n<\/div>\n\n\n\n<div class=\"wp-block-column is-layout-flow wp-block-column-is-layout-flow\">\n<p class=\"has-text-align-center\"><strong>Asiasis\u00e4lt\u00f6:<\/strong><br>0\/5<\/p>\n<\/div>\n\n\n\n<div class=\"wp-block-column is-layout-flow wp-block-column-is-layout-flow\">\n<p class=\"has-text-align-center\"><strong>Kulttuuri:<\/strong><br>4\/5<\/p>\n<\/div>\n<\/div>\n\n\n\n<p class=\"has-text-align-center\"><\/p>\n\n\n\n<h3 class=\"wp-block-heading\">BrainTrainer<\/h3>\n\n\n\n<p>BrainTrainer-projektin tarkoitus on kehitt\u00e4\u00e4 osallistujien \u201dpehmeit\u00e4 taitoja\u201d eli johtajuus-, esiintymis-, business- ja vuorovaikutustaitoja. Tapahtuman kouluttajat ovat ammattilaisia tai ESTIEMin omia kouluttajia, jotka voivat olla alalla kokeneita opiskelijoita tai ty\u00f6el\u00e4m\u00e4\u00e4n siirtyneit\u00e4 ESTIEM-alumneja. Tavallisesti noin viikon kest\u00e4v\u00e4 BrainTrainer-tapahtuma sis\u00e4lt\u00e4\u00e4 kolmesta nelj\u00e4\u00e4n 1\u20132 p\u00e4iv\u00e4\u00e4 kest\u00e4v\u00e4\u00e4 koulutussessiota. Tapahtumaan kuuluu my\u00f6s opittujen taitojen soveltaminen k\u00e4yt\u00e4nn\u00f6ss\u00e4.<\/p>\n\n\n\n<div class=\"wp-block-columns is-layout-flex wp-container-core-columns-is-layout-3 wp-block-columns-is-layout-flex\">\n<div class=\"wp-block-column is-layout-flow wp-block-column-is-layout-flow\">\n<figure class=\"wp-block-image aligncenter size-full is-resized wp-duotone-a60072-205e44-2\"><img data-recalc-dims=\"1\" loading=\"lazy\" decoding=\"async\" width=\"226\" height=\"88\" src=\"https:\/\/i0.wp.com\/indecs.fi\/wp-content\/uploads\/2023\/08\/braintrainer.png?resize=226%2C88&#038;ssl=1\" alt=\"\" class=\"wp-image-3663\" style=\"width:129px;height:50px\" srcset=\"https:\/\/i0.wp.com\/indecs.fi\/wp-content\/uploads\/2023\/08\/braintrainer.png?w=226&amp;ssl=1 226w, https:\/\/i0.wp.com\/indecs.fi\/wp-content\/uploads\/2023\/08\/braintrainer.png?resize=18%2C7&amp;ssl=1 18w\" sizes=\"(max-width: 226px) 100vw, 226px\" \/><\/figure>\n<\/div>\n\n\n\n<div class=\"wp-block-column is-layout-flow wp-block-column-is-layout-flow\">\n<p class=\"has-text-align-center\"><strong>Hauskanpito:<\/strong><br>2\/5<\/p>\n<\/div>\n\n\n\n<div class=\"wp-block-column is-layout-flow wp-block-column-is-layout-flow\">\n<p class=\"has-text-align-center\"><strong>Asiasis\u00e4lt\u00f6:<\/strong><br>3\/5<\/p>\n<\/div>\n\n\n\n<div class=\"wp-block-column is-layout-flow wp-block-column-is-layout-flow\">\n<p class=\"has-text-align-center\"><strong>Kulttuuri:<\/strong><br>3\/5<\/p>\n<\/div>\n<\/div>\n\n\n\n<p><\/p>\n\n\n\n<h3 class=\"wp-block-heading\">Europe3D<\/h3>\n\n\n\n<p>Europe3D-tapahtumassa p\u00e4\u00e4set tutustumaan is\u00e4nt\u00e4valtioon k\u00e4dest\u00e4 pit\u00e4en ja syv\u00e4llisesti. Projektin nimen kolme dimensiota viittaavat tapahtumien kolmeen fokukseen: talous, kulttuuri ja politiikka. P\u00e4\u00e4set kokemaan luentoja asiantuntijoilta ja poliitikoilta, workshoppeja kulttuurienv\u00e4lisest\u00e4 kommunikaatiosta, vierailu parlamenttiin ja niin edelleen. Aina voit matkustaa yksin, mutta Europe3D:n avulla maksat v\u00e4hemm\u00e4n ja saat syv\u00e4llisemm\u00e4n k\u00e4sityksen maasta natiivien kertomana.<\/p>\n\n\n\n<div class=\"wp-block-columns is-layout-flex wp-container-core-columns-is-layout-4 wp-block-columns-is-layout-flex\">\n<div class=\"wp-block-column is-layout-flow wp-block-column-is-layout-flow\">\n<figure class=\"wp-block-image aligncenter size-full wp-duotone-a60072-205e44-3\"><img data-recalc-dims=\"1\" loading=\"lazy\" decoding=\"async\" width=\"226\" height=\"85\" src=\"https:\/\/i0.wp.com\/indecs.fi\/wp-content\/uploads\/2023\/08\/europe3d.png?resize=226%2C85&#038;ssl=1\" alt=\"\" class=\"wp-image-3662\" srcset=\"https:\/\/i0.wp.com\/indecs.fi\/wp-content\/uploads\/2023\/08\/europe3d.png?w=226&amp;ssl=1 226w, https:\/\/i0.wp.com\/indecs.fi\/wp-content\/uploads\/2023\/08\/europe3d.png?resize=18%2C7&amp;ssl=1 18w\" sizes=\"(max-width: 226px) 100vw, 226px\" \/><\/figure>\n<\/div>\n\n\n\n<div class=\"wp-block-column is-layout-flow wp-block-column-is-layout-flow\">\n<p class=\"has-text-align-center\"><strong>Hauskanpito:<\/strong><br>3\/5<\/p>\n<\/div>\n\n\n\n<div class=\"wp-block-column is-layout-flow wp-block-column-is-layout-flow\">\n<p class=\"has-text-align-center\"><strong>Asiasis\u00e4lt\u00f6:<\/strong><br>2\/5<\/p>\n<\/div>\n\n\n\n<div class=\"wp-block-column is-layout-flow wp-block-column-is-layout-flow\">\n<p class=\"has-text-align-center\"><strong>Kulttuuri:<\/strong><br>5\/5<\/p>\n<\/div>\n<\/div>\n\n\n\n<p><\/p>\n\n\n\n<h3 class=\"wp-block-heading\">Summer Academy<\/h3>\n\n\n\n<p>Summer Academy ker\u00e4\u00e4 noin 14 osallistujaa kahdeksi viikoksi rauhalliseen lokaatioon hiukan sivussa kaupunkien melusta ja kiireest\u00e4. Tarkoituksena on kehitt\u00e4\u00e4 omia vuorovaikutus- ja bisnestaitoja eritt\u00e4in korkeatasoisen mentorin koulutettavana. Rauhallinen sijainti antaa sijaa omien ajatusten kehitt\u00e4miselle, rentoutumiselle, keskustelulle ja vapaalle oppimiselle ryhm\u00e4n ja mentorin kesken. Summer Academy on yksi arvostetuimpia ESTIEM-tapahtumia, joka kehitt\u00e4\u00e4 ammatillisia valmiuksiasi ja antaa kokemuksen, jolla erotut muista.<\/p>\n\n\n\n<div class=\"wp-block-columns is-layout-flex wp-container-core-columns-is-layout-5 wp-block-columns-is-layout-flex\">\n<div class=\"wp-block-column is-layout-flow wp-block-column-is-layout-flow\">\n<figure class=\"wp-block-image aligncenter size-full wp-duotone-a60072-205e44-4\"><img data-recalc-dims=\"1\" loading=\"lazy\" decoding=\"async\" width=\"226\" height=\"85\" src=\"https:\/\/i0.wp.com\/indecs.fi\/wp-content\/uploads\/2023\/08\/summeracademy.png?resize=226%2C85&#038;ssl=1\" alt=\"\" class=\"wp-image-3661\" srcset=\"https:\/\/i0.wp.com\/indecs.fi\/wp-content\/uploads\/2023\/08\/summeracademy.png?w=226&amp;ssl=1 226w, https:\/\/i0.wp.com\/indecs.fi\/wp-content\/uploads\/2023\/08\/summeracademy.png?resize=18%2C7&amp;ssl=1 18w\" sizes=\"(max-width: 226px) 100vw, 226px\" \/><\/figure>\n<\/div>\n\n\n\n<div class=\"wp-block-column is-layout-flow wp-block-column-is-layout-flow\">\n<p class=\"has-text-align-center\"><strong>Hauskanpito:<\/strong><br>2\/5<\/p>\n<\/div>\n\n\n\n<div class=\"wp-block-column is-layout-flow wp-block-column-is-layout-flow\">\n<p class=\"has-text-align-center\"><strong>Asiasis\u00e4lt\u00f6:<\/strong><br>5\/5<\/p>\n<\/div>\n\n\n\n<div class=\"wp-block-column is-layout-flow wp-block-column-is-layout-flow\">\n<p class=\"has-text-align-center\"><strong>Kulttuuri:<\/strong><br>3\/5<\/p>\n<\/div>\n<\/div>\n\n\n\n<p><\/p>\n\n\n\n<p><\/p>\n\n\n\n<h3 class=\"wp-block-heading\">TIMES<\/h3>\n\n\n\n<p>TIMES on ESTIEMin ja Local Groupien j\u00e4rjest\u00e4m\u00e4 Business Case-ratkontakilpailu. Joka syksy, jokainen Local Group j\u00e4rjest\u00e4\u00e4 paikalliskarsinnat, joihin kuka tahansa voi hakea muodostettuaan 3\u20134 hengen joukkueen. Paikalliskarsintoihin mahtuu 6\u20138 joukkuetta. Karsinnan voittaja p\u00e4\u00e4see jatkoon ja matkustaa tiedekunnan kustantamana semifinaaliin, joita j\u00e4rjestet\u00e4\u00e4n 7\u20138 kappaletta ymp\u00e4ri Eurooppaa. Semifinaalien voittajat p\u00e4\u00e4sev\u00e4t finaaliin, joka pidet\u00e4\u00e4n joka vuosi eri paikassa. TIMES-kilpailun voittajat kruunataan IEM Student of the Year -arvonimell\u00e4, ja on sanomattakin selv\u00e4\u00e4, ett\u00e4 he ovat kovaa tavaraa ty\u00f6markkinoilla.<\/p>\n\n\n\n<div class=\"wp-block-columns is-layout-flex wp-container-core-columns-is-layout-6 wp-block-columns-is-layout-flex\">\n<div class=\"wp-block-column is-layout-flow wp-block-column-is-layout-flow\">\n<figure class=\"wp-block-image aligncenter size-full wp-duotone-a60072-205e44-5\"><img data-recalc-dims=\"1\" loading=\"lazy\" decoding=\"async\" width=\"226\" height=\"85\" src=\"https:\/\/i0.wp.com\/indecs.fi\/wp-content\/uploads\/2023\/08\/times.png?resize=226%2C85&#038;ssl=1\" alt=\"\" class=\"wp-image-3665\" srcset=\"https:\/\/i0.wp.com\/indecs.fi\/wp-content\/uploads\/2023\/08\/times.png?w=226&amp;ssl=1 226w, https:\/\/i0.wp.com\/indecs.fi\/wp-content\/uploads\/2023\/08\/times.png?resize=18%2C7&amp;ssl=1 18w\" sizes=\"(max-width: 226px) 100vw, 226px\" \/><\/figure>\n<\/div>\n\n\n\n<div class=\"wp-block-column is-layout-flow wp-block-column-is-layout-flow\">\n<p class=\"has-text-align-center\"><strong>Hauskanpito:<\/strong><br>2\/5<\/p>\n<\/div>\n\n\n\n<div class=\"wp-block-column is-layout-flow wp-block-column-is-layout-flow\">\n<p class=\"has-text-align-center\"><strong>Asiasis\u00e4lt\u00f6:<\/strong><br>5\/5<\/p>\n<\/div>\n\n\n\n<div class=\"wp-block-column is-layout-flow wp-block-column-is-layout-flow\">\n<p class=\"has-text-align-center\"><strong>Kulttuuri:<\/strong><br>1\/5<\/p>\n<\/div>\n<\/div>\n\n\n\n<p><\/p>\n\n\n\n<h3 class=\"wp-block-heading\">Vision<\/h3>\n\n\n\n<p>Vision-projekti koostuu vuoden mittaisesta seminaarisarjasta tiettyyn p\u00e4\u00e4aiheeseen liittyen. Tapahtumien tavoitteena on tutkia innovatiivisia l\u00e4hestymistapoja ja ty\u00f6kaluja, joilla k\u00e4sitell\u00e4 nykyhetken trendej\u00e4 ja nousevia ongelmia, ja samalla luoda yhteyksi\u00e4 opiskelijoiden ja ty\u00f6maailman v\u00e4lille. Seminaarisarjan jokainen etappi antaa projektille oman s\u00e4v\u00e4yksens\u00e4, kun j\u00e4rjest\u00e4v\u00e4 Local Group esitt\u00e4\u00e4 p\u00e4\u00e4aiheen omasta paikallisesta n\u00e4k\u00f6kulmastaan.<\/p>\n\n\n\n<div class=\"wp-block-columns is-layout-flex wp-container-core-columns-is-layout-7 wp-block-columns-is-layout-flex\">\n<div class=\"wp-block-column is-layout-flow wp-block-column-is-layout-flow\">\n<figure class=\"wp-block-image aligncenter size-full is-resized wp-duotone-a60072-205e44-6\"><img data-recalc-dims=\"1\" loading=\"lazy\" decoding=\"async\" width=\"200\" height=\"51\" src=\"https:\/\/i0.wp.com\/indecs.fi\/wp-content\/uploads\/2023\/08\/vision.png?resize=200%2C51&#038;ssl=1\" alt=\"\" class=\"wp-image-3666\" style=\"width:118px;height:30px\" srcset=\"https:\/\/i0.wp.com\/indecs.fi\/wp-content\/uploads\/2023\/08\/vision.png?w=200&amp;ssl=1 200w, https:\/\/i0.wp.com\/indecs.fi\/wp-content\/uploads\/2023\/08\/vision.png?resize=18%2C5&amp;ssl=1 18w\" sizes=\"(max-width: 200px) 100vw, 200px\" \/><\/figure>\n<\/div>\n\n\n\n<div class=\"wp-block-column is-layout-flow wp-block-column-is-layout-flow\">\n<p class=\"has-text-align-center\"><strong>Hauskanpito:<\/strong><br>3\/5<\/p>\n<\/div>\n\n\n\n<div class=\"wp-block-column is-layout-flow wp-block-column-is-layout-flow\">\n<p class=\"has-text-align-center\"><strong>Asiasis\u00e4lt\u00f6:<\/strong><br>4\/5<\/p>\n<\/div>\n\n\n\n<div class=\"wp-block-column is-layout-flow wp-block-column-is-layout-flow\">\n<p class=\"has-text-align-center\"><strong>Kulttuuri:<\/strong><br>3\/5<\/p>\n<\/div>\n<\/div>\n\n\n\n<p><\/p>\n\n\n\n<h2 class=\"wp-block-heading\">Miten l\u00e4hden mukaan?<\/h2>\n\n\n\n<p>Tapahtumiin on rajattu osanottajam\u00e4\u00e4r\u00e4 ja hakeminen tapahtuu <a rel=\"noreferrer noopener\" href=\"https:\/\/estiem.org\/\" target=\"_blank\">ESTIEMin sivuilta<\/a>. Tunnukset saat ottamalla yhteytt\u00e4 Local Group Tampereen Local Responsibleen (tai Indecsin KV-vastaavaan). Kirjauduttuasi sis\u00e4\u00e4n omilla tunnuksillasi n\u00e4et EVENTS-linkist\u00e4 kaikki tulevat tapahtumat, hakuajat, osallistumismaksut ja tapahtumakuvaukset. Jokaisen tapahtuman kohdalla on oma Apply for Event -linkki, josta p\u00e4\u00e4set t\u00e4ytt\u00e4m\u00e4\u00e4n hakemusta. T\u00e4rkeint\u00e4 hakemuskirjeen t\u00e4ytt\u00e4misess\u00e4 on n\u00e4ytt\u00e4\u00e4 olevansa innokas ja kiinnostunut tapahtumasta. Aiempaa kokemusta ESTIEMist\u00e4 tai pitk\u00e4lle edenneit\u00e4 opintoja ei useimmiten tarvita. Lis\u00e4tietoa ESTIEM-tapahtumista saat KV-tiimilt\u00e4:<\/p>\n\n\n\n<ul class=\"wp-block-list\">\n<li>KV-vastaava Aada Arttijeff (<a href=\"mailto:aada.arttijeff@tuni.fi\">aada.arttijeff@tuni.fi<\/a>)<\/li>\n\n\n\n<li>ESTIEM-toimari Teemu Isotalo (<a href=\"mailto:teemu.isotalo@tuni.fi\">teemu.isotalo@tuni.fi<\/a>)<\/li>\n\n\n\n<li>International Affairs Officer Ulla-Riina M\u00e4ntyl\u00e4 (<a href=\"mailto:ulla.mantyla@tuni.fi\">ulla.mantyla@tuni.fi<\/a>)<\/li>\n<\/ul>\n\n\n\n<p><\/p>","protected":false},"excerpt":{"rendered":"<p>ESTIEM eli European Students of Industrial Engineering and Management on j\u00e4rjest\u00f6, joka yhdist\u00e4\u00e4 Euroopan laajuisesti tuotantotalouden opiskelijoita. ESTIEMin tavoitteena on luoda ja yll\u00e4pit\u00e4\u00e4 opiskelijoiden kansainv\u00e4list\u00e4 verkostoa ja tukea heit\u00e4 heid\u00e4n [&hellip;]<\/p>","protected":false},"author":2,"featured_media":0,"parent":0,"menu_order":0,"comment_status":"closed","ping_status":"closed","template":"","meta":{"_uag_custom_page_level_css":"","advanced_seo_description":"","jetpack_seo_html_title":"","jetpack_seo_noindex":false,"_EventAllDay":false,"_EventTimezone":"","_EventStartDate":"","_EventEndDate":"","_EventStartDateUTC":"","_EventEndDateUTC":"","_EventShowMap":false,"_EventShowMapLink":false,"_EventURL":"","_EventCost":"","_EventCostDescription":"","_EventCurrencySymbol":"","_EventCurrencyCode":"","_EventCurrencyPosition":"","_EventDateTimeSeparator":"","_EventTimeRangeSeparator":"","_EventOrganizerID":[],"_EventVenueID":[],"_OrganizerEmail":"","_OrganizerPhone":"","_OrganizerWebsite":"","_VenueAddress":"","_VenueCity":"","_VenueCountry":"","_VenueProvince":"","_VenueState":"","_VenueZip":"","_VenuePhone":"","_VenueURL":"","_VenueStateProvince":"","_VenueLat":"","_VenueLng":"","_VenueShowMap":false,"_VenueShowMapLink":false,"footnotes":""},"categories":[],"tags":[],"class_list":["post-2252","page","type-page","status-publish","hentry"],"uagb_featured_image_src":{"full":false,"thumbnail":false,"medium":false,"medium_large":false,"large":false,"1536x1536":false,"2048x2048":false,"trp-custom-language-flag":false},"uagb_author_info":{"display_name":"","author_link":"https:\/\/indecs.fi\/en\/author\/"},"uagb_comment_info":0,"uagb_excerpt":"ESTIEM eli European Students of Industrial Engineering and Management on j\u00e4rjest\u00f6, joka yhdist\u00e4\u00e4 Euroopan laajuisesti tuotantotalouden opiskelijoita. ESTIEMin tavoitteena on luoda ja yll\u00e4pit\u00e4\u00e4 opiskelijoiden kansainv\u00e4list\u00e4 verkostoa ja tukea heit\u00e4 heid\u00e4n [&hellip;]","_links":{"self":[{"href":"https:\/\/indecs.fi\/en\/wp-json\/wp\/v2\/pages\/2252"}],"collection":[{"href":"https:\/\/indecs.fi\/en\/wp-json\/wp\/v2\/pages"}],"about":[{"href":"https:\/\/indecs.fi\/en\/wp-json\/wp\/v2\/types\/page"}],"author":[{"embeddable":true,"href":"https:\/\/indecs.fi\/en\/wp-json\/wp\/v2\/users\/2"}],"replies":[{"embeddable":true,"href":"https:\/\/indecs.fi\/en\/wp-json\/wp\/v2\/comments?post=2252"}],"version-history":[{"count":72,"href":"https:\/\/indecs.fi\/en\/wp-json\/wp\/v2\/pages\/2252\/revisions"}],"predecessor-version":[{"id":5588,"href":"https:\/\/indecs.fi\/en\/wp-json\/wp\/v2\/pages\/2252\/revisions\/5588"}],"wp:attachment":[{"href":"https:\/\/indecs.fi\/en\/wp-json\/wp\/v2\/media?parent=2252"}],"wp:term":[{"taxonomy":"category","embeddable":true,"href":"https:\/\/indecs.fi\/en\/wp-json\/wp\/v2\/categories?post=2252"},{"taxonomy":"post_tag","embeddable":true,"href":"https:\/\/indecs.fi\/en\/wp-json\/wp\/v2\/tags?post=2252"}],"curies":[{"name":"wp","href":"https:\/\/api.w.org\/{rel}","templated":true}]}}