{"id":23,"date":"2020-12-21T22:46:16","date_gmt":"2020-12-21T20:46:16","guid":{"rendered":"https:\/\/indecs.fi\/?page_id=23"},"modified":"2023-10-24T16:57:56","modified_gmt":"2023-10-24T13:57:56","slug":"kiltahuone","status":"publish","type":"page","link":"https:\/\/indecs.fi\/en\/kiltahuone\/","title":{"rendered":"Kilta&shy;huone"},"content":{"rendered":"<p>The guild room is a lounge room for the students of industrial engineering and management located at Hervanta Campus on the \u201dguild corridor\u201d of the Machine Building, Room K1725. The guild room is an excellent place to come by and hang out with members of the guild and also to ask advice for school stuff.<\/p>\n\n\n\n<p>In addition to good company, the guild room offers a range of services and activities for members: coffee and tea, fruits from Accenture, Playstation 5 with the latest games, crossword puzzles, magazines and a variety of board games. You can also buy snacks and drinks from the fridge in the guild room with cash or with an account linked to your student card. In addition, the guild room, or more commonly known as the guild hall, hosts occasional cinema nights.<\/p>\n\n\n\n<p>Whether you need help with schoolwork, a coffee to brighten your day or just want to hang out in good company while playing NHL or chess, you're always welcome to hang out at the guild room.<\/p>\n\n\n\n<p>We are always improving the services of the guild room so if you have a suggestion or anything to ask, please contact the boardmember responsible for the guild room at <a href=\"mailto:teekkarivastaava@indecs.fi\">teekkarivastaava@indecs.fi<\/a> or the whole board at <a href=\"mailto:hallitus@indecs.fi\">hallitus@indecs.fi.<\/a>. Tervetuloa kiltikselle!<\/p>\n\n\n\n<div class=\"wp-block-getwid-images-stack is-layout-zeta\"><div class=\"wp-block-getwid-images-stack__wrapper\"><div class=\"wp-block-getwid-images-stack__chunk\"><div class=\"wp-block-getwid-images-stack__media-wrapper\"><div class=\"wp-block-getwid-images-stack__media-inner-wrapper\"><img data-recalc-dims=\"1\" loading=\"lazy\" decoding=\"async\" width=\"1024\" height=\"1536\" class=\"wp-block-getwid-images-stack__media wp-image-2674\" src=\"https:\/\/i0.wp.com\/indecs.fi\/wp-content\/uploads\/2022\/03\/DSC_0475.jpg?resize=1024%2C1536&#038;ssl=1\" alt=\"\" data-id=\"2674\" data-link=\"https:\/\/indecs.fi\/kiltahuone\/dsc_0475\/\" srcset=\"https:\/\/i0.wp.com\/indecs.fi\/wp-content\/uploads\/2022\/03\/DSC_0475.jpg?w=1024&amp;ssl=1 1024w, https:\/\/i0.wp.com\/indecs.fi\/wp-content\/uploads\/2022\/03\/DSC_0475.jpg?resize=683%2C1024&amp;ssl=1 683w, https:\/\/i0.wp.com\/indecs.fi\/wp-content\/uploads\/2022\/03\/DSC_0475.jpg?resize=768%2C1152&amp;ssl=1 768w\" sizes=\"auto, (max-width: 1000px) 100vw, 1000px\" \/><\/div><\/div><div class=\"wp-block-getwid-images-stack__media-wrapper\"><div class=\"wp-block-getwid-images-stack__media-inner-wrapper\"><img data-recalc-dims=\"1\" loading=\"lazy\" decoding=\"async\" width=\"2048\" height=\"1365\" class=\"wp-block-getwid-images-stack__media wp-image-2673\" src=\"https:\/\/i0.wp.com\/indecs.fi\/wp-content\/uploads\/2022\/03\/DSC_0447.jpg?resize=2048%2C1365&#038;ssl=1\" alt=\"\" data-id=\"2673\" data-link=\"https:\/\/indecs.fi\/kiltahuone\/dsc_0447\/\" srcset=\"https:\/\/i0.wp.com\/indecs.fi\/wp-content\/uploads\/2022\/03\/DSC_0447.jpg?w=2048&amp;ssl=1 2048w, https:\/\/i0.wp.com\/indecs.fi\/wp-content\/uploads\/2022\/03\/DSC_0447.jpg?resize=1024%2C683&amp;ssl=1 1024w, https:\/\/i0.wp.com\/indecs.fi\/wp-content\/uploads\/2022\/03\/DSC_0447.jpg?resize=768%2C512&amp;ssl=1 768w, https:\/\/i0.wp.com\/indecs.fi\/wp-content\/uploads\/2022\/03\/DSC_0447.jpg?resize=1536%2C1024&amp;ssl=1 1536w\" sizes=\"auto, (max-width: 1000px) 100vw, 1000px\" \/><\/div><\/div><div class=\"wp-block-getwid-images-stack__media-wrapper\"><div class=\"wp-block-getwid-images-stack__media-inner-wrapper\"><img data-recalc-dims=\"1\" loading=\"lazy\" decoding=\"async\" width=\"2048\" height=\"1365\" class=\"wp-block-getwid-images-stack__media wp-image-2672\" src=\"https:\/\/i0.wp.com\/indecs.fi\/wp-content\/uploads\/2022\/03\/DSC_0450.jpg?resize=2048%2C1365&#038;ssl=1\" alt=\"\" data-id=\"2672\" data-link=\"https:\/\/indecs.fi\/kiltahuone\/dsc_0450\/\" srcset=\"https:\/\/i0.wp.com\/indecs.fi\/wp-content\/uploads\/2022\/03\/DSC_0450.jpg?w=2048&amp;ssl=1 2048w, https:\/\/i0.wp.com\/indecs.fi\/wp-content\/uploads\/2022\/03\/DSC_0450.jpg?resize=1024%2C683&amp;ssl=1 1024w, https:\/\/i0.wp.com\/indecs.fi\/wp-content\/uploads\/2022\/03\/DSC_0450.jpg?resize=768%2C512&amp;ssl=1 768w, https:\/\/i0.wp.com\/indecs.fi\/wp-content\/uploads\/2022\/03\/DSC_0450.jpg?resize=1536%2C1024&amp;ssl=1 1536w\" sizes=\"auto, (max-width: 1000px) 100vw, 1000px\" \/><\/div><\/div><\/div><div class=\"wp-block-getwid-images-stack__chunk\"><div class=\"wp-block-getwid-images-stack__media-wrapper\"><div class=\"wp-block-getwid-images-stack__media-inner-wrapper\"><img data-recalc-dims=\"1\" loading=\"lazy\" decoding=\"async\" width=\"2048\" height=\"1365\" class=\"wp-block-getwid-images-stack__media wp-image-2671\" src=\"https:\/\/i0.wp.com\/indecs.fi\/wp-content\/uploads\/2022\/03\/DSC_0469.jpg?resize=2048%2C1365&#038;ssl=1\" alt=\"\" data-id=\"2671\" data-link=\"https:\/\/indecs.fi\/kiltahuone\/dsc_0469\/\" srcset=\"https:\/\/i0.wp.com\/indecs.fi\/wp-content\/uploads\/2022\/03\/DSC_0469.jpg?w=2048&amp;ssl=1 2048w, https:\/\/i0.wp.com\/indecs.fi\/wp-content\/uploads\/2022\/03\/DSC_0469.jpg?resize=1024%2C683&amp;ssl=1 1024w, https:\/\/i0.wp.com\/indecs.fi\/wp-content\/uploads\/2022\/03\/DSC_0469.jpg?resize=768%2C512&amp;ssl=1 768w, https:\/\/i0.wp.com\/indecs.fi\/wp-content\/uploads\/2022\/03\/DSC_0469.jpg?resize=1536%2C1024&amp;ssl=1 1536w\" sizes=\"auto, (max-width: 1000px) 100vw, 1000px\" \/><\/div><\/div><\/div><\/div><\/div>","protected":false},"excerpt":{"rendered":"<p>Indecsin kiltahuone on koko j\u00e4senist\u00f6lle tarkoitettu oleskelutila, joka l\u00f6ytyy Hervannan kampukselta Konetalon kiltak\u00e4yt\u00e4v\u00e4lt\u00e4 (huone K1725). Kiltahuone on erinomainen paikka tulla heng\u00e4ht\u00e4m\u00e4\u00e4n ja vaihtamaan kuulumisia niin uusien kuin vanhojen kiltalaisten kanssa [&hellip;]<\/p>","protected":false},"author":2,"featured_media":0,"parent":0,"menu_order":0,"comment_status":"closed","ping_status":"closed","template":"","meta":{"_uag_custom_page_level_css":"","advanced_seo_description":"","jetpack_seo_html_title":"","jetpack_seo_noindex":false,"_EventAllDay":false,"_EventTimezone":"","_EventStartDate":"","_EventEndDate":"","_EventStartDateUTC":"","_EventEndDateUTC":"","_EventShowMap":false,"_EventShowMapLink":false,"_EventURL":"","_EventCost":"","_EventCostDescription":"","_EventCurrencySymbol":"","_EventCurrencyCode":"","_EventCurrencyPosition":"","_EventDateTimeSeparator":"","_EventTimeRangeSeparator":"","_EventOrganizerID":[],"_EventVenueID":[],"_OrganizerEmail":"","_OrganizerPhone":"","_OrganizerWebsite":"","_VenueAddress":"","_VenueCity":"","_VenueCountry":"","_VenueProvince":"","_VenueState":"","_VenueZip":"","_VenuePhone":"","_VenueURL":"","_VenueStateProvince":"","_VenueLat":"","_VenueLng":"","_VenueShowMap":false,"_VenueShowMapLink":false,"footnotes":""},"categories":[],"tags":[],"class_list":["post-23","page","type-page","status-publish","hentry"],"uagb_featured_image_src":{"full":false,"thumbnail":false,"medium":false,"medium_large":false,"large":false,"1536x1536":false,"2048x2048":false,"trp-custom-language-flag":false},"uagb_author_info":{"display_name":"","author_link":"https:\/\/indecs.fi\/en\/author\/"},"uagb_comment_info":0,"uagb_excerpt":"Indecsin kiltahuone on koko j\u00e4senist\u00f6lle tarkoitettu oleskelutila, joka l\u00f6ytyy Hervannan kampukselta Konetalon kiltak\u00e4yt\u00e4v\u00e4lt\u00e4 (huone K1725). Kiltahuone on erinomainen paikka tulla heng\u00e4ht\u00e4m\u00e4\u00e4n ja vaihtamaan kuulumisia niin uusien kuin vanhojen kiltalaisten kanssa [&hellip;]","_links":{"self":[{"href":"https:\/\/indecs.fi\/en\/wp-json\/wp\/v2\/pages\/23","targetHints":{"allow":["GET"]}}],"collection":[{"href":"https:\/\/indecs.fi\/en\/wp-json\/wp\/v2\/pages"}],"about":[{"href":"https:\/\/indecs.fi\/en\/wp-json\/wp\/v2\/types\/page"}],"author":[{"embeddable":true,"href":"https:\/\/indecs.fi\/en\/wp-json\/wp\/v2\/users\/2"}],"replies":[{"embeddable":true,"href":"https:\/\/indecs.fi\/en\/wp-json\/wp\/v2\/comments?post=23"}],"version-history":[{"count":11,"href":"https:\/\/indecs.fi\/en\/wp-json\/wp\/v2\/pages\/23\/revisions"}],"predecessor-version":[{"id":4204,"href":"https:\/\/indecs.fi\/en\/wp-json\/wp\/v2\/pages\/23\/revisions\/4204"}],"wp:attachment":[{"href":"https:\/\/indecs.fi\/en\/wp-json\/wp\/v2\/media?parent=23"}],"wp:term":[{"taxonomy":"category","embeddable":true,"href":"https:\/\/indecs.fi\/en\/wp-json\/wp\/v2\/categories?post=23"},{"taxonomy":"post_tag","embeddable":true,"href":"https:\/\/indecs.fi\/en\/wp-json\/wp\/v2\/tags?post=23"}],"curies":[{"name":"wp","href":"https:\/\/api.w.org\/{rel}","templated":true}]}}