{"id":2524,"date":"2022-02-13T20:05:29","date_gmt":"2022-02-13T18:05:29","guid":{"rendered":"https:\/\/indecs.fi\/?page_id=2524"},"modified":"2025-08-18T09:07:44","modified_gmt":"2025-08-18T06:07:44","slug":"jaseneksi","status":"publish","type":"page","link":"https:\/\/indecs.fi\/en\/jaseneksi\/","title":{"rendered":"Get a membership"},"content":{"rendered":"<div class=\"wp-block-columns is-layout-flex wp-container-core-columns-is-layout-1 wp-block-columns-is-layout-flex\">\n<div class=\"wp-block-column is-layout-flow wp-container-core-column-is-layout-1 wp-block-column-is-layout-flow\" style=\"padding-top:0;padding-bottom:0;flex-basis:66.66%\">\n<p>The link below opens a form to become a basic or sustaining member of Indecs, the Guild of Industrial Engineering and Management. The MobilePay payment instructions for the membership fee can be found at the end of the form. If you wish, you can also pay the membership fee in cash at the Guild Room (Konetalo K1725).<\/p>\n<\/div>\n\n\n\n<div class=\"wp-block-column is-layout-flow wp-block-column-is-layout-flow\" style=\"flex-basis:33.33%\">\n<div class=\"wp-block-buttons is-content-justification-center is-layout-flex wp-container-core-buttons-is-layout-1 wp-block-buttons-is-layout-flex\">\n<div class=\"wp-block-button has-custom-width wp-block-button__width-75 has-custom-font-size is-style-fill has-small-font-size\"><a class=\"wp-block-button__link has-white-color has-primary-background-color has-text-color has-background wp-element-button\" href=\"https:\/\/forms.gle\/PpXpvbBVkF37C8TX6\" style=\"padding-top:0;padding-right:var(--wp--preset--spacing--80);padding-bottom:0;padding-left:var(--wp--preset--spacing--80)\">Join here<\/a><\/div>\n<\/div>\n<\/div>\n<\/div>","protected":false},"excerpt":{"rendered":"<p>The link below opens a form to become a basic or sustaining member of Indecs, the Guild of Industrial Engineering and Management. The MobilePay payment instructions for the membership fee can be found at the end of the form. If you wish, you can also pay the membership fee in cash at the Guild Room (Konetalo K1725).<\/p>","protected":false},"author":3,"featured_media":0,"parent":0,"menu_order":0,"comment_status":"closed","ping_status":"closed","template":"","meta":{"_uag_custom_page_level_css":"","advanced_seo_description":"","jetpack_seo_html_title":"","jetpack_seo_noindex":false,"_EventAllDay":false,"_EventTimezone":"","_EventStartDate":"","_EventEndDate":"","_EventStartDateUTC":"","_EventEndDateUTC":"","_EventShowMap":false,"_EventShowMapLink":false,"_EventURL":"","_EventCost":"","_EventCostDescription":"","_EventCurrencySymbol":"","_EventCurrencyCode":"","_EventCurrencyPosition":"","_EventDateTimeSeparator":"","_EventTimeRangeSeparator":"","_EventOrganizerID":[],"_EventVenueID":[],"_OrganizerEmail":"","_OrganizerPhone":"","_OrganizerWebsite":"","_VenueAddress":"","_VenueCity":"","_VenueCountry":"","_VenueProvince":"","_VenueState":"","_VenueZip":"","_VenuePhone":"","_VenueURL":"","_VenueStateProvince":"","_VenueLat":"","_VenueLng":"","_VenueShowMap":false,"_VenueShowMapLink":false,"footnotes":""},"categories":[],"tags":[],"class_list":["post-2524","page","type-page","status-publish","hentry"],"uagb_featured_image_src":{"full":false,"thumbnail":false,"medium":false,"medium_large":false,"large":false,"1536x1536":false,"2048x2048":false,"trp-custom-language-flag":false},"uagb_author_info":{"display_name":"Indecs","author_link":"https:\/\/indecs.fi\/en\/author\/indecs\/"},"uagb_comment_info":0,"uagb_excerpt":"Alla olevasta linkist\u00e4 aukeaa lomake, jolla voit liitty\u00e4 Tuotantotalouden kilta Indecs ry:n perus- tai kannatusj\u00e4seneksi. J\u00e4senmaksun MobilePay-maksuohjeet ovat lomakkeessa. Halutessasi voit maksaa j\u00e4senmaksun my\u00f6s k\u00e4teisell\u00e4 kiltahuoneella (Konetalo K1725).","_links":{"self":[{"href":"https:\/\/indecs.fi\/en\/wp-json\/wp\/v2\/pages\/2524"}],"collection":[{"href":"https:\/\/indecs.fi\/en\/wp-json\/wp\/v2\/pages"}],"about":[{"href":"https:\/\/indecs.fi\/en\/wp-json\/wp\/v2\/types\/page"}],"author":[{"embeddable":true,"href":"https:\/\/indecs.fi\/en\/wp-json\/wp\/v2\/users\/3"}],"replies":[{"embeddable":true,"href":"https:\/\/indecs.fi\/en\/wp-json\/wp\/v2\/comments?post=2524"}],"version-history":[{"count":28,"href":"https:\/\/indecs.fi\/en\/wp-json\/wp\/v2\/pages\/2524\/revisions"}],"predecessor-version":[{"id":5339,"href":"https:\/\/indecs.fi\/en\/wp-json\/wp\/v2\/pages\/2524\/revisions\/5339"}],"wp:attachment":[{"href":"https:\/\/indecs.fi\/en\/wp-json\/wp\/v2\/media?parent=2524"}],"wp:term":[{"taxonomy":"category","embeddable":true,"href":"https:\/\/indecs.fi\/en\/wp-json\/wp\/v2\/categories?post=2524"},{"taxonomy":"post_tag","embeddable":true,"href":"https:\/\/indecs.fi\/en\/wp-json\/wp\/v2\/tags?post=2524"}],"curies":[{"name":"wp","href":"https:\/\/api.w.org\/{rel}","templated":true}]}}