{"id":27,"date":"2020-12-21T22:51:09","date_gmt":"2020-12-21T20:51:09","guid":{"rendered":"https:\/\/indecs.fi\/?page_id=27"},"modified":"2025-04-22T15:13:09","modified_gmt":"2025-04-22T12:13:09","slug":"kunnianosoitukset","status":"publish","type":"page","link":"https:\/\/indecs.fi\/en\/kunnianosoitukset\/","title":{"rendered":"Accolades"},"content":{"rendered":"<p>Indecs metes out accolades in accordance to the guidelines agreed upon in the General Assembly. The accolades constitute of honourary membership, decorations of honour, decorations of merit, the standard of the guild and annual dignities.<\/p>\n\n\n\n<h2 class=\"wp-block-heading\">Honourary membership<\/h2>\n\n\n\n<p class=\" translation-block\">The General Assembly, with a 3\/4ths majority vote, can name a person who has furthered the causes of the guild remarkably with their actions, as honourary member. The honourary member is entitled to recieve a decoration of honour.<\/p>\n\n\n\n<p>Honourary members (year of naming):<\/p>\n\n\n\n<ul class=\"wp-block-list\">\n<li>Sanna Nokelainen (2021)<\/li>\n\n\n\n<li>Mikko Kuitunen (2016)<\/li>\n\n\n\n<li>Erkki Uusi-Rauva (2016)<\/li>\n\n\n\n<li>Markku Pirjet\u00e4 (2005)<\/li>\n<\/ul>\n\n\n\n<h2 class=\"wp-block-heading\">Decoration of honor<\/h2>\n\n\n\n<p class=\" translation-block\">The decoration of honour can be awarded to an association who have furthered the causes of the guild considerably with their actions.<\/p>\n\n\n\n<p>The honourary members are entitled to recieve a decoration of honour. Decorations of Honour awarded to communities are not connected to a honourary membership.<\/p>\n\n\n\n<p>Decorations of honour awarded without a honourary membership (year of awarding):<\/p>\n\n\n\n<ul class=\"wp-block-list\">\n<li>The Unit of Industrial Engineering and Management (2021)<\/li>\n<\/ul>\n\n\n\n<h2 class=\"wp-block-heading\">Decoration of merit<\/h2>\n\n\n\n<p class=\" translation-block\">A decoration of merit can be awarded to a person or association for meritorious work for the benefit of the guild.<\/p>\n\n\n\n<p>Awarded decorations of merit (year of awarding):<\/p>\n\n\n\n<p>Persons:<\/p>\n\n\n\n<ul class=\"wp-block-list\">\n<li>Risto Kurppa (2025)<\/li>\n\n\n\n<li>Fanni Laurila (2025)<\/li>\n\n\n\n<li>Mikko Sairanen (2025)<\/li>\n\n\n\n<li>Jussi Heikkil\u00e4 (2024)<\/li>\n\n\n\n<li>Leevi T\u00f6rnblom (2024)<\/li>\n\n\n\n<li>Tea Mattila (2024)<\/li>\n\n\n\n<li>Juho Puoliv\u00e4li (2024)<\/li>\n\n\n\n<li>Eero Yli-Rahnasto (2023)<\/li>\n\n\n\n<li>Elli-Noora M\u00e4kitalo (2023)<\/li>\n\n\n\n<li>Lassi Uosukainen (2023)<\/li>\n\n\n\n<li>Juho Kuiko (2022)<\/li>\n\n\n\n<li>Lotta Suni (2022)<\/li>\n\n\n\n<li>Teemu Viljam\u00e4ki (2022)<\/li>\n\n\n\n<li>Anniina Morelius (2021)<\/li>\n\n\n\n<li>Aleksi Lehmus (2021)<\/li>\n\n\n\n<li>Antti Kiviniemi (2021)<\/li>\n\n\n\n<li>Samu H\u00e4llfors (2021)<\/li>\n\n\n\n<li>Johanna V\u00e4is\u00e4nen os. Ketoja (2021)<\/li>\n\n\n\n<li>Jaakko Marila (2021)<\/li>\n\n\n\n<li>Mikko Koho (2021)<\/li>\n\n\n\n<li>Elina Ala-M\u00e4yry (2020)<\/li>\n\n\n\n<li>Lassi M\u00e4kinen (2020)<\/li>\n\n\n\n<li>Juuso Koivula (2020)<\/li>\n\n\n\n<li>Mikael Ahonen (2020)<\/li>\n\n\n\n<li>Niko Ahola (2020)<\/li>\n\n\n\n<li>Niklas Luukkanen (2019)<\/li>\n\n\n\n<li>Petri Suomala (2019)<\/li>\n\n\n\n<li>Tuomas Suomi (2019)<\/li>\n\n\n\n<li>Juha-Matti V\u00e4is\u00e4nen (2019)<\/li>\n\n\n\n<li>Aaro Kauppinen (2018)<\/li>\n\n\n\n<li>Jesse Kivil\u00e4 (2018)<\/li>\n\n\n\n<li>Tommi Valkonen (2018)<\/li>\n\n\n\n<li>Jenni Kaipainen (2018)<\/li>\n\n\n\n<li>Lauri Vuorinen (2017)<\/li>\n\n\n\n<li>Anssi Rusi (2017)<\/li>\n\n\n\n<li>Matti M\u00e4kinen (2017)<\/li>\n\n\n\n<li>Tuomas Hirvonen (2017)<\/li>\n\n\n\n<li>Karim Hafez (2016)<\/li>\n\n\n\n<li>Mikko Rahikainen (2016)<\/li>\n\n\n\n<li>Sanna Nokelainen (2016)<\/li>\n\n\n\n<li>Ilkka Ruotsila (2016)<\/li>\n\n\n\n<li>Kaisa Ventel\u00e4-Nilsson (2016)<\/li>\n\n\n\n<li>Seppo Laukkanen (2016)<\/li>\n<\/ul>\n\n\n\n<p>Associations:<\/p>\n\n\n\n<ul class=\"wp-block-list\">\n<li>TTY\/TTKY Teollisuustalouden laitos (2016)<\/li>\n\n\n\n<li>Tietojohtajakilta Man@ger (2016)<\/li>\n<\/ul>\n\n\n\n<h2 class=\"wp-block-heading\">Standard<\/h2>\n\n\n\n<p>A standard is a valuable recognition given to a company, community or private individual. A standard is awarded for significant collaboration as a gift, a memento or as a token of friendship.<\/p>\n\n\n\n<p>Persons:<br>Jari Paranko (2024)<\/p>\n\n\n\n<p>Associations:<br>SOS ry (2024)<\/p>\n\n\n\n<h2 class=\"wp-block-heading\">Member of the year<\/h2>\n\n\n\n<p class=\" translation-block\">The members of the guild annually choose amongst themselves one person as the member of the year with a closed election at least a week long. The member of the year is an active member who has furthered the causes of the guild and as such has the confidence of the membership.<\/p>\n\n\n\n<p>Members of the year:<\/p>\n\n\n\n<ul class=\"wp-block-list\">\n<li>2024: Otto Tikkala<\/li>\n\n\n\n<li>2023: Matti Honkanen<\/li>\n\n\n\n<li>2022: Juho Handolin<\/li>\n\n\n\n<li>2021: Kasper Valtonen<\/li>\n\n\n\n<li>2020: Leevi T\u00f6rnblom<\/li>\n\n\n\n<li>2019: Olli Syrj\u00e4l\u00e4<\/li>\n\n\n\n<li>2018: Anniina Morelius<\/li>\n\n\n\n<li>2017: Risto Kurppa<\/li>\n\n\n\n<li>2016: Lassi M\u00e4kinen<\/li>\n\n\n\n<li>2015: Karim Hafez<\/li>\n\n\n\n<li>2014: Karim Hafez<\/li>\n\n\n\n<li>2013: Teemu Viljam\u00e4ki<\/li>\n\n\n\n<li>2012: Jesse Kivil\u00e4<\/li>\n\n\n\n<li>2011: Jesse Kivil\u00e4<\/li>\n\n\n\n<li>2010: Lauri Haavikko<\/li>\n\n\n\n<li>2009: Lauri Vuorinen<\/li>\n<\/ul>\n\n\n\n<h2 class=\"wp-block-heading\">Teacher of the year<\/h2>\n\n\n\n<p class=\" translation-block\">The board of the guild annually chooses a teacher recommended by the membership of the guild as teacher of the year. The teacher of the year is chosen based on the following criteria: content, learning material, diversity of teaching methods, interaction with the students, and guidance.<\/p>\n\n\n\n<p>Teachers of the year:<\/p>\n\n\n\n<ul class=\"wp-block-list\">\n<li>2024: Tuomas Ahola<\/li>\n\n\n\n<li>2023: Jouni Lyly-Yrj\u00e4n\u00e4inen<\/li>\n\n\n\n<li>2022: Santeri Repo<\/li>\n\n\n\n<li>2021: Olli Manninen<\/li>\n\n\n\n<li>2020: Miia Martinsuo<\/li>\n\n\n\n<li>2019: Jussi Heikkil\u00e4<\/li>\n\n\n\n<li>2018: Tommi Mahlam\u00e4ki<\/li>\n\n\n\n<li>2017: Olli Manninen<\/li>\n\n\n\n<li>2016: Juho Kanniainen<\/li>\n\n\n\n<li>2015: Olli Manninen<\/li>\n\n\n\n<li>2014: Olli Manninen<\/li>\n\n\n\n<li>2013: Olli Manninen<\/li>\n\n\n\n<li>2012: Olli Manninen<\/li>\n\n\n\n<li>2011: Olli Manninen<\/li>\n\n\n\n<li>2010: Olli Manninen<\/li>\n\n\n\n<li>2009: Juho Kanniainen<\/li>\n<\/ul>","protected":false},"excerpt":{"rendered":"<p>Tuotantotalouden kilta Indecs ry:n jakamista kunnianosoituksista m\u00e4\u00e4r\u00e4t\u00e4\u00e4n killan yleiskokouksen hyv\u00e4ksym\u00e4ss\u00e4 merkkiohjes\u00e4\u00e4nn\u00f6ss\u00e4. Killan jakamia huomionosoituksia ovat kunniaj\u00e4senyys, kunniamerkki, ansiomerkki, killan standaari ja vuosittaiset arvonimet. Kunniaj\u00e4senyys Killan kunniaj\u00e4seneksi voi killan kokous kolmen [&hellip;]<\/p>","protected":false},"author":2,"featured_media":0,"parent":0,"menu_order":0,"comment_status":"closed","ping_status":"closed","template":"","meta":{"_uag_custom_page_level_css":"","advanced_seo_description":"","jetpack_seo_html_title":"","jetpack_seo_noindex":false,"_EventAllDay":false,"_EventTimezone":"","_EventStartDate":"","_EventEndDate":"","_EventStartDateUTC":"","_EventEndDateUTC":"","_EventShowMap":false,"_EventShowMapLink":false,"_EventURL":"","_EventCost":"","_EventCostDescription":"","_EventCurrencySymbol":"","_EventCurrencyCode":"","_EventCurrencyPosition":"","_EventDateTimeSeparator":"","_EventTimeRangeSeparator":"","_EventOrganizerID":[],"_EventVenueID":[],"_OrganizerEmail":"","_OrganizerPhone":"","_OrganizerWebsite":"","_VenueAddress":"","_VenueCity":"","_VenueCountry":"","_VenueProvince":"","_VenueState":"","_VenueZip":"","_VenuePhone":"","_VenueURL":"","_VenueStateProvince":"","_VenueLat":"","_VenueLng":"","_VenueShowMap":false,"_VenueShowMapLink":false,"footnotes":""},"categories":[],"tags":[],"class_list":["post-27","page","type-page","status-publish","hentry"],"uagb_featured_image_src":{"full":false,"thumbnail":false,"medium":false,"medium_large":false,"large":false,"1536x1536":false,"2048x2048":false,"trp-custom-language-flag":false},"uagb_author_info":{"display_name":"","author_link":"https:\/\/indecs.fi\/en\/author\/"},"uagb_comment_info":0,"uagb_excerpt":"Tuotantotalouden kilta Indecs ry:n jakamista kunnianosoituksista m\u00e4\u00e4r\u00e4t\u00e4\u00e4n killan yleiskokouksen hyv\u00e4ksym\u00e4ss\u00e4 merkkiohjes\u00e4\u00e4nn\u00f6ss\u00e4. Killan jakamia huomionosoituksia ovat kunniaj\u00e4senyys, kunniamerkki, ansiomerkki, killan standaari ja vuosittaiset arvonimet. Kunniaj\u00e4senyys Killan kunniaj\u00e4seneksi voi killan kokous kolmen [&hellip;]","_links":{"self":[{"href":"https:\/\/indecs.fi\/en\/wp-json\/wp\/v2\/pages\/27"}],"collection":[{"href":"https:\/\/indecs.fi\/en\/wp-json\/wp\/v2\/pages"}],"about":[{"href":"https:\/\/indecs.fi\/en\/wp-json\/wp\/v2\/types\/page"}],"author":[{"embeddable":true,"href":"https:\/\/indecs.fi\/en\/wp-json\/wp\/v2\/users\/2"}],"replies":[{"embeddable":true,"href":"https:\/\/indecs.fi\/en\/wp-json\/wp\/v2\/comments?post=27"}],"version-history":[{"count":20,"href":"https:\/\/indecs.fi\/en\/wp-json\/wp\/v2\/pages\/27\/revisions"}],"predecessor-version":[{"id":5277,"href":"https:\/\/indecs.fi\/en\/wp-json\/wp\/v2\/pages\/27\/revisions\/5277"}],"wp:attachment":[{"href":"https:\/\/indecs.fi\/en\/wp-json\/wp\/v2\/media?parent=27"}],"wp:term":[{"taxonomy":"category","embeddable":true,"href":"https:\/\/indecs.fi\/en\/wp-json\/wp\/v2\/categories?post=27"},{"taxonomy":"post_tag","embeddable":true,"href":"https:\/\/indecs.fi\/en\/wp-json\/wp\/v2\/tags?post=27"}],"curies":[{"name":"wp","href":"https:\/\/api.w.org\/{rel}","templated":true}]}}