{"id":29,"date":"2020-12-21T23:46:30","date_gmt":"2020-12-21T21:46:30","guid":{"rendered":"https:\/\/indecs.fi\/?page_id=29"},"modified":"2025-12-29T18:33:36","modified_gmt":"2025-12-29T16:33:36","slug":"dokumentit","status":"publish","type":"page","link":"https:\/\/indecs.fi\/en\/dokumentit\/","title":{"rendered":"Documents"},"content":{"rendered":"<div class=\"wp-block-file\"><a id=\"wp-block-file--media-35095c80-f56b-44ba-819b-77d019d74b95\" href=\"https:\/\/indecs.fi\/wp-content\/uploads\/2025\/12\/Indecsin-saannot-muutos.pdf\" target=\"_blank\" rel=\"noreferrer noopener\">Indecs\u2019 rules (in Finnish)<\/a><\/div>\n\n\n\n<p style=\"font-size:0.8rem\"><a href=\"https:\/\/indecs.fi\/wp-content\/uploads\/2025\/01\/Merkkiohjesaanto.pdf\" data-type=\"link\" data-id=\"https:\/\/indecs.fi\/wp-content\/uploads\/2025\/01\/Merkkiohjesaanto.pdf\">Guidelines for academic badges of honorary (in Finnish)<\/a><\/p>\n\n\n\n<div class=\"wp-block-file\"><a id=\"wp-block-file--media-bde33e73-3273-477b-87fd-d45a77f39fea\" href=\"https:\/\/indecs.fi\/wp-content\/uploads\/2024\/04\/The-Indecs-Code-of-Fair-Conduct.pdf\" target=\"_blank\" rel=\"noreferrer noopener\">Indecs\u2019 Code of Fair Conduct<\/a><\/div>\n\n\n\n<div class=\"wp-block-file\"><a id=\"wp-block-file--media-68d7c32f-5746-4d9a-b604-06db8cf548b6\" href=\"https:\/\/indecs.fi\/wp-content\/uploads\/2024\/03\/Jatkuvan-toiminnan-suunnitelma_2024.pdf\" target=\"_blank\" rel=\"noreferrer noopener\">Continuity plan 2024 (in Finnish)<\/a><\/div>\n\n\n\n<div class=\"wp-block-file\"><a id=\"wp-block-file--media-7ab9276a-fca7-4aa2-9417-3409cf617adf\" href=\"https:\/\/indecs.fi\/wp-content\/uploads\/2023\/03\/Privacy-statement-for-member-register.pdf\" target=\"_blank\" rel=\"noreferrer noopener\">Privacy statement for member register<\/a><\/div>\n\n\n\n<div class=\"wp-block-file\"><a id=\"wp-block-file--media-6e108812-9e72-4754-8f27-6442fa0d028c\" href=\"https:\/\/indecs.fi\/wp-content\/uploads\/2023\/04\/Register-and-privacy-policy-for-Lyyti-registrations.pdf\" target=\"_blank\" rel=\"noreferrer noopener\">Register and privacy policy for Lyyti registrations<\/a><\/div>\n\n\n\n<div class=\"wp-block-file\"><a id=\"wp-block-file--media-3435d7e3-bb25-45d0-81ff-834ae45cbfe8\" href=\"https:\/\/indecs.fi\/wp-content\/uploads\/2023\/04\/Register-and-privacy-policy-for-Customer-Relationship-Management-System.pdf\">Register and privacy policy for CRM System<\/a><\/div>\n\n\n\n<p><\/p>","protected":false},"excerpt":{"rendered":"<p>Guidelines for academic badges of honorary (in Finnish)<\/p>","protected":false},"author":2,"featured_media":0,"parent":0,"menu_order":0,"comment_status":"closed","ping_status":"closed","template":"","meta":{"_uag_custom_page_level_css":"","advanced_seo_description":"","jetpack_seo_html_title":"","jetpack_seo_noindex":false,"_EventAllDay":false,"_EventTimezone":"","_EventStartDate":"","_EventEndDate":"","_EventStartDateUTC":"","_EventEndDateUTC":"","_EventShowMap":false,"_EventShowMapLink":false,"_EventURL":"","_EventCost":"","_EventCostDescription":"","_EventCurrencySymbol":"","_EventCurrencyCode":"","_EventCurrencyPosition":"","_EventDateTimeSeparator":"","_EventTimeRangeSeparator":"","_EventOrganizerID":[],"_EventVenueID":[],"_OrganizerEmail":"","_OrganizerPhone":"","_OrganizerWebsite":"","_VenueAddress":"","_VenueCity":"","_VenueCountry":"","_VenueProvince":"","_VenueState":"","_VenueZip":"","_VenuePhone":"","_VenueURL":"","_VenueStateProvince":"","_VenueLat":"","_VenueLng":"","_VenueShowMap":false,"_VenueShowMapLink":false,"footnotes":""},"categories":[],"tags":[],"class_list":["post-29","page","type-page","status-publish","hentry"],"uagb_featured_image_src":{"full":false,"thumbnail":false,"medium":false,"medium_large":false,"large":false,"1536x1536":false,"2048x2048":false,"trp-custom-language-flag":false},"uagb_author_info":{"display_name":"","author_link":"https:\/\/indecs.fi\/en\/author\/"},"uagb_comment_info":0,"uagb_excerpt":"Indecsin merkkiohjes\u00e4\u00e4nt\u00f6","_links":{"self":[{"href":"https:\/\/indecs.fi\/en\/wp-json\/wp\/v2\/pages\/29"}],"collection":[{"href":"https:\/\/indecs.fi\/en\/wp-json\/wp\/v2\/pages"}],"about":[{"href":"https:\/\/indecs.fi\/en\/wp-json\/wp\/v2\/types\/page"}],"author":[{"embeddable":true,"href":"https:\/\/indecs.fi\/en\/wp-json\/wp\/v2\/users\/2"}],"replies":[{"embeddable":true,"href":"https:\/\/indecs.fi\/en\/wp-json\/wp\/v2\/comments?post=29"}],"version-history":[{"count":37,"href":"https:\/\/indecs.fi\/en\/wp-json\/wp\/v2\/pages\/29\/revisions"}],"predecessor-version":[{"id":5563,"href":"https:\/\/indecs.fi\/en\/wp-json\/wp\/v2\/pages\/29\/revisions\/5563"}],"wp:attachment":[{"href":"https:\/\/indecs.fi\/en\/wp-json\/wp\/v2\/media?parent=29"}],"wp:term":[{"taxonomy":"category","embeddable":true,"href":"https:\/\/indecs.fi\/en\/wp-json\/wp\/v2\/categories?post=29"},{"taxonomy":"post_tag","embeddable":true,"href":"https:\/\/indecs.fi\/en\/wp-json\/wp\/v2\/tags?post=29"}],"curies":[{"name":"wp","href":"https:\/\/api.w.org\/{rel}","templated":true}]}}