{"id":4015,"date":"2023-10-10T16:47:07","date_gmt":"2023-10-10T13:47:07","guid":{"rendered":"https:\/\/indecs.fi\/?page_id=4015"},"modified":"2026-04-06T11:20:42","modified_gmt":"2026-04-06T08:20:42","slug":"yhdenvertaisuushenkilot","status":"publish","type":"page","link":"https:\/\/indecs.fi\/en\/yhdenvertaisuushenkilot\/","title":{"rendered":"Equality persons"},"content":{"rendered":"<div class=\"wp-block-columns is-layout-flex wp-container-core-columns-is-layout-1 wp-block-columns-is-layout-flex\" style=\"padding-top:0;padding-bottom:0\">\n<div class=\"wp-block-column is-vertically-aligned-center is-layout-flow wp-block-column-is-layout-flow\" style=\"padding-top:0;padding-bottom:0;flex-basis:66.66%\">\n<p>Indecsin yhdenvertaisuushenkil\u00f6iden teht\u00e4v\u00e4n\u00e4 on edist\u00e4\u00e4 yhdenvertaisuutta killan toiminnassa ja varmistaa, ett\u00e4 toiminta kehittyy oikeaan suuntaan. Yhdenvertaisuushenkil\u00f6t vuodelle 2026 ovat <a href=\"https:\/\/t.me\/neaairaksinen\" data-type=\"link\" data-id=\"https:\/\/t.me\/laurikontinen\">Nea<\/a> ja <a href=\"https:\/\/t.me\/lillbread\" data-type=\"link\" data-id=\"https:\/\/t.me\/tyynehulkko\">Arttu<\/a>. Heihin voi matalalla kynnyksell\u00e4 ottaa yhteytt\u00e4 <a href=\"https:\/\/forms.office.com\/e\/GSEMfgFd7P\" data-type=\"link\" data-id=\"https:\/\/forms.office.com\/e\/GSEMfgFd7P\">yhdenvertaisuus- ja h\u00e4irint\u00e4lomakkeella<\/a>, Telegramissa tai hihasta nyk\u00e4isem\u00e4ll\u00e4 niin yhdenvertaisuushavaintoihin kuin ep\u00e4asialliseen kohteluun tai h\u00e4irint\u00e4\u00e4n liittyen.<\/p>\n\n\n\n<p>Indecs' events and activities in general follow the principles of safer space, and <a href=\"https:\/\/indecs.fi\/wp-content\/uploads\/2024\/04\/The-Indecs-Code-of-Fair-Conduct.pdf\" data-type=\"link\" data-id=\"https:\/\/indecs.fi\/wp-content\/uploads\/2024\/04\/Reilun-toiminnan-ohjesaanto.pdf\">Indecs\u2019 Code of Fair Conduct<\/a>. Equality is also promoted through accessibility and by organising events as diverse as possible so that everyone has the opportunity to participate. However, Indecs' equality work is not finished and there is always room for improvement and feedback.<\/p>\n<\/div>\n\n\n\n<div class=\"wp-block-column is-layout-flow wp-block-column-is-layout-flow\" style=\"flex-basis:33.33%\">\n<figure class=\"wp-block-gallery has-nested-images columns-default is-cropped wp-block-gallery-1 is-layout-flex wp-block-gallery-is-layout-flex\">\n<figure class=\"wp-block-image size-full\"><img data-recalc-dims=\"1\" loading=\"lazy\" decoding=\"async\" width=\"3648\" height=\"5472\" src=\"https:\/\/i0.wp.com\/indecs.fi\/wp-content\/uploads\/2026\/04\/na26.jpeg?resize=3648%2C5472&#038;ssl=1\" alt=\"\" class=\"wp-image-5715\" srcset=\"https:\/\/i0.wp.com\/indecs.fi\/wp-content\/uploads\/2026\/04\/na26.jpeg?w=3648&amp;ssl=1 3648w, https:\/\/i0.wp.com\/indecs.fi\/wp-content\/uploads\/2026\/04\/na26.jpeg?resize=8%2C12&amp;ssl=1 8w, https:\/\/i0.wp.com\/indecs.fi\/wp-content\/uploads\/2026\/04\/na26.jpeg?w=2000&amp;ssl=1 2000w, https:\/\/i0.wp.com\/indecs.fi\/wp-content\/uploads\/2026\/04\/na26.jpeg?w=3000&amp;ssl=1 3000w\" sizes=\"(max-width: 1000px) 100vw, 1000px\" \/><\/figure>\n\n\n\n<figure class=\"wp-block-image size-full\"><img data-recalc-dims=\"1\" loading=\"lazy\" decoding=\"async\" width=\"3648\" height=\"5472\" src=\"https:\/\/i0.wp.com\/indecs.fi\/wp-content\/uploads\/2026\/04\/al26.jpeg?resize=3648%2C5472&#038;ssl=1\" alt=\"\" class=\"wp-image-5716\" srcset=\"https:\/\/i0.wp.com\/indecs.fi\/wp-content\/uploads\/2026\/04\/al26.jpeg?w=3648&amp;ssl=1 3648w, https:\/\/i0.wp.com\/indecs.fi\/wp-content\/uploads\/2026\/04\/al26.jpeg?resize=8%2C12&amp;ssl=1 8w, https:\/\/i0.wp.com\/indecs.fi\/wp-content\/uploads\/2026\/04\/al26.jpeg?w=2000&amp;ssl=1 2000w, https:\/\/i0.wp.com\/indecs.fi\/wp-content\/uploads\/2026\/04\/al26.jpeg?w=3000&amp;ssl=1 3000w\" sizes=\"(max-width: 1000px) 100vw, 1000px\" \/><\/figure>\n<\/figure>\n\n\n\n<p>Nea ja Arttu<\/p>\n<\/div>\n<\/div>\n\n\n\n<p><\/p>","protected":false},"excerpt":{"rendered":"<p>Indecsin yhdenvertaisuushenkil\u00f6iden teht\u00e4v\u00e4n\u00e4 on edist\u00e4\u00e4 yhdenvertaisuutta killan toiminnassa ja varmistaa, ett\u00e4 toiminta kehittyy oikeaan suuntaan. Yhdenvertaisuushenkil\u00f6t vuodelle 2026 ovat Nea ja Arttu. Heihin voi matalalla kynnyksell\u00e4 ottaa yhteytt\u00e4 yhdenvertaisuus- ja [&hellip;]<\/p>","protected":false},"author":1,"featured_media":0,"parent":0,"menu_order":0,"comment_status":"closed","ping_status":"closed","template":"","meta":{"_uag_custom_page_level_css":"","advanced_seo_description":"","jetpack_seo_html_title":"","jetpack_seo_noindex":false,"_EventAllDay":false,"_EventTimezone":"","_EventStartDate":"","_EventEndDate":"","_EventStartDateUTC":"","_EventEndDateUTC":"","_EventShowMap":false,"_EventShowMapLink":false,"_EventURL":"","_EventCost":"","_EventCostDescription":"","_EventCurrencySymbol":"","_EventCurrencyCode":"","_EventCurrencyPosition":"","_EventDateTimeSeparator":"","_EventTimeRangeSeparator":"","_EventOrganizerID":[],"_EventVenueID":[],"_OrganizerEmail":"","_OrganizerPhone":"","_OrganizerWebsite":"","_VenueAddress":"","_VenueCity":"","_VenueCountry":"","_VenueProvince":"","_VenueState":"","_VenueZip":"","_VenuePhone":"","_VenueURL":"","_VenueStateProvince":"","_VenueLat":"","_VenueLng":"","_VenueShowMap":false,"_VenueShowMapLink":false,"footnotes":""},"categories":[],"tags":[],"class_list":["post-4015","page","type-page","status-publish","hentry"],"uagb_featured_image_src":{"full":false,"thumbnail":false,"medium":false,"medium_large":false,"large":false,"1536x1536":false,"2048x2048":false,"trp-custom-language-flag":false},"uagb_author_info":{"display_name":"Datatoimari","author_link":"https:\/\/indecs.fi\/en\/author\/datatoimari\/"},"uagb_comment_info":0,"uagb_excerpt":"Indecsin yhdenvertaisuushenkil\u00f6iden teht\u00e4v\u00e4n\u00e4 on edist\u00e4\u00e4 yhdenvertaisuutta killan toiminnassa ja varmistaa, ett\u00e4 toiminta kehittyy oikeaan suuntaan. Yhdenvertaisuushenkil\u00f6t vuodelle 2026 ovat Nea ja Arttu. Heihin voi matalalla kynnyksell\u00e4 ottaa yhteytt\u00e4 yhdenvertaisuus- ja [&hellip;]","_links":{"self":[{"href":"https:\/\/indecs.fi\/en\/wp-json\/wp\/v2\/pages\/4015"}],"collection":[{"href":"https:\/\/indecs.fi\/en\/wp-json\/wp\/v2\/pages"}],"about":[{"href":"https:\/\/indecs.fi\/en\/wp-json\/wp\/v2\/types\/page"}],"author":[{"embeddable":true,"href":"https:\/\/indecs.fi\/en\/wp-json\/wp\/v2\/users\/1"}],"replies":[{"embeddable":true,"href":"https:\/\/indecs.fi\/en\/wp-json\/wp\/v2\/comments?post=4015"}],"version-history":[{"count":12,"href":"https:\/\/indecs.fi\/en\/wp-json\/wp\/v2\/pages\/4015\/revisions"}],"predecessor-version":[{"id":5717,"href":"https:\/\/indecs.fi\/en\/wp-json\/wp\/v2\/pages\/4015\/revisions\/5717"}],"wp:attachment":[{"href":"https:\/\/indecs.fi\/en\/wp-json\/wp\/v2\/media?parent=4015"}],"wp:term":[{"taxonomy":"category","embeddable":true,"href":"https:\/\/indecs.fi\/en\/wp-json\/wp\/v2\/categories?post=4015"},{"taxonomy":"post_tag","embeddable":true,"href":"https:\/\/indecs.fi\/en\/wp-json\/wp\/v2\/tags?post=4015"}],"curies":[{"name":"wp","href":"https:\/\/api.w.org\/{rel}","templated":true}]}}