{"id":50,"date":"2020-12-22T00:39:14","date_gmt":"2020-12-21T22:39:14","guid":{"rendered":"https:\/\/indecs.fi\/?page_id=50"},"modified":"2025-08-25T10:16:48","modified_gmt":"2025-08-25T07:16:48","slug":"opintoneuvonta","status":"publish","type":"page","link":"https:\/\/indecs.fi\/en\/opintoneuvonta\/","title":{"rendered":"Study Counseling"},"content":{"rendered":"<p>Opintoneuvojan puoleen kannattaa k\u00e4\u00e4nty\u00e4 etenkin, kun kyseess\u00e4 on oman koulutusohjelman opintoihin liittyv\u00e4t asiat. Opintoneuvoja auttaa esimerkiksi opintosuunnitelmien teossa ja hyv\u00e4ksytt\u00e4misess\u00e4 sek\u00e4 p\u00e4\u00e4- ja sivuaineiden valinnoissa. Opintoneuvoja on osa-aikaisesti ty\u00f6skentelev\u00e4 tuotantotalouden opiskelija, joten opintoneuvojalta saat hyvi\u00e4 vinkkej\u00e4 opintoihin kanssaopiskelijan n\u00e4k\u00f6kulmasta. Opintoneuvojaa voi l\u00e4hesty\u00e4 my\u00f6s muissa opintoihin liittyviss\u00e4 ongelmatapauksissa. Mik\u00e4li opintoneuvoja ei itse kykene kyseisess\u00e4 asiassa neuvomaan, osaa h\u00e4n ohjata opiskelijan eteenp\u00e4in esimerkiksi koulutusasiantuntijalle, opinto-ohjaajalle tai opintopsykologille.<\/p>\n\n\n\n<p>Tuotantotalouden ja tietojohtamisen opintoneuvojana toimii t\u00e4ll\u00e4 hetkell\u00e4 <strong>Otto Tikkala<\/strong>. Opintoneuvojaa kannattaa l\u00e4hesty\u00e4 rohkeasti, vaikka et olisikaan varma, kuuluuko ongelmasi opintoneuvojan toimenkuvaan. Opintoneuvoja p\u00e4ivyst\u00e4\u00e4 kiltahuoneella ja p\u00e4ivystysajoista tiedotetaan muissa tiedotuskanavissa. Opintoneuvojan tavoitat s\u00e4hk\u00f6postitse osoitteesta <a href=\"mailto:tuta.opiskelu.tau@tuni.fi\">tuta.opiskelu.tau@tuni.fi<\/a> (mainitse otsikossa TUTA ja asiasi) tai telegramissa <a href=\"https:\/\/t.me\/Tutanopintoneuvoja\" data-type=\"link\" data-id=\"https:\/\/t.me\/opintoneuvoja\" target=\"_blank\" rel=\"noreferrer noopener\">@Tutanopintoneuvoja<\/a>. Opintoneuvojalle voit my\u00f6s varata henkil\u00f6kohtaisia ohjausaikoja <a href=\"https:\/\/outlook.office365.com\/owa\/calendar\/Johtamisenjataloudentiedekunnanohjauspalvelut@tuni.onmicrosoft.com\/bookings\/\" data-type=\"URL\" data-id=\"https:\/\/outlook.office365.com\/owa\/calendar\/Johtamisenjataloudentiedekunnanohjauspalvelut@tuni.onmicrosoft.com\/bookings\/\">t\u00e4st\u00e4<\/a> valitsemalla Opintoneuvonta (Hervanta).<\/p>\n\n\n\n<p>Astetta visaisempia pulmia ratkoo tuotantotalouden koulutusohjelman koulutusasiantuntija (entinen opintosuunnittelija) <strong>Suvi Yli-\u00c4yh\u00f6<\/strong>. H\u00e4net tavoittaa tavanomaisina toimistoty\u00f6tunteina huoneesta TC307, s\u00e4hk\u00f6postitse osoitteesta\u00a0<a href=\"mailto:tetako.opiskelu.tau@tuni.fi\">tuta.opiskelu.tau@tuni.fi<\/a> (mainitse otsikossa TUTA ja asiasi) tai puhelimitse numerosta 050 4416255. Suville voi my\u00f6s varata ajan <a href=\"https:\/\/outlook.office365.com\/owa\/calendar\/Johtamisenjataloudentiedekunnanohjauspalvelut@tuni.onmicrosoft.com\/bookings\/\">t\u00e4st\u00e4<\/a>.<\/p>\n\n\n\n<p class=\"has-medium-font-size\"><strong><u>Opetutorointia 1.-3. vuoden opiskelijoille<\/u><\/strong><\/p>\n\n\n\n<p>Opetutorit auttavat teit\u00e4 mielell\u00e4\u00e4n kaikissa opintojen sis\u00e4lt\u00f6\u00f6n, opiskelumotivaatioon tai ty\u00f6el\u00e4m\u00e4\u00e4n ja urasuunnitteluun liittyviss\u00e4 kysymyksiss\u00e4. Voitte l\u00e4hett\u00e4\u00e4 kysymyksi\u00e4 esimerkiksi s\u00e4hk\u00f6postitse oman vuosikurssinne tutoreille. Heid\u00e4n kanssaan voi my\u00f6s sopia lyhyit\u00e4 online-palavereita.<br><\/p>\n\n\n\n<p><strong><u>Tuotantotalouden opetutorit<\/u><\/strong><\/p>\n\n\n\n<p><strong><em>2023 aloittaneet:<\/em><\/strong><br>Jere Lehtinen <a href=\"mailto:jere.lehtinen@tuni.fi\" data-type=\"mailto\" data-id=\"mailto:jere.lehtinen@tuni.fi\">jere.lehtinen@tuni.fi<\/a><br>Olli Manninen <a href=\"mailto:olli.manninen@tuni.fi\" data-type=\"mailto\" data-id=\"mailto:olli.manninen@tuni.fi\" target=\"_blank\" rel=\"noreferrer noopener\">olli.manninen@tuni.fi<\/a><\/p>\n\n\n\n<p><strong><em>2022 aloittaneet:<\/em><\/strong><br>Tommi Mahlam\u00e4ki <a href=\"mailto:tommi.mahlamaki@tuni.fi\">tommi.mahlamaki@tuni.fi<\/a><br>Santeri Repo <a rel=\"noreferrer noopener\" href=\"mailto:santeri.repo@tuni.fi\" target=\"_blank\">santeri.repo@tuni.fi<\/a><\/p>","protected":false},"excerpt":{"rendered":"<p>Opintoneuvojan puoleen kannattaa k\u00e4\u00e4nty\u00e4 etenkin, kun kyseess\u00e4 on oman koulutusohjelman opintoihin liittyv\u00e4t asiat. Opintoneuvoja auttaa esimerkiksi opintosuunnitelmien teossa ja hyv\u00e4ksytt\u00e4misess\u00e4 sek\u00e4 p\u00e4\u00e4- ja sivuaineiden valinnoissa. Opintoneuvoja on osa-aikaisesti ty\u00f6skentelev\u00e4 tuotantotalouden [&hellip;]<\/p>","protected":false},"author":2,"featured_media":0,"parent":0,"menu_order":0,"comment_status":"closed","ping_status":"closed","template":"","meta":{"_uag_custom_page_level_css":"","advanced_seo_description":"","jetpack_seo_html_title":"","jetpack_seo_noindex":false,"_EventAllDay":false,"_EventTimezone":"","_EventStartDate":"","_EventEndDate":"","_EventStartDateUTC":"","_EventEndDateUTC":"","_EventShowMap":false,"_EventShowMapLink":false,"_EventURL":"","_EventCost":"","_EventCostDescription":"","_EventCurrencySymbol":"","_EventCurrencyCode":"","_EventCurrencyPosition":"","_EventDateTimeSeparator":"","_EventTimeRangeSeparator":"","_EventOrganizerID":[],"_EventVenueID":[],"_OrganizerEmail":"","_OrganizerPhone":"","_OrganizerWebsite":"","_VenueAddress":"","_VenueCity":"","_VenueCountry":"","_VenueProvince":"","_VenueState":"","_VenueZip":"","_VenuePhone":"","_VenueURL":"","_VenueStateProvince":"","_VenueLat":"","_VenueLng":"","_VenueShowMap":false,"_VenueShowMapLink":false,"footnotes":""},"categories":[],"tags":[],"class_list":["post-50","page","type-page","status-publish","hentry"],"uagb_featured_image_src":{"full":false,"thumbnail":false,"medium":false,"medium_large":false,"large":false,"1536x1536":false,"2048x2048":false,"trp-custom-language-flag":false},"uagb_author_info":{"display_name":"","author_link":"https:\/\/indecs.fi\/en\/author\/"},"uagb_comment_info":0,"uagb_excerpt":"Opintoneuvojan puoleen kannattaa k\u00e4\u00e4nty\u00e4 etenkin, kun kyseess\u00e4 on oman koulutusohjelman opintoihin liittyv\u00e4t asiat. Opintoneuvoja auttaa esimerkiksi opintosuunnitelmien teossa ja hyv\u00e4ksytt\u00e4misess\u00e4 sek\u00e4 p\u00e4\u00e4- ja sivuaineiden valinnoissa. Opintoneuvoja on osa-aikaisesti ty\u00f6skentelev\u00e4 tuotantotalouden [&hellip;]","_links":{"self":[{"href":"https:\/\/indecs.fi\/en\/wp-json\/wp\/v2\/pages\/50"}],"collection":[{"href":"https:\/\/indecs.fi\/en\/wp-json\/wp\/v2\/pages"}],"about":[{"href":"https:\/\/indecs.fi\/en\/wp-json\/wp\/v2\/types\/page"}],"author":[{"embeddable":true,"href":"https:\/\/indecs.fi\/en\/wp-json\/wp\/v2\/users\/2"}],"replies":[{"embeddable":true,"href":"https:\/\/indecs.fi\/en\/wp-json\/wp\/v2\/comments?post=50"}],"version-history":[{"count":30,"href":"https:\/\/indecs.fi\/en\/wp-json\/wp\/v2\/pages\/50\/revisions"}],"predecessor-version":[{"id":5356,"href":"https:\/\/indecs.fi\/en\/wp-json\/wp\/v2\/pages\/50\/revisions\/5356"}],"wp:attachment":[{"href":"https:\/\/indecs.fi\/en\/wp-json\/wp\/v2\/media?parent=50"}],"wp:term":[{"taxonomy":"category","embeddable":true,"href":"https:\/\/indecs.fi\/en\/wp-json\/wp\/v2\/categories?post=50"},{"taxonomy":"post_tag","embeddable":true,"href":"https:\/\/indecs.fi\/en\/wp-json\/wp\/v2\/tags?post=50"}],"curies":[{"name":"wp","href":"https:\/\/api.w.org\/{rel}","templated":true}]}}