{"id":52,"date":"2020-12-22T00:45:03","date_gmt":"2020-12-21T22:45:03","guid":{"rendered":"https:\/\/indecs.fi\/?page_id=52"},"modified":"2025-03-10T11:06:11","modified_gmt":"2025-03-10T09:06:11","slug":"nopat","status":"publish","type":"page","link":"https:\/\/indecs.fi\/en\/nopat\/","title":{"rendered":"Opinto&shy;pisteit\u00e4 erityis&shy;t\u00f6ist\u00e4 ja vastuu&shy;teht\u00e4vist\u00e4"},"content":{"rendered":"<p>Tampereen yliopisto, tuotantotalouden yksikk\u00f6, kielikeskus ja muut toimijat tarjoavat tutkinto-opiskelijoille monenlaisia mahdollisuuksia ansaita opintopisteit\u00e4 tavanomaisten kurssisuoritusten lis\u00e4ksi. T\u00e4ll\u00e4 sivulla kaikki mahdollisuudet ovat koottuna samaan paikkaan, jotta voit helposti l\u00f6yt\u00e4\u00e4 sinua kiinnostavia erityisty\u00f6mahdollisuuksia tai hankkia opintopisteit\u00e4 muista opintoihisi liittyvist\u00e4 suorituksista. <strong>Huomaathan, ett\u00e4 ajankohtaisin ja pit\u00e4vin tieto kaikista mahdollisuuksista l\u00f6ytyy yliopiston opinto-oppaasta, intranetist\u00e4 ja\/tai Moodle-sivulta jos sellainen on.<\/strong><\/p>\n\n\n\n<h3 class=\"wp-block-heading\"><strong>Tuotantotalouden erityisty\u00f6kurssit<\/strong><\/h3>\n\n\n\n<p>Erityisty\u00f6kurssit soveltuvat kaikille tuotantotalouden tutkinto-opiskelijoille opintojen vaiheesta riippumatta. Erityist\u00f6iss\u00e4 olet itse ty\u00f6n projektip\u00e4\u00e4llikk\u00f6: ty\u00f6n laajuus ja aikataulutus on sinun itsesi p\u00e4\u00e4tett\u00e4viss\u00e4. My\u00f6s ty\u00f6n aihe on vapaavalintainen. Se voi esimerkiksi olla puhdas kirjallisuuskatsaus sinua kiinnostavasta aiheesta, se voi liitty\u00e4 ty\u00f6el\u00e4m\u00e4ss\u00e4 tekem\u00e4\u00e4si projektiin ja niin edelleen. Erityisty\u00f6kurssien koodit:<\/p>\n\n\n\n<p>TUTA.390<\/p>\n\n\n\n<p>TUTA.392<\/p>\n\n\n\n<p>TUTA.394<\/p>\n\n\n\n<p>Mik\u00e4li olet kiinnostunut erityisty\u00f6kurssin suorittamisesta, ole yhteydess\u00e4 erityisty\u00f6kurssien vastuuopettajiin (tarkista sisusta!)<a href=\"https:\/\/www.y-kampus.fi\/en\/studies\/innovation-project\/\"><\/a><\/p>\n\n\n\n<h3 class=\"wp-block-heading\"><strong>Ajankohtaisia kiertotalouden haasteita ja ratkaisuja<\/strong><\/h3>\n\n\n\n<p>Opintojaksolla opiskelija tutustuu itsen\u00e4isesti ja oma-aloitteisesti kiertotalouteen, sen keskeisiin k\u00e4sitteisiin, ajankohtaisiin teemoihin ja tuoreimpiin ilmi\u00f6ihin omasta tieteenalasta k\u00e4sin sek\u00e4 oman substanssiosaamisen ulkopuolelta. Tavoitteena on laaja-alaisen kiertotalousn\u00e4k\u00f6kulman omaksuminen sek\u00e4 kiertotalousajatteluun aktivoituminen.<br>Opintojaksolla ei ole l\u00e4hiopetusta, vaan opintojakson suoritetaan kurssin Moodle-sivulla annettujen ohjeiden mukaisesti. Opintojakso voidaan suorittaa opiskelijan oman valinnan mukaan 1\u20135 opintopisteen laajuisena. K\u00e4yt\u00e4nn\u00f6n esimerkkej\u00e4 eri laajuisista suorituksista on annettu kurssin Moodle-sivulla.<\/p>\n\n\n\n<p><a href=\"https:\/\/www.tuni.fi\/opiskelijanopas\/opintotiedot\/opintojaksot\/tut-cu-g-45026?year=2024\">Opiskelijan opas<\/a><\/p>\n\n\n\n<p>Yliopiston vastuuhenkil\u00f6: Leena Aarikka-Stenroos, <a href=\"mailto:jarmo.uusikartano@tuni.fi\">leena.aarikka-stenroos@tuni.fi<\/a><\/p>\n\n\n\n<h3 class=\"wp-block-heading\"><strong>Osaamisen hyv\u00e4ksiluku<\/strong><\/h3>\n\n\n\n<p>Aiemmin hankittua osaamista voidaan todentaa my\u00f6s opintopistein. AHOT-menettely tarkoittaa aiemmin hankitun osaamisen tunnustamista ja tunnistamista. Aiemmin hankittua osaamista voi kerty\u00e4 esimerkiksi merkitt\u00e4v\u00e4n tapahtuman j\u00e4rjest\u00e4misest\u00e4 projektip\u00e4\u00e4llikk\u00f6n\u00e4 tai jonain muuna vastuuhenkil\u00f6n\u00e4, tai osallistumisesta sellaiseen case-kilpailuun, jossa on p\u00e4\u00e4ssyt soveltamaan kursseilla opittuja taitoja. Opintopisteit\u00e4 hyvitet\u00e4\u00e4n aina uuden osaamisen kertymisen perusteella eik\u00e4 tehtyyn tuntim\u00e4\u00e4r\u00e4\u00e4n pohjaten. Raportoinnin laajuus ja hyv\u00e4ksi luettavien opintopisteiden m\u00e4\u00e4r\u00e4 harkitaan aina tapauskohtaisesti, joten olethan rohkeasti yhteydess\u00e4 tuotantotalouden yksik\u00f6n vastuuhenkil\u00f6\u00f6n.<\/p>\n\n\n\n<p><a href=\"https:\/\/intra.tuni.fi\/handbook?page=2208&amp;search=ahot\">Intranet<\/a><\/p>\n\n\n\n<p>Yliopiston vastuuhenkil\u00f6: Suvi Yli-\u00c4yh\u00f6 (koulutusasiantuntija), <a href=\"mailto:suvi.yli-ayho@tuni.fi\">suvi.yli-ayho@tuni.fi<\/a><\/p>\n\n\n\n<h3 class=\"wp-block-heading\"><strong>Ammatti ja -ty\u00f6ymp\u00e4rist\u00f6harjoittelu<\/strong><\/h3>\n\n\n\n<p>Suoritettava harjoittelu voi olla luonteeltaan ty\u00f6ymp\u00e4rist\u00f6harjoittelua (ty\u00f6paikalla tapahtuvaa yleist\u00e4 harjoittelua) tai ammattiharjoittelua (omaan opiskelualaan liittyv\u00e4\u00e4 harjoittelua). Ty\u00f6ymp\u00e4rist\u00f6harjoittelun teht\u00e4v\u00e4 on antaa kokemusta ty\u00f6el\u00e4m\u00e4n toimintatavoista ja ammattiharjoittelun teht\u00e4v\u00e4n\u00e4 on tutustuttaa oman opiskelualan ty\u00f6teht\u00e4viin ja -ymp\u00e4rist\u00f6\u00f6n. Tuotantotalouden opiskelijoiden maisteriopintoihin on sis\u00e4llytett\u00e4v\u00e4 ammattiharjoittelua v\u00e4hint\u00e4\u00e4n 5 op opintojen aloitusvuodesta riippuen. Harjoittelua voi sis\u00e4llytt\u00e4\u00e4 kandidaatin ja diplomi-insin\u00f6\u00f6rin tutkintoihin <strong>yhteens\u00e4 korkeintaan 10 opintopistett\u00e4<\/strong>.<br>Kahden viikon t\u00e4ysip\u00e4iv\u00e4inen (n. 37\u201340 h\/vko) harjoittelu vastaa yht\u00e4 opintopistett\u00e4. Harjoittelu tulee suorittaa tutkintoon kirjoille tulon j\u00e4lkeen, aiemmin suoritettua ty\u00f6kokemusta ei voi takautuvasti hyv\u00e4ksytt\u00e4\u00e4. Opiskelija vastaa itse harjoittelupaikan hankkimisesta.<\/p>\n\n\n\n<p><a href=\"https:\/\/www.tuni.fi\/opiskelijanopas\/opintotiedot\/opintojaksot\/tut-cu-g-37835?year=2024\" data-type=\"URL\" data-id=\"https:\/\/www.tuni.fi\/opiskelijanopas\/opintotiedot\/opintojaksot\/tut-cu-g-37835?year=2020\">Opiskelijan opas<\/a> (esimerkkin\u00e4 5 op suoritus)<\/p>\n\n\n\n<p><a href=\"https:\/\/intra.tuni.fi\/handbook?page=3068\">Yliopiston intranet<\/a><\/p>\n\n\n\n<p>Yliopiston vastuuhenkil\u00f6: Suvi Yli-\u00c4yh\u00f6 (koulutusasiantuntija), <a href=\"mailto:suvi.yli-ayho@tuni.fi\">suvi.yli-ayho@tuni.fi<\/a><\/p>\n\n\n\n<h3 class=\"wp-block-heading\"><strong>Luottamusteht\u00e4viss\u00e4 toimiminen<\/strong><\/h3>\n\n\n\n<p>Opiskelija voi hakea <strong>yhteens\u00e4 korkeintaan 10 opintopistett\u00e4<\/strong> luottamusteht\u00e4viss\u00e4 toimimisesta ja sijoittaa ne vapaavalintaisesti alempaan ja\/tai ylemp\u00e4\u00e4n korkeakoulututkintoon. Opintopisteit\u00e4 voi hakea muun muassa hallopedin teht\u00e4vist\u00e4, killan tai harrastej\u00e4rjest\u00f6n hallituksessa toimisesta sek\u00e4 ylioppilaskunnan luottamusteht\u00e4vist\u00e4. Lis\u00e4tietoa l\u00f6ytyy yliopiston opiskelijan k\u00e4sikirjasta.<\/p>\n\n\n\n<p>Opiskelija voi my\u00f6s hakea <strong>2 opintopistett\u00e4<\/strong> <strong>tuutorina tai kansainv\u00e4lisen\u00e4 tuutorina toimimisesta<\/strong>. Lis\u00e4tietoa t\u00e4st\u00e4 l\u00f6ytyy my\u00f6s opiskelijan k\u00e4sikirjasta.  <\/p>\n\n\n\n<p><a href=\"https:\/\/intra.tuni.fi\/handbook?page=24816\">Opiskelijan k\u00e4sikirja<\/a><\/p>\n\n\n\n<p>Yliopiston vastuuhenkil\u00f6: Suvi Yli-\u00c4yh\u00f6 (koulutusasiantuntija), <a href=\"mailto:suvi.yli-ayho@tuni.fi\">suvi.yli-ayho@tuni.fi<\/a><\/p>\n\n\n\n<p><strong>Lis\u00e4ksi jos olet suorittanut Suomen puolustusvoimien varusmiespalveluksen aikana johtajakoulutuksen (=AUK tai RUK) voit hakea opintopisteit\u00e4 kurssista TAU.M.112<\/strong><\/p>\n\n\n\n<p><\/p>","protected":false},"excerpt":{"rendered":"<p>Tampereen yliopisto, tuotantotalouden yksikk\u00f6, kielikeskus ja muut toimijat tarjoavat tutkinto-opiskelijoille monenlaisia mahdollisuuksia ansaita opintopisteit\u00e4 tavanomaisten kurssisuoritusten lis\u00e4ksi. T\u00e4ll\u00e4 sivulla kaikki mahdollisuudet ovat koottuna samaan paikkaan, jotta voit helposti l\u00f6yt\u00e4\u00e4 sinua [&hellip;]<\/p>","protected":false},"author":2,"featured_media":0,"parent":0,"menu_order":0,"comment_status":"closed","ping_status":"closed","template":"","meta":{"_uag_custom_page_level_css":"","advanced_seo_description":"","jetpack_seo_html_title":"","jetpack_seo_noindex":false,"_EventAllDay":false,"_EventTimezone":"","_EventStartDate":"","_EventEndDate":"","_EventStartDateUTC":"","_EventEndDateUTC":"","_EventShowMap":false,"_EventShowMapLink":false,"_EventURL":"","_EventCost":"","_EventCostDescription":"","_EventCurrencySymbol":"","_EventCurrencyCode":"","_EventCurrencyPosition":"","_EventDateTimeSeparator":"","_EventTimeRangeSeparator":"","_EventOrganizerID":[],"_EventVenueID":[],"_OrganizerEmail":"","_OrganizerPhone":"","_OrganizerWebsite":"","_VenueAddress":"","_VenueCity":"","_VenueCountry":"","_VenueProvince":"","_VenueState":"","_VenueZip":"","_VenuePhone":"","_VenueURL":"","_VenueStateProvince":"","_VenueLat":"","_VenueLng":"","_VenueShowMap":false,"_VenueShowMapLink":false,"footnotes":""},"categories":[],"tags":[],"class_list":["post-52","page","type-page","status-publish","hentry"],"uagb_featured_image_src":{"full":false,"thumbnail":false,"medium":false,"medium_large":false,"large":false,"1536x1536":false,"2048x2048":false,"trp-custom-language-flag":false},"uagb_author_info":{"display_name":"","author_link":"https:\/\/indecs.fi\/en\/author\/"},"uagb_comment_info":0,"uagb_excerpt":"Tampereen yliopisto, tuotantotalouden yksikk\u00f6, kielikeskus ja muut toimijat tarjoavat tutkinto-opiskelijoille monenlaisia mahdollisuuksia ansaita opintopisteit\u00e4 tavanomaisten kurssisuoritusten lis\u00e4ksi. T\u00e4ll\u00e4 sivulla kaikki mahdollisuudet ovat koottuna samaan paikkaan, jotta voit helposti l\u00f6yt\u00e4\u00e4 sinua [&hellip;]","_links":{"self":[{"href":"https:\/\/indecs.fi\/en\/wp-json\/wp\/v2\/pages\/52"}],"collection":[{"href":"https:\/\/indecs.fi\/en\/wp-json\/wp\/v2\/pages"}],"about":[{"href":"https:\/\/indecs.fi\/en\/wp-json\/wp\/v2\/types\/page"}],"author":[{"embeddable":true,"href":"https:\/\/indecs.fi\/en\/wp-json\/wp\/v2\/users\/2"}],"replies":[{"embeddable":true,"href":"https:\/\/indecs.fi\/en\/wp-json\/wp\/v2\/comments?post=52"}],"version-history":[{"count":11,"href":"https:\/\/indecs.fi\/en\/wp-json\/wp\/v2\/pages\/52\/revisions"}],"predecessor-version":[{"id":5221,"href":"https:\/\/indecs.fi\/en\/wp-json\/wp\/v2\/pages\/52\/revisions\/5221"}],"wp:attachment":[{"href":"https:\/\/indecs.fi\/en\/wp-json\/wp\/v2\/media?parent=52"}],"wp:term":[{"taxonomy":"category","embeddable":true,"href":"https:\/\/indecs.fi\/en\/wp-json\/wp\/v2\/categories?post=52"},{"taxonomy":"post_tag","embeddable":true,"href":"https:\/\/indecs.fi\/en\/wp-json\/wp\/v2\/tags?post=52"}],"curies":[{"name":"wp","href":"https:\/\/api.w.org\/{rel}","templated":true}]}}