{"id":54,"date":"2020-12-22T00:46:51","date_gmt":"2020-12-21T22:46:51","guid":{"rendered":"https:\/\/indecs.fi\/?page_id=54"},"modified":"2023-09-13T15:19:43","modified_gmt":"2023-09-13T12:19:43","slug":"opiskelijoiden-oikeudet","status":"publish","type":"page","link":"https:\/\/indecs.fi\/en\/opiskelijoiden-oikeudet\/","title":{"rendered":"Student Rights"},"content":{"rendered":"<p>Yliopiston tutkintos\u00e4\u00e4nt\u00f6 on paras paikka etsi\u00e4 vastauksia suurimpaan osaan opiskelijan oikeuksia koskevista kysymyksist\u00e4. <a href=\"https:\/\/intra.tuni.fi\/handbook?page=2264&amp;search=tutkintos%C3%A4%C3%A4nt%C3%B6\">Tutkintos\u00e4\u00e4nt\u00f6 on luettavissa kokonaisuudessaan intrasta<\/a>, mutta lis\u00e4ksi t\u00e4lle sivulle on koottu nostoja usein kysytyist\u00e4 kysymyksist\u00e4. Monia poikkeustilanteita ei kuitenkaan ole nostettu, mink\u00e4 vuoksi nostojen paikkansapit\u00e4vyys eri konteksteissa kannattaa tarkistaa suoraan tutkintos\u00e4\u00e4nn\u00f6st\u00e4.<\/p>\n\n\n\n<p><strong>8 \u00a7 Opetussuunnitelma ja opetustarjonta<\/strong><br>\u201dOpiskelijoiden tulee ilmoittautua toteutuksille yliopiston ohjeiden mukaisesti. Mik\u00e4li toteutukseen ilmoittautuu opiskelijoita enemm\u00e4n kuin sille voidaan ottaa, otetaan opiskelijat ryhm\u00e4\u00e4n yhdenmukaisin perustein. Ryhm\u00e4\u00e4n otetaan ensin opiskelijat, joille opintojakso on opiskeluoikeuden ja siihen liittyv\u00e4n opetussuunnitelman mukaan pakollinen. Tiedekunnat ja opetusta antavat erillisyksik\u00f6t voivat antaa tarkempia m\u00e4\u00e4r\u00e4yksi\u00e4 opetusryhmiin valitsemisen perusteista. Etusijaj\u00e4rjestys on saatettava etuk\u00e4teen opiskelijoiden tietoon.\u201d<\/p>\n\n\n\n<p><strong>22 \u00a7 Opintojen ohjaus ja henkil\u00f6kohtainen opintosuunnitelma<\/strong><br>\u201dMik\u00e4li opiskelija haluaa poiketa tutkinto-ohjelmalle hyv\u00e4ksytyst\u00e4 opetussuunnitelmasta, on h\u00e4nen hyv\u00e4ksytett\u00e4v\u00e4 opintosuunnitelmansa erikseen. Jokainen opiskelija saa tukea opintosuunnitelman ja tutkimussuunnitelman laatimisessa ja p\u00e4ivitt\u00e4misess\u00e4\u201d.<\/p>\n\n\n\n<p><strong>27 \u00a7 Opintosuorituksen arviointi<\/strong><br>\u201dOpintosuoritusten arvioinnin perusteet ovat julkisia\u201d.<\/p>\n\n\n\n<p>\u201dOpintosuoritukset on arvioitava ja tulokset tallennettava 21 p\u00e4iv\u00e4n kuluessa siit\u00e4, kun opintosuoritus on j\u00e4tetty tai viimeist\u00e4\u00e4n t\u00e4ytynyt j\u00e4tt\u00e4\u00e4 arvioitavaksi\u201d\u2026 \u201dKes\u00e4kuun 1. p\u00e4iv\u00e4n ja elokuun 31. p\u00e4iv\u00e4n v\u00e4lisen\u00e4 aikana j\u00e4rjestettyjen arviointien tulokset voidaan julkistaa 5 momentissa m\u00e4\u00e4r\u00e4tty\u00e4 pidemm\u00e4n ajan kuluessa\u201d.<\/p>\n\n\n\n<p>\u201dOpintosuoritusten arvioinnista annetaan erillinen ohje\u201d. T\u00e4m\u00e4 asiapitoinen ja tiivis ohje on sellaisenaan eritt\u00e4in suositeltavaa luettavaa jokaiselle opiskelijalle: <a href=\"https:\/\/intra.tuni.fi\/handbook\/2681\/2710\/2984?page=2198\">opintojen arviointiohje<\/a><\/p>\n\n\n\n<p><strong>33 \u00a7 Tutkinnon suorittaminen oivallisesti<\/strong><br>\u201dOivallisuusmaininta voidaan antaa valmistuneelle, mik\u00e4li h\u00e4nen opintosuoritustensa opintopisteill\u00e4 painotettu, py\u00f6rist\u00e4m\u00e4t\u00f6n keskiarvo on v\u00e4hint\u00e4\u00e4n 4,00 ja tutkintoon kuuluva opinn\u00e4ytety\u00f6 on suoritettu v\u00e4hint\u00e4\u00e4n arvosanalla 4 sek\u00e4 opiskelija on valmistunut tutkinnon tavoitteellisessa suoritusajassa. Tutkinnon suorittamisaikaan ei lasketa yliopistolain (2009\/558) mukaisia poissaoloja.<br>Oivallisuusmaininnan saaminen alemmassa tai ylemm\u00e4ss\u00e4 korkeakoulututkinnossa edellytt\u00e4\u00e4, ett\u00e4 opiskelija on suorittanut v\u00e4hint\u00e4\u00e4n 40 op Tampereen yliopistossa asteikolla 1-5 arvioituja opintojaksoja\u201d.<\/p>\n\n\n\n<p>TTY:n tukis\u00e4\u00e4ti\u00f6 my\u00f6nt\u00e4\u00e4 500 euron tutkintostipendin Tampereen yliopistossa oivallisesti suoritetusta diplomi-insin\u00f6\u00f6rin tai arkkitehdin tutkinnosta. Stipendi my\u00f6nnet\u00e4\u00e4n ilman hakemusta ja se maksetaan ainoastaan Suomessa olevalle suomalaiselle pankkitilille. <a href=\"https:\/\/www.tuni.fi\/fi\/tutustu-meihin\/tampereen-teknillisen-yliopiston-tukisaatio-sr\">Lis\u00e4tietoja yliopiston sivuilta.<\/a><\/p>\n\n\n\n<p><strong>34 \u00a7 Oikeus turvalliseen opiskeluymp\u00e4rist\u00f6\u00f6n<\/strong><br>\u201dOpiskelijoilla ja henkil\u00f6kunnalla on oikeus turvalliseen, yhdenvertaiseen sek\u00e4 tasa-arvoiseen opiskelu- ja ty\u00f6ymp\u00e4rist\u00f6\u00f6n\u201d.<\/p>\n\n\n\n<p><strong>35 \u00a7 Oikaisu ja muutoksenhaku<\/strong><br>\u201dOpintosuorituksen arviointia koskeva oikaisupyynt\u00f6 on teht\u00e4v\u00e4 14 p\u00e4iv\u00e4n kuluessa siit\u00e4 ajankohdasta, josta opiskelijalla on ollut tilaisuus saada arvioinnin tulokset sek\u00e4 arviointiperusteiden soveltaminen omalta kohdaltaan tietoonsa\u201d.<\/p>","protected":false},"excerpt":{"rendered":"<p>Yliopiston tutkintos\u00e4\u00e4nt\u00f6 on paras paikka etsi\u00e4 vastauksia suurimpaan osaan opiskelijan oikeuksia koskevista kysymyksist\u00e4. Tutkintos\u00e4\u00e4nt\u00f6 on luettavissa kokonaisuudessaan intrasta, mutta lis\u00e4ksi t\u00e4lle sivulle on koottu nostoja usein kysytyist\u00e4 kysymyksist\u00e4. Monia poikkeustilanteita [&hellip;]<\/p>","protected":false},"author":2,"featured_media":0,"parent":0,"menu_order":0,"comment_status":"closed","ping_status":"closed","template":"","meta":{"_uag_custom_page_level_css":"","advanced_seo_description":"","jetpack_seo_html_title":"","jetpack_seo_noindex":false,"_EventAllDay":false,"_EventTimezone":"","_EventStartDate":"","_EventEndDate":"","_EventStartDateUTC":"","_EventEndDateUTC":"","_EventShowMap":false,"_EventShowMapLink":false,"_EventURL":"","_EventCost":"","_EventCostDescription":"","_EventCurrencySymbol":"","_EventCurrencyCode":"","_EventCurrencyPosition":"","_EventDateTimeSeparator":"","_EventTimeRangeSeparator":"","_EventOrganizerID":[],"_EventVenueID":[],"_OrganizerEmail":"","_OrganizerPhone":"","_OrganizerWebsite":"","_VenueAddress":"","_VenueCity":"","_VenueCountry":"","_VenueProvince":"","_VenueState":"","_VenueZip":"","_VenuePhone":"","_VenueURL":"","_VenueStateProvince":"","_VenueLat":"","_VenueLng":"","_VenueShowMap":false,"_VenueShowMapLink":false,"footnotes":""},"categories":[],"tags":[],"class_list":["post-54","page","type-page","status-publish","hentry"],"uagb_featured_image_src":{"full":false,"thumbnail":false,"medium":false,"medium_large":false,"large":false,"1536x1536":false,"2048x2048":false,"trp-custom-language-flag":false},"uagb_author_info":{"display_name":"","author_link":"https:\/\/indecs.fi\/en\/author\/"},"uagb_comment_info":0,"uagb_excerpt":"Yliopiston tutkintos\u00e4\u00e4nt\u00f6 on paras paikka etsi\u00e4 vastauksia suurimpaan osaan opiskelijan oikeuksia koskevista kysymyksist\u00e4. Tutkintos\u00e4\u00e4nt\u00f6 on luettavissa kokonaisuudessaan intrasta, mutta lis\u00e4ksi t\u00e4lle sivulle on koottu nostoja usein kysytyist\u00e4 kysymyksist\u00e4. Monia poikkeustilanteita [&hellip;]","_links":{"self":[{"href":"https:\/\/indecs.fi\/en\/wp-json\/wp\/v2\/pages\/54"}],"collection":[{"href":"https:\/\/indecs.fi\/en\/wp-json\/wp\/v2\/pages"}],"about":[{"href":"https:\/\/indecs.fi\/en\/wp-json\/wp\/v2\/types\/page"}],"author":[{"embeddable":true,"href":"https:\/\/indecs.fi\/en\/wp-json\/wp\/v2\/users\/2"}],"replies":[{"embeddable":true,"href":"https:\/\/indecs.fi\/en\/wp-json\/wp\/v2\/comments?post=54"}],"version-history":[{"count":3,"href":"https:\/\/indecs.fi\/en\/wp-json\/wp\/v2\/pages\/54\/revisions"}],"predecessor-version":[{"id":2954,"href":"https:\/\/indecs.fi\/en\/wp-json\/wp\/v2\/pages\/54\/revisions\/2954"}],"wp:attachment":[{"href":"https:\/\/indecs.fi\/en\/wp-json\/wp\/v2\/media?parent=54"}],"wp:term":[{"taxonomy":"category","embeddable":true,"href":"https:\/\/indecs.fi\/en\/wp-json\/wp\/v2\/categories?post=54"},{"taxonomy":"post_tag","embeddable":true,"href":"https:\/\/indecs.fi\/en\/wp-json\/wp\/v2\/tags?post=54"}],"curies":[{"name":"wp","href":"https:\/\/api.w.org\/{rel}","templated":true}]}}