{"id":5468,"date":"2025-11-06T13:31:08","date_gmt":"2025-11-06T11:31:08","guid":{"rendered":"https:\/\/indecs.fi\/?page_id=5468"},"modified":"2026-02-12T19:40:03","modified_gmt":"2026-02-12T17:40:03","slug":"edunvalvonta-tiivistettyna","status":"publish","type":"page","link":"https:\/\/indecs.fi\/en\/edunvalvonta-tiivistettyna\/","title":{"rendered":"Representation of Interests in Short"},"content":{"rendered":"<p><\/p>\n\n\n\n<h3 class=\"wp-block-heading\"><strong>Guild's board<\/strong><\/h3>\n\n\n\n<p class=\" translation-block\">If you want to advance your cause using the guild's resources, this is the channel for you. You can reach the academic affairs responsible through the email <a href=\"mailto:opinto@indecs.fi\" target=\"_blank\" rel=\"noreferrer noopener\">opinto@indecs.fi<\/a>. Through the academic affairs responsible your matter can be forwarded especially to the guild's board, the Unit of Industrial Engineering and Management and the Faculty of Management and Business. For example, you can contact the academic affairs responsible if you have feedback for the unit.<\/p>\n\n\n\n<p><\/p>\n\n\n\n<h3 class=\"wp-block-heading\"><strong>Hallopeds (student representatives in administrative bodies<\/strong>)<\/h3>\n\n\n\n<p>Student representatives (hallopeds) engage in representation of student interests within various administrative bodies, such as the faculty council, which makes decisions at the faculty level and the planning group for degree programmes, which designs the content of degree programmes. The academic affairs responsible is also practically a halloped, although this name is not commonly used for them.<\/p>\n\n\n\n<p>You can contact the academic affairs responsible and other student advocates regarding a wide range of representation-related matters. Below you\u2019ll find a breakdown of which representative to contact depending on the administrative body and your issue.<\/p>\n\n\n\n<div class=\"wp-block-uagb-separator uagb-block-795cb1c7\"><div class=\"wp-block-uagb-separator__inner\" style=\"--my-background-image:\"><\/div><\/div>\n\n\n\n<p><strong>Faculty Council of Management and Business (MAB)<\/strong><\/p>\n\n\n\n<p>Each faculty has a faculty council. The faculty council for the Faculty of Management and Business (MAB) includes five student members and their deputies. The faculty council is responsible for, among other things, approving the curricula of the faculty's degree programmes, deciding on admission criteria for the programmes and making decisions regarding the evaluation of theses.<\/p>\n\n\n\n<p>You can contact the student representative of the faculty council if, for example, you are interested in influencing the evaluation criteria for theses or learning more about the admission criteria and student intake numbers.<\/p>\n\n\n\n<p><strong>Representatives:<\/strong><\/p>\n\n\n\n<ul class=\"wp-block-list\">\n<li class=\" translation-block\">Riina Saari (student representative): <a href=\"mailto:riina.saari@tuni.fi\" target=\"_self\">riina.saari@tuni.fi<\/a><\/li>\n\n\n\n<li>Katri Kujala (deputy member)<\/li>\n<\/ul>\n\n\n\n<div class=\"wp-block-uagb-separator uagb-block-357eb548\"><div class=\"wp-block-uagb-separator__inner\" style=\"--my-background-image:\"><\/div><\/div>\n\n\n\n<p><strong>Planning Group for Degree Programmes or PTO Group (PTO from Finnish)<\/strong><br>The most important task of the planning group is curriculum development for Industrial Engineering and Management as well as Information and Knowledge Management. Student representatives in the PTO group play a key role in determining which courses and study modules are taught. Other responsibilities include processing student feedback as well as preparing admission criteria and intake numbers.<\/p>\n\n\n\n<p>You can share your thoughts with the appointed PTO halloped or the study counsellor (that is also a representative in this body) about which courses you believe should or should not be included in the degree programme. Your feedback may lead to the development of a new course or the removal of a previously mandatory one.<\/p>\n\n\n\n<p><strong>Representatives:<\/strong><\/p>\n\n\n\n<ul class=\"wp-block-list\">\n<li class=\" translation-block\">Miko Jokela (PTO halloped): <a href=\"mailto:miko.jokela@tuni.fi\" target=\"_self\">miko.jokela@tuni.fi<\/a><\/li>\n\n\n\n<li class=\" translation-block\">Otto Tikkala (study counsellor): <a href=\"mailto:otto.tikkala@tuni.fi\" target=\"_self\">otto.tikkala@tuni.fi<\/a><\/li>\n<\/ul>\n\n\n\n<div class=\"wp-block-uagb-separator uagb-block-654f445a\"><div class=\"wp-block-uagb-separator__inner\" style=\"--my-background-image:\"><\/div><\/div>\n\n\n\n<p><strong>Steering Group for Education<\/strong><br>The Steering Group for Education is a body operating under the Faculty of Management and Business (MAB) and is responsible for handling faculty-level matters. Its tasks include, among others, curriculum development at the faculty level and addressing development needs within the faculty. In a nutshell, the Steering Group for Education performs similarly to the PTO planning group but at the faculty level.<\/p>\n\n\n\n<p><strong>Representative:<\/strong><\/p>\n\n\n\n<ul class=\"wp-block-list\">\n<li>Miko Jokela (opintovastaava): <a href=\"mailto:opinto@indecs.fi\" target=\"_blank\" rel=\"noreferrer noopener\">opinto@indecs.fi<\/a><\/li>\n<\/ul>\n\n\n\n<p><\/p>\n\n\n\n<p>You can contact the academic affairs responsible regarding faculty-level matters such as mandatory course feedback or the accessibility of teaching.<\/p>\n\n\n\n<div class=\"wp-block-uagb-separator uagb-block-8be6a927\"><div class=\"wp-block-uagb-separator__inner\" style=\"--my-background-image:\"><\/div><\/div>\n\n\n\n<p class=\" translation-block\"><strong>Other administrative bodies<\/strong><br>The Student Union of Tampere University (TREY) is responsible for recruiting student representatives (hallopeds) to other administrative bodies within Tampere University. Descriptions of these bodies and the names of current student representatives can be found  <a href=\"https:\/\/trey.fi\/ylioppilaskunta\/organisaatio\/hallinnon-opiskelijaedustajat\/hallopedhaku\" target=\"_self\">on TREY's website<\/a>.<\/p>\n\n\n\n<p><\/p>\n\n\n\n<p><\/p>\n\n\n\n<h3 class=\"wp-block-heading\"><strong>Members of TREY's Council of Representatives<\/strong><\/h3>\n\n\n\n<p class=\" translation-block\">TREY's council of representatives is responsible for, among other things, electing TREY\u2019s board and approving its action plan. The council consists of 49 student members and their deputies who are divided into council groups. Students of Industrial Engineering and Management as well as Information and Knowledge Management mainly belong to the representative group RATTOISA (students of Civil Engineering, Architecture, Industrial Engineering and Management and Information and Knowledge Management).<\/p>\n\n\n\n<p><\/p>\n\n\n\n<p><strong>Indecs' RATTOISA members<\/strong>:<\/p>\n\n\n\n<ul class=\"wp-block-list\">\n<li>Nea Airaksinen: <a href=\"mailto:nea.airaksinen@tuni.fi\">nea.airaksinen@tuni.fi<\/a><\/li>\n<\/ul>\n\n\n\n<p>Representative council meetings are open to the public so feel free to attend and follow the discussions. Information about the meetings is shared on the student union\u2019s website. You can contact the council members if you wish to influence TREY\u2019s activities and decisions.<\/p>\n\n\n\n<p><\/p>\n\n\n\n<p><\/p>\n\n\n\n<h3 class=\"wp-block-heading\"><strong>Members of Teekkari Council<\/strong><\/h3>\n\n\n\n<p>Tampereen Teekkarit maintains and develops the unique teekkari culture in Tampere. Its activities include the teekkari sauna M\u00f6rrim\u00f6ykky, teekkari events during Wappu, most notably the cap ceremony and teekkari dipping, as well as ordering teekkari caps, granting the right to wear the cap and organizing the cap removal ceremony.<\/p>\n\n\n\n<p>The Teekkari Council decides on the \u201cbig picture\u201d of Tampereen Teekkarit and guides its operations. Each full member organization (including Indecs) appoints three representatives and three deputy representatives to the council, resulting in a total of 42+42 members.<\/p>\n\n\n\n<p><\/p>\n\n\n\n<p><strong> Indecs representatives:<\/strong>:<\/p>\n\n\n\n<ul class=\"wp-block-list\">\n<li>Otto Tikkala<\/li>\n\n\n\n<li>Iisa Kivim\u00e4ki<\/li>\n\n\n\n<li>Nea Airaksinen<\/li>\n\n\n\n<li>(Tuomas Jaskari)<\/li>\n\n\n\n<li>(Anna Virtaala)<\/li>\n\n\n\n<li>(Katri Kujala)<\/li>\n<\/ul>\n\n\n\n<hr class=\"wp-block-separator has-alpha-channel-opacity\" \/>\n\n\n\n<p><em>Sivua viimeksi p\u00e4ivitetty 12.2.2026<\/em>.<\/p>\n\n\n\n<p><\/p>","protected":false},"excerpt":{"rendered":"<p>Killan hallitus Mik\u00e4li haluat l\u00e4hte\u00e4 viem\u00e4\u00e4n asiaasi eteenp\u00e4in killan nimiss\u00e4 ja resursseilla, on t\u00e4m\u00e4 sinun vaikuttamisv\u00e4yl\u00e4si. Opintovastaavan saat kiinni osoitteesta opinto@indecs.fi. Opintovastaavan kautta saat asiasi eteenp\u00e4in erityisesti killan hallitukselle, tuotantotalouden [&hellip;]<\/p>","protected":false},"author":1,"featured_media":0,"parent":0,"menu_order":0,"comment_status":"closed","ping_status":"closed","template":"","meta":{"_uag_custom_page_level_css":"","advanced_seo_description":"","jetpack_seo_html_title":"","jetpack_seo_noindex":false,"_EventAllDay":false,"_EventTimezone":"","_EventStartDate":"","_EventEndDate":"","_EventStartDateUTC":"","_EventEndDateUTC":"","_EventShowMap":false,"_EventShowMapLink":false,"_EventURL":"","_EventCost":"","_EventCostDescription":"","_EventCurrencySymbol":"","_EventCurrencyCode":"","_EventCurrencyPosition":"","_EventDateTimeSeparator":"","_EventTimeRangeSeparator":"","_EventOrganizerID":[],"_EventVenueID":[],"_OrganizerEmail":"","_OrganizerPhone":"","_OrganizerWebsite":"","_VenueAddress":"","_VenueCity":"","_VenueCountry":"","_VenueProvince":"","_VenueState":"","_VenueZip":"","_VenuePhone":"","_VenueURL":"","_VenueStateProvince":"","_VenueLat":"","_VenueLng":"","_VenueShowMap":false,"_VenueShowMapLink":false,"footnotes":""},"categories":[],"tags":[],"class_list":["post-5468","page","type-page","status-publish","hentry"],"uagb_featured_image_src":{"full":false,"thumbnail":false,"medium":false,"medium_large":false,"large":false,"1536x1536":false,"2048x2048":false,"trp-custom-language-flag":false},"uagb_author_info":{"display_name":"Datatoimari","author_link":"https:\/\/indecs.fi\/en\/author\/datatoimari\/"},"uagb_comment_info":0,"uagb_excerpt":"Killan hallitus Mik\u00e4li haluat l\u00e4hte\u00e4 viem\u00e4\u00e4n asiaasi eteenp\u00e4in killan nimiss\u00e4 ja resursseilla, on t\u00e4m\u00e4 sinun vaikuttamisv\u00e4yl\u00e4si. Opintovastaavan saat kiinni osoitteesta opinto@indecs.fi. Opintovastaavan kautta saat asiasi eteenp\u00e4in erityisesti killan hallitukselle, tuotantotalouden [&hellip;]","_links":{"self":[{"href":"https:\/\/indecs.fi\/en\/wp-json\/wp\/v2\/pages\/5468","targetHints":{"allow":["GET"]}}],"collection":[{"href":"https:\/\/indecs.fi\/en\/wp-json\/wp\/v2\/pages"}],"about":[{"href":"https:\/\/indecs.fi\/en\/wp-json\/wp\/v2\/types\/page"}],"author":[{"embeddable":true,"href":"https:\/\/indecs.fi\/en\/wp-json\/wp\/v2\/users\/1"}],"replies":[{"embeddable":true,"href":"https:\/\/indecs.fi\/en\/wp-json\/wp\/v2\/comments?post=5468"}],"version-history":[{"count":16,"href":"https:\/\/indecs.fi\/en\/wp-json\/wp\/v2\/pages\/5468\/revisions"}],"predecessor-version":[{"id":5631,"href":"https:\/\/indecs.fi\/en\/wp-json\/wp\/v2\/pages\/5468\/revisions\/5631"}],"wp:attachment":[{"href":"https:\/\/indecs.fi\/en\/wp-json\/wp\/v2\/media?parent=5468"}],"wp:term":[{"taxonomy":"category","embeddable":true,"href":"https:\/\/indecs.fi\/en\/wp-json\/wp\/v2\/categories?post=5468"},{"taxonomy":"post_tag","embeddable":true,"href":"https:\/\/indecs.fi\/en\/wp-json\/wp\/v2\/tags?post=5468"}],"curies":[{"name":"wp","href":"https:\/\/api.w.org\/{rel}","templated":true}]}}