{"id":56,"date":"2020-12-22T00:47:36","date_gmt":"2020-12-21T22:47:36","guid":{"rendered":"https:\/\/indecs.fi\/?page_id=56"},"modified":"2026-01-31T15:52:50","modified_gmt":"2026-01-31T13:52:50","slug":"edunvalvonta","status":"publish","type":"page","link":"https:\/\/indecs.fi\/en\/edunvalvonta\/","title":{"rendered":"Promotion of interests and student representatives"},"content":{"rendered":"<h3 class=\"wp-block-heading\"><strong>Guild's board<\/strong><\/h3>\n\n\n\n<p>Indecsin s\u00e4\u00e4nt\u00f6jen mukaan killan teht\u00e4v\u00e4n\u00e4 on <\/p>\n\n\n\n<p class=\"has-text-align-center\"><em>\u201d\u2026 yhdist\u00e4\u00e4 Tampereen yliopiston tuotantotalouden opiskelijoita ja tuotantotalouden opiskelusta kiinnostuneita, ajaa heid\u00e4n yleisi\u00e4 ja yhteisi\u00e4 opiskeluun liittyvi\u00e4 etujaan Tampereen yliopistolla, edist\u00e4\u00e4 ja kehitt\u00e4\u00e4 tuotantotalouden opiskelua&#8230;\u201d.<\/em><\/p>\n\n\n\n<p>Kuten muitakin killan teht\u00e4vi\u00e4, my\u00f6s edunvalvontaa toteuttaa killan istuva hallitus. T\u00e4m\u00e4 n\u00e4kyy mm. hallituksen kokousten esityslistoilla, yksik\u00f6n ja tiedekunnan johdon tapaamisissa ja osallistumisena erilaisiin ylioppilaskunnan jaostoihin. Hallituksen sis\u00e4isess\u00e4 ty\u00f6njaossa koulutuspoliittisesta edunvalvonnasta huolehtiminen kuuluu opintovastaavan ja puheenjohtajiston teht\u00e4v\u00e4kenttiin. Mik\u00e4li haluat l\u00e4hte\u00e4 viem\u00e4\u00e4n asiaasi eteenp\u00e4in killan nimiss\u00e4 ja resursseilla, on t\u00e4m\u00e4 sinun vaikuttamisv\u00e4yl\u00e4si. Opintovastaavan saat kiinni osoitteesta <a rel=\"noreferrer noopener\" href=\"mailto:opinto@indecs.fi\" target=\"_blank\">opinto@indecs.fi<\/a>.<\/p>\n\n\n\n<h3 class=\"wp-block-heading\"><strong>Hallinnon opiskelijaedustajat eli hallopedit<\/strong><\/h3>\n\n\n\n<p>Hallopedit ovat ylioppilaskunnan tai kiltojen hallitusten valitsemia edustajia eri yliopistohallinnon toimielimiin. Hallopedit ovat t\u00e4ysivaltaisia toimielintens\u00e4 j\u00e4seni\u00e4 ja vaikuttavat olennaisesti siihen, millaista opiskelu ja tutkimus korkeakoulussa tulevaisuudessa on. Indecsl\u00e4isi\u00e4 hallopedeja l\u00f6yd\u00e4t tutkinto-ohjelmakohtaisesta p\u00e4\u00e4t\u00f6ksenteosta aina koko tiedekunnan toimintaa koskettavaan p\u00e4\u00e4t\u00f6ksentekoon! <\/p>\n\n\n\n<p>Yliopistolaki vaatii, ett\u00e4 kaikki yliopistoyhteis\u00f6n ryhm\u00e4t osallistuvat yliopistojen p\u00e4\u00e4t\u00f6ksentekoon. T\u00e4m\u00e4 tarkoittaa my\u00f6s opiskelijoita, joiden keskuudesta on valittu edustajien erilaisiin yliopiston hallintorakenteisiin. Hallintorakenteilla tarkoitetaan tiedekuntien p\u00e4\u00e4tt\u00e4vi\u00e4 ja valmistelevia elimi\u00e4 sek\u00e4 koulun ylint\u00e4 akateemista valtaa k\u00e4ytt\u00e4v\u00e4\u00e4 konsistoria ja sen valmistelevaa elint\u00e4, opintoneuvostoa. Hallopedit ovat yleens\u00e4 yhteyksiss\u00e4 TREY:n koulutuspoliittiseen sektoriin ja osaavat vastata varsin laajaan skaalaan koulutuspoliittisia kysymyksi\u00e4, joten he ovat vaikutuskanavasi, kun haluat l\u00e4hte\u00e4 viem\u00e4\u00e4n asiaasi eteenp\u00e4in TREY:n kautta.<\/p>\n\n\n\n<p>Hallopedej\u00e4 haetaan puolivuosittain toteutettavalla t\u00e4ydennyshaulla vapautuneisiin teht\u00e4viin sek\u00e4 isommalla haulla, kun toimikaudet umpeutuvat. Halloped-toiminta ei vaadi ennakkotietoja tai edellyt\u00e4 tietty\u00e4 vuosikurssia, vaan t\u00e4rke\u00e4mp\u00e4\u00e4 on aito kiinnostus edunvalvonnallisiin teht\u00e4viin. Lis\u00e4tietoa hallopedeista saat kysym\u00e4ll\u00e4 nykyisilt\u00e4 hallopedeilta, killan opintovastaavalta tai kurkkaamalla <a href=\"https:\/\/trey.fi\/ylioppilaskunta\/organisaatio\/opiskelijaedustajat\">ylioppilaskunnan sivuilta<\/a>. Hallopedit saavat Indecsin tiimil\u00e4isten edut, opintopisteit\u00e4 sek\u00e4 joissakin hallopedteht\u00e4viss\u00e4 maksetaan my\u00f6s rahallinen korvaus.<\/p>\n\n\n\n<p>Tuotantotalouden riviopiskelijaa l\u00e4hinn\u00e4 ovat tutkintojen ja yksik\u00f6n opetuksen suunnitteluryhm\u00e4t, koulutuksen ohjausryhm\u00e4t sek\u00e4 tiedekuntaneuvostot. Asioiden marssij\u00e4rjestys menee p\u00e4\u00e4osin niin, ett\u00e4 tiedekuntaneuvostot tekev\u00e4t viralliset p\u00e4\u00e4t\u00f6kset suunnittelu- ja ohjausryhmien valmistelemista asioista. Indecsin hallopedien koordinoinnista vastaa ensisijaisesti killan opintovastaava. Lis\u00e4ksi killan hallitus vastaa hallopedien rekrytoinnista valmisteleviin toimielimiin. N\u00e4iden ryhmien kuvaukset l\u00f6ytyv\u00e4t alta.<\/p>\n\n\n\n<p><strong>Planning Group for Degree Programmes or PTO Group (PTO from Finnish)<\/strong><br>Perustutkinto-ohjelmien suunnitteluryhm\u00e4 on yliopistohallinnon edellytt\u00e4m\u00e4 toimielin, joka valmistelee esityksi\u00e4 ensisijaisesti tiedekuntaneuvoston k\u00e4sitelt\u00e4viksi. Sen merkitt\u00e4vin teht\u00e4v\u00e4 on tuotantotalouden ja tietojohtamisen opetussuunnitelmaty\u00f6 (mukaan lukien englanninkieliset tutkinto-ohjelmat ja Porin yksikk\u00f6). Lis\u00e4ksi ryhm\u00e4 k\u00e4sittelee monia muita sille m\u00e4\u00e4r\u00e4ttyj\u00e4 valmistelevia teht\u00e4vi\u00e4.<\/p>\n\n\n\n<p>Perustutkinto-ohjelmien suunnitteluryhm\u00e4ss\u00e4 edustaa automaattisesti opintoneuvoja. H\u00e4nen lis\u00e4kseen killan hallitus valitsee hakemusten perusteella yhden varsinaisen edustajan. Ryhm\u00e4 kokoustaa kerran kuukaudessa v\u00e4hint\u00e4\u00e4n kymmenen p\u00e4iv\u00e4\u00e4 ennen tiedekuntaneuvoston kokousta.<\/p>\n\n\n\n<p><strong>Koulutuksen ohjausryhm\u00e4t<\/strong><br>Koulutuksen ohjausryhm\u00e4t ovat Tampereen yliopiston tiedekuntien alaisuuteen perustettuja uusia toimielimi\u00e4, jotka PTO:n tavoin valmistelevat esityksi\u00e4 tiedekuntaneuvostoille. Koulutuksen ohjausryhmien teht\u00e4vi\u00e4 ovat muun muassa tiedekunnan koulutuksen strateginen suunnittelu ja valmistelu, tiedekuntatason opetussuunnitelmaty\u00f6 sek\u00e4 kehitt\u00e4mistarpeiden k\u00e4sittely tiedekunnan tasolla. P\u00e4hkin\u00e4nkuoressa koulutuksen ohjausryhm\u00e4t tekev\u00e4t tiedekuntien tasolla samaa, mit\u00e4 PTO tekee tutkinto-ohjelmien tasolla.<\/p>\n\n\n\n<p>Tuotantotalouden opiskelijoilla on yksi varsinainen edustaja johtamisen ja talouden tiedekunnan (MAB) koulutuksen ohjausryhm\u00e4ss\u00e4.  Koulutuksen ohjausryhm\u00e4t kokoustavat kerran 1-2 kuukaudessa. <\/p>\n\n\n\n<p><strong>Kampuskehitysty\u00f6ryhm\u00e4<\/strong><\/p>\n\n\n\n<p>Kampuskehitysty\u00f6ryhm\u00e4 vaikuttaa ensisijaisesti kampuskehitykseen liittyviss\u00e4 asioissa tiedekunnassa. Johtamisen ja talouden tiedekunnan (MAB) opiskelijaedustajat ovat tiedekunnan opiskelijoiden j\u00e4rjest\u00f6n eli <a href=\"https:\/\/johtory.fi\/\" data-type=\"URL\" data-id=\"https:\/\/johtory.fi\/\" target=\"_blank\" rel=\"noreferrer noopener\">Johto ry<\/a>:n valitsemia, ja heid\u00e4n teht\u00e4v\u00e4n\u00e4\u00e4n on tuoda opiskelijoiden n\u00e4kemyksi\u00e4 esille kampuskehitykseen liittyen. <\/p>\n\n\n\n<p><strong>Other Administrative Bodies<\/strong><br>Tampereen ylioppilaskunta vastaa hallopedien rekrytoinneista muihin Tampereen yliopiston hallinnon toimielimist\u00e4. N\u00e4iden toimielinten kuvaukset sek\u00e4 istuvien hallopedien nimet l\u00f6yd\u00e4t <a href=\"https:\/\/trey.fi\/ylioppilaskunta\/organisaatio\/opiskelijaedustajat\">ylioppilaskunnan sivuilta<\/a>. Avoimet halloped-paikat l\u00f6yd\u00e4t k\u00e4tev\u00e4sti <a href=\"https:\/\/www.halloped.fi\/fi\">here.<\/a> tai <a href=\"https:\/\/trey.fi\/ylioppilaskunta\/organisaatio\/hallinnon-opiskelijaedustajat\/hallopedhaku\">TREYn sivuilta<\/a>.<\/p>\n\n\n\n<h3 class=\"wp-block-heading\"><strong>Indecsl\u00e4iset hallopedit:<\/strong><\/h3>\n\n\n\n<h5 class=\"wp-block-heading\"><strong>Johtamisen ja talouden tiedekunnan tiedekuntaneuvosto (MAB):<\/strong><\/h5>\n\n\n\n<ul class=\"wp-block-list\">\n<li>Riina Saari<\/li>\n\n\n\n<li>Katri Kujala (deputy member)<\/li>\n<\/ul>\n\n\n\n<h5 class=\"wp-block-heading\"><strong>Koulutuksen ohjausryhm\u00e4 (MAB):<\/strong><\/h5>\n\n\n\n<ul class=\"wp-block-list\">\n<li>Miko Jokela (opintovastaava)<\/li>\n<\/ul>\n\n\n\n<h5 class=\"wp-block-heading\"><strong>Teknis-taloudellisten perustutkinto-ohjelmien suunnitteluryhm\u00e4 (PTO):<\/strong><\/h5>\n\n\n\n<ul class=\"wp-block-list\">\n<li>Miko Jokela<\/li>\n\n\n\n<li>Otto Tikkala (opintoneuvoja)<\/li>\n<\/ul>\n\n\n\n<h3 class=\"wp-block-heading\"><strong>TREY:n edustajiston j\u00e4senet eli edaattorit:<\/strong><\/h3>\n\n\n\n<p>Onko sinulla mielipide siihen, miten yo-kunnan j\u00e4senmaksurahasi tulisi k\u00e4ytt\u00e4\u00e4? Jos on, sinun tulisi olla yhteydess\u00e4 edaattoreihin. Ylioppilaskunnassa (jonka j\u00e4sen sin\u00e4kin olet) ylint\u00e4 toimeenpanovaltaa k\u00e4ytt\u00e4\u00e4 vuodeksi kerrallaan valittava hallitus, mutta ylint\u00e4 p\u00e4\u00e4t\u00f6svaltaa k\u00e4ytt\u00e4\u00e4 ja hallituksen toimintaa ohjaa kahdeksi vuodeksi kerrallaan suoralla vaalilla valittava edustajisto. Edustajisto koostuu 49 opiskelijasta ja heid\u00e4n varaj\u00e4senist\u00e4\u00e4n, jotka ovat jakaantuneet edustajistoryhmiin. Esimerkiksi tuotantotalouden ja tietojohtamisen opiskelijat kuuluvat p\u00e4\u00e4asiassa edustajistoryhm\u00e4 <a href=\"http:\/\/facebook.com\/rattoisatrey\/\" data-type=\"URL\" data-id=\"facebook.com\/rattoisatrey\/\" target=\"_blank\" rel=\"noreferrer noopener\">RATTOISA<\/a> (Rakennustekniikan, Arkkitehtuurin, Tuotantotalouden ja Tietojohtamisen opiskelijat). Edustajisto kokoontuu viralliseen kokoukseen keskim\u00e4\u00e4rin 6-7 kertaa vuodessa ja t\u00e4m\u00e4n lis\u00e4ksi erilaisiin ep\u00e4virallisempiin tilaisuuksiin, kuten iltakouluihin tai koulutuksiin.<\/p>\n\n\n\n<p>Edustajistossa istuvat Indecsin j\u00e4senet edustajistoryhmitt\u00e4in, suluissa olevat ovat edustajiston varaj\u00e4seni\u00e4:<\/p>\n\n\n\n<p>RATTOISA:<\/p>\n\n\n\n<ul class=\"wp-block-list\">\n<li>Nea Airaksinen<\/li>\n<\/ul>\n\n\n\n<p>Yksitt\u00e4iseen edaattoriin saat yhteyden kasvotusten tai s\u00e4hk\u00f6postilla (etu.suku). Huomioi my\u00f6s, ett\u00e4 edustajiston kokoukset ovat julkisia, joten tervetuloa rohkeasti seuraamaan kokousta. Kokouksista tiedotetaan yo-kunnan sivuilla.<\/p>\n\n\n\n<h3 class=\"wp-block-heading\"><strong>Members of Teekkari Council<\/strong><\/h3>\n\n\n\n<p>Tampereen Teekkarit maintains and develops the unique teekkari culture in Tampere. Their activities include the teekkari sauna M\u00f6rrim\u00f6ykky, teekkari events during Wappu, most notably the cap ceremony and teekkari dipping, as well as ordering teekkari caps, granting the right to wear the cap.<\/p>\n\n\n\n<p>Yhdistys perustettiin 5.5.2018 ja perustajina olivat silloisen Tampereen teknillisen yliopiston killat sek\u00e4 kansainv\u00e4linen kerho. Teekkarivaltuusto on yhdistyksen ylin p\u00e4\u00e4t\u00e4nt\u00e4valtaa k\u00e4ytt\u00e4v\u00e4 elin. Teekkarivaltuusto siis p\u00e4\u00e4tt\u00e4\u00e4 Tampereen Teekkarien \u201dsuurista linjoista\u201d ja ohjaa yhdistyksen toimintaa. Kukin varsinaisista j\u00e4senist\u00e4 (mukaanlukien Indecs) nimitt\u00e4\u00e4 teekkarivaltuustoon kolme valtuutettua sek\u00e4 kolme varavaltuutettua, eli j\u00e4seni\u00e4 Teekkarivaltuustossa on yhteens\u00e4 42+42.<\/p>\n\n\n\n<p>Valtuustolla on v\u00e4hint\u00e4\u00e4n kaksi s\u00e4\u00e4nt\u00f6m\u00e4\u00e4r\u00e4ist\u00e4 kokousta vuodessa. Kuitenkin tavallisesti kokouksia j\u00e4rjestet\u00e4\u00e4n vuosittain 3-4 kappaletta. Valtuuston kokouksissa k\u00e4sitell\u00e4\u00e4n ja hyv\u00e4ksyt\u00e4\u00e4n esimerkiksi yhdistyksen toimintasuunnitelmat ja -kertomukset, talousarviot ja tilinp\u00e4\u00e4t\u00f6kset. Valtuusto valitsee my\u00f6skin vuosittain Tampereen Teekkarien hallituksen ja ohjaa sen toimintaa. Muita valtuustossa k\u00e4sitelt\u00e4vi\u00e4 asioita voivat olla vaikkapa yhdistyksen suuret projektit, strategia ja kunniamerkeist\u00e4 p\u00e4\u00e4tt\u00e4minen.<\/p>\n\n\n\n<p>Indecsin edustajat:<\/p>\n\n\n\n<ul class=\"wp-block-list\">\n<li>Otto Tikkala<\/li>\n\n\n\n<li>Iisa Kivim\u00e4ki<\/li>\n\n\n\n<li>Nea Airaksinen<\/li>\n\n\n\n<li>(Tuomas Jaskari)<\/li>\n\n\n\n<li>(Anna Virtaala)<\/li>\n\n\n\n<li>(Katri Kujala)<\/li>\n<\/ul>\n\n\n\n<hr class=\"wp-block-separator has-alpha-channel-opacity\" \/>\n\n\n\n<p><em>Sivua viimeksi p\u00e4ivitetty 12.11.2024<\/em>.<\/p>\n\n\n\n<p><\/p>","protected":false},"excerpt":{"rendered":"<p>Killan hallitus Indecsin s\u00e4\u00e4nt\u00f6jen mukaan killan teht\u00e4v\u00e4n\u00e4 on \u201d\u2026 yhdist\u00e4\u00e4 Tampereen yliopiston tuotantotalouden opiskelijoita ja tuotantotalouden opiskelusta kiinnostuneita, ajaa heid\u00e4n yleisi\u00e4 ja yhteisi\u00e4 opiskeluun liittyvi\u00e4 etujaan Tampereen yliopistolla, edist\u00e4\u00e4 ja [&hellip;]<\/p>","protected":false},"author":2,"featured_media":0,"parent":0,"menu_order":0,"comment_status":"closed","ping_status":"closed","template":"","meta":{"_uag_custom_page_level_css":"","advanced_seo_description":"","jetpack_seo_html_title":"","jetpack_seo_noindex":false,"_EventAllDay":false,"_EventTimezone":"","_EventStartDate":"","_EventEndDate":"","_EventStartDateUTC":"","_EventEndDateUTC":"","_EventShowMap":false,"_EventShowMapLink":false,"_EventURL":"","_EventCost":"","_EventCostDescription":"","_EventCurrencySymbol":"","_EventCurrencyCode":"","_EventCurrencyPosition":"","_EventDateTimeSeparator":"","_EventTimeRangeSeparator":"","_EventOrganizerID":[],"_EventVenueID":[],"_OrganizerEmail":"","_OrganizerPhone":"","_OrganizerWebsite":"","_VenueAddress":"","_VenueCity":"","_VenueCountry":"","_VenueProvince":"","_VenueState":"","_VenueZip":"","_VenuePhone":"","_VenueURL":"","_VenueStateProvince":"","_VenueLat":"","_VenueLng":"","_VenueShowMap":false,"_VenueShowMapLink":false,"footnotes":""},"categories":[],"tags":[],"class_list":["post-56","page","type-page","status-publish","hentry"],"uagb_featured_image_src":{"full":false,"thumbnail":false,"medium":false,"medium_large":false,"large":false,"1536x1536":false,"2048x2048":false,"trp-custom-language-flag":false},"uagb_author_info":{"display_name":"","author_link":"https:\/\/indecs.fi\/en\/author\/"},"uagb_comment_info":0,"uagb_excerpt":"Killan hallitus Indecsin s\u00e4\u00e4nt\u00f6jen mukaan killan teht\u00e4v\u00e4n\u00e4 on \u201d\u2026 yhdist\u00e4\u00e4 Tampereen yliopiston tuotantotalouden opiskelijoita ja tuotantotalouden opiskelusta kiinnostuneita, ajaa heid\u00e4n yleisi\u00e4 ja yhteisi\u00e4 opiskeluun liittyvi\u00e4 etujaan Tampereen yliopistolla, edist\u00e4\u00e4 ja [&hellip;]","_links":{"self":[{"href":"https:\/\/indecs.fi\/en\/wp-json\/wp\/v2\/pages\/56"}],"collection":[{"href":"https:\/\/indecs.fi\/en\/wp-json\/wp\/v2\/pages"}],"about":[{"href":"https:\/\/indecs.fi\/en\/wp-json\/wp\/v2\/types\/page"}],"author":[{"embeddable":true,"href":"https:\/\/indecs.fi\/en\/wp-json\/wp\/v2\/users\/2"}],"replies":[{"embeddable":true,"href":"https:\/\/indecs.fi\/en\/wp-json\/wp\/v2\/comments?post=56"}],"version-history":[{"count":54,"href":"https:\/\/indecs.fi\/en\/wp-json\/wp\/v2\/pages\/56\/revisions"}],"predecessor-version":[{"id":5605,"href":"https:\/\/indecs.fi\/en\/wp-json\/wp\/v2\/pages\/56\/revisions\/5605"}],"wp:attachment":[{"href":"https:\/\/indecs.fi\/en\/wp-json\/wp\/v2\/media?parent=56"}],"wp:term":[{"taxonomy":"category","embeddable":true,"href":"https:\/\/indecs.fi\/en\/wp-json\/wp\/v2\/categories?post=56"},{"taxonomy":"post_tag","embeddable":true,"href":"https:\/\/indecs.fi\/en\/wp-json\/wp\/v2\/tags?post=56"}],"curies":[{"name":"wp","href":"https:\/\/api.w.org\/{rel}","templated":true}]}}