{"id":60,"date":"2020-12-22T00:48:53","date_gmt":"2020-12-21T22:48:53","guid":{"rendered":"https:\/\/indecs.fi\/?page_id=60"},"modified":"2024-03-06T19:30:48","modified_gmt":"2024-03-06T17:30:48","slug":"hyvinvointi","status":"publish","type":"page","link":"https:\/\/indecs.fi\/en\/hyvinvointi\/","title":{"rendered":"Wellbeing"},"content":{"rendered":"<div class=\"wp-block-columns is-layout-flex wp-container-core-columns-is-layout-1 wp-block-columns-is-layout-flex\">\n<div class=\"wp-block-column is-layout-flow wp-block-column-is-layout-flow\" style=\"flex-basis:66.66%\">\n<p>Indecs cares about the well-being of its members, and aims to keep them active and active all year round. Once a week they play a variety of sports at the Tamppi arena, and twice a week they take part in hockey at Bommar. In the winter season 2024, open water swimming sauna is also offered every second Wednesday. The sauna shift will take place at the Suolij\u00e4rvi sauna, and the changing rooms will be the showerless changing rooms at the Suolij\u00e4rvi beach. Other sporting events, such as skating sessions or sport trials, will also be organised.<\/p>\n\n\n\n<p class=\" translation-block\">Follow Indecs member events and  <a href=\"https:\/\/t.me\/joinchat\/EjDFkRU8yrDNBcAdIMBJ1w\" target=\"_self\">the Telegram sports group <\/a> to keep up to date! The aim is also to network through sport, so various events will be organised with other guilds and subject associations, even across campus boundaries. Members also have the opportunity to actively participate in other guilds' sports events.<\/p>\n\n\n\n<p>For brickbats and bouquets, ideas and announcements, please contact the wellbeing officer of our guild.<\/p>\n<\/div>\n\n\n\n<div class=\"wp-block-column is-layout-flow wp-block-column-is-layout-flow\" style=\"flex-basis:33.33%\">\n<figure class=\"wp-block-image size-full\"><img data-recalc-dims=\"1\" loading=\"lazy\" decoding=\"async\" width=\"1024\" height=\"683\" src=\"https:\/\/i0.wp.com\/indecs.fi\/wp-content\/uploads\/2023\/08\/hyvinvointia.jpg?resize=1024%2C683&#038;ssl=1\" alt=\"\" class=\"wp-image-3616\" srcset=\"https:\/\/i0.wp.com\/indecs.fi\/wp-content\/uploads\/2023\/08\/hyvinvointia.jpg?w=1024&amp;ssl=1 1024w, https:\/\/i0.wp.com\/indecs.fi\/wp-content\/uploads\/2023\/08\/hyvinvointia.jpg?resize=768%2C512&amp;ssl=1 768w\" sizes=\"(max-width: 1000px) 100vw, 1000px\" \/><\/figure>\n<\/div>\n<\/div>","protected":false},"excerpt":{"rendered":"<p>Indecs pit\u00e4\u00e4 huolta kiltalaisten hyvinvoinnista, ja pyrkiikin liikuttamaan j\u00e4seni\u00e4\u00e4n aktiivisesti ja monipuolisesti ymp\u00e4ri vuoden. Kerran viikossa palloillaan Tamppi-areenalla vaihtelevan lajin parissa ja Bommarissa otetaan mittaa man@gerilaisista kaksi kertaa viikossa s\u00e4hlyn [&hellip;]<\/p>","protected":false},"author":2,"featured_media":0,"parent":0,"menu_order":0,"comment_status":"closed","ping_status":"closed","template":"","meta":{"_uag_custom_page_level_css":"","advanced_seo_description":"","jetpack_seo_html_title":"","jetpack_seo_noindex":false,"_EventAllDay":false,"_EventTimezone":"","_EventStartDate":"","_EventEndDate":"","_EventStartDateUTC":"","_EventEndDateUTC":"","_EventShowMap":false,"_EventShowMapLink":false,"_EventURL":"","_EventCost":"","_EventCostDescription":"","_EventCurrencySymbol":"","_EventCurrencyCode":"","_EventCurrencyPosition":"","_EventDateTimeSeparator":"","_EventTimeRangeSeparator":"","_EventOrganizerID":[],"_EventVenueID":[],"_OrganizerEmail":"","_OrganizerPhone":"","_OrganizerWebsite":"","_VenueAddress":"","_VenueCity":"","_VenueCountry":"","_VenueProvince":"","_VenueState":"","_VenueZip":"","_VenuePhone":"","_VenueURL":"","_VenueStateProvince":"","_VenueLat":"","_VenueLng":"","_VenueShowMap":false,"_VenueShowMapLink":false,"footnotes":""},"categories":[],"tags":[],"class_list":["post-60","page","type-page","status-publish","hentry"],"uagb_featured_image_src":{"full":false,"thumbnail":false,"medium":false,"medium_large":false,"large":false,"1536x1536":false,"2048x2048":false,"trp-custom-language-flag":false},"uagb_author_info":{"display_name":"","author_link":"https:\/\/indecs.fi\/en\/author\/"},"uagb_comment_info":0,"uagb_excerpt":"Indecs pit\u00e4\u00e4 huolta kiltalaisten hyvinvoinnista, ja pyrkiikin liikuttamaan j\u00e4seni\u00e4\u00e4n aktiivisesti ja monipuolisesti ymp\u00e4ri vuoden. Kerran viikossa palloillaan Tamppi-areenalla vaihtelevan lajin parissa ja Bommarissa otetaan mittaa man@gerilaisista kaksi kertaa viikossa s\u00e4hlyn [&hellip;]","_links":{"self":[{"href":"https:\/\/indecs.fi\/en\/wp-json\/wp\/v2\/pages\/60"}],"collection":[{"href":"https:\/\/indecs.fi\/en\/wp-json\/wp\/v2\/pages"}],"about":[{"href":"https:\/\/indecs.fi\/en\/wp-json\/wp\/v2\/types\/page"}],"author":[{"embeddable":true,"href":"https:\/\/indecs.fi\/en\/wp-json\/wp\/v2\/users\/2"}],"replies":[{"embeddable":true,"href":"https:\/\/indecs.fi\/en\/wp-json\/wp\/v2\/comments?post=60"}],"version-history":[{"count":13,"href":"https:\/\/indecs.fi\/en\/wp-json\/wp\/v2\/pages\/60\/revisions"}],"predecessor-version":[{"id":4547,"href":"https:\/\/indecs.fi\/en\/wp-json\/wp\/v2\/pages\/60\/revisions\/4547"}],"wp:attachment":[{"href":"https:\/\/indecs.fi\/en\/wp-json\/wp\/v2\/media?parent=60"}],"wp:term":[{"taxonomy":"category","embeddable":true,"href":"https:\/\/indecs.fi\/en\/wp-json\/wp\/v2\/categories?post=60"},{"taxonomy":"post_tag","embeddable":true,"href":"https:\/\/indecs.fi\/en\/wp-json\/wp\/v2\/tags?post=60"}],"curies":[{"name":"wp","href":"https:\/\/api.w.org\/{rel}","templated":true}]}}