{"id":63,"date":"2020-12-22T00:56:57","date_gmt":"2020-12-21T22:56:57","guid":{"rendered":"https:\/\/indecs.fi\/?page_id=63"},"modified":"2024-08-23T16:32:21","modified_gmt":"2024-08-23T13:32:21","slug":"kolmiot","status":"publish","type":"page","link":"https:\/\/indecs.fi\/en\/kolmiot\/","title":{"rendered":"Kolmio Events"},"content":{"rendered":"<div class=\"wp-block-getwid-media-text-slider alignwide wp-block-getwid-media-text-slider--current-slide-1 has-arrows-inside has-dots-outside\" data-labels=\"[&quot;Slide 1&quot;,&quot;Slide 2&quot;,&quot;Slide 3&quot;]\" data-animation=\"jello\" data-duration=\"800ms\" data-delay=\"0ms\"><div class=\"wp-block-getwid-media-text-slider__slides-wrapper\"><div class=\"wp-block-getwid-media-text-slider__content\" data-slide-effect=\"\" data-slide-autoplay=\"true\" data-slide-pause-on-hover=\"true\" data-slide-autoplay-speed=\"5000\" data-slide-speed=\"1000\" data-infinite=\"true\">\n<div style=\"min-height:300px\" class=\"wp-block-getwid-media-text-slider-slide wp-block-getwid-media-text-slider-slide__content-wrapper slide-1\"><div style=\"min-height:300px\" class=\"wp-block-getwid-media-text-slider-slide__content\">\n<div class=\"wp-block-getwid-media-text-slider-slide-content\"><figure class=\"wp-block-getwid-media-text-slider-slide-content__media\"><img data-recalc-dims=\"1\" loading=\"lazy\" decoding=\"async\" width=\"2048\" height=\"1365\" src=\"https:\/\/i0.wp.com\/indecs.fi\/wp-content\/uploads\/2020\/12\/kolmiot-valo.jpg?resize=2048%2C1365&#038;ssl=1\" alt=\"\" class=\"wp-block-getwid-media-text-slider-slide-content__image wp-image-1120\"\/><div class=\"wp-block-getwid-media-text-slider-slide-content__media-overlay\" style=\"opacity:0.54\"><\/div><\/figure><div class=\"wp-block-getwid-media-text-slider-slide-content__content\" style=\"color:#fffcfc\"><div class=\"wp-block-getwid-media-text-slider-slide-content__content-wrapper\">\n<h2 class=\"wp-block-heading\" id=\"tampereen-suurimmat-kuukausittaiset-opiskelijabileet\">Tampere's biggest monthly student party<\/h2>\n<\/div><\/div><\/div>\n<\/div><\/div>\n\n\n\n<div style=\"min-height:300px\" class=\"wp-block-getwid-media-text-slider-slide wp-block-getwid-media-text-slider-slide__content-wrapper slide-2\"><div style=\"min-height:300px\" class=\"wp-block-getwid-media-text-slider-slide__content\">\n<div class=\"wp-block-getwid-media-text-slider-slide-content\"><figure class=\"wp-block-getwid-media-text-slider-slide-content__media\"><img data-recalc-dims=\"1\" loading=\"lazy\" decoding=\"async\" width=\"2048\" height=\"1365\" src=\"https:\/\/i0.wp.com\/indecs.fi\/wp-content\/uploads\/2020\/12\/kolmio-poro.jpg?resize=2048%2C1365&#038;ssl=1\" alt=\"\" class=\"wp-block-getwid-media-text-slider-slide-content__image wp-image-1117\"\/><div class=\"wp-block-getwid-media-text-slider-slide-content__media-overlay\" style=\"opacity:0.54\"><\/div><\/figure><div class=\"wp-block-getwid-media-text-slider-slide-content__content\" style=\"color:#fffcfc\"><div class=\"wp-block-getwid-media-text-slider-slide-content__content-wrapper\">\n<h2 class=\"wp-block-heading\" id=\"kolme-baaria-ja-terassi\">Three bars and terrace<\/h2>\n<\/div><\/div><\/div>\n<\/div><\/div>\n\n\n\n<div style=\"min-height:300px\" class=\"wp-block-getwid-media-text-slider-slide wp-block-getwid-media-text-slider-slide__content-wrapper slide-3\"><div style=\"min-height:300px\" class=\"wp-block-getwid-media-text-slider-slide__content\">\n<div class=\"wp-block-getwid-media-text-slider-slide-content\"><figure class=\"wp-block-getwid-media-text-slider-slide-content__media\"><img data-recalc-dims=\"1\" loading=\"lazy\" decoding=\"async\" width=\"2048\" height=\"1365\" src=\"https:\/\/i0.wp.com\/indecs.fi\/wp-content\/uploads\/2020\/12\/kolmiot-juomat.jpg?resize=2048%2C1365&#038;ssl=1\" alt=\"\" class=\"wp-block-getwid-media-text-slider-slide-content__image wp-image-1122\"\/><div class=\"wp-block-getwid-media-text-slider-slide-content__media-overlay\" style=\"opacity:0.54\"><\/div><\/figure><div class=\"wp-block-getwid-media-text-slider-slide-content__content\" style=\"color:#fffcfc\"><div class=\"wp-block-getwid-media-text-slider-slide-content__content-wrapper\">\n<h2 class=\"wp-block-heading\" id=\"opiskelijahintaiset-juomat\">Beverages at student prices<\/h2>\n<\/div><\/div><\/div>\n<\/div><\/div>\n<\/div><\/div><\/div>\n\n\n\n<h2 class=\"wp-block-heading\" id=\"millaiset-pirskeet\">What kind of parties are these?<\/h2>\n\n\n\n<p class=\" translation-block\">Indecs organises Kolmiot together with the central campus student organisations Staabi and Luuppi in the restaurant world of Tampere's Koskikeskus. Kolmiot is an interdisciplinary party that brings together students from all Tampere universities and also from other parts of Finland. Kolmio parties are a great place to meet friends from different campuses and get a little respite from your studies. Indecs also organises frequently preparties, so you never have to go alone!<\/p>\n\n\n\n<h2 class=\"wp-block-heading\" id=\"miten-paasen-paikalle\">How can I get there?<\/h2>\n\n\n\n<p class=\" translation-block\">Advance tickets for the Kolmiot will be sold in the <a rel=\"noreferrer noopener\" href=\"https:\/\/kide.app\/community\/91d9fc36-1977-41b8-841a-dd2d1634c1d3\" target=\"_blank\">Kide.App<\/a> app and at varying stands at the Hervanta campus and Keskustakampus usually for ~3 \u20ac. Tickets go on sale on the Monday of the week before the party. You can also get in at the door for  5 \u20ac. In case of a mandatory cloakroom in the winter season, a cloakroom fee of \u20ac3 will be added to the ticket price.<\/p>\n\n\n\n<p>A special feature of the Kolmiot is the Kolmio Buses, which provide convenient access to Hervanta at 2:00, 2:45 and 3.30 for 2 \u20ac. The buses leave from in front of Ratina Stadium from Suvantokatu and the route is below:<\/p>\n\n\n\n<p class=\"has-text-align-center\">Suvantokatu \u2013 Kalevantie \u2013 Messukyl\u00e4 \u2013 Lukonm\u00e4ki \u2013 Hervanta<\/p>\n\n\n\n<p class=\"has-text-align-center\"><em>* you can jump off at any bus stop along the route<\/em><\/p>\n\n\n\n<figure class=\"wp-block-image aligncenter size-large is-resized\"><img data-recalc-dims=\"1\" loading=\"lazy\" decoding=\"async\" width=\"1024\" height=\"1009\" src=\"https:\/\/i0.wp.com\/indecs.fi\/wp-content\/uploads\/2023\/01\/Kolmiologo-vektori-alkuperainen.png?resize=1024%2C1009&#038;ssl=1\" alt=\"\" class=\"wp-image-2964\" style=\"width:124px;height:122px\" srcset=\"https:\/\/i0.wp.com\/indecs.fi\/wp-content\/uploads\/2023\/01\/Kolmiologo-vektori-alkuperainen.png?resize=1024%2C1009&amp;ssl=1 1024w, https:\/\/i0.wp.com\/indecs.fi\/wp-content\/uploads\/2023\/01\/Kolmiologo-vektori-alkuperainen.png?resize=768%2C757&amp;ssl=1 768w, https:\/\/i0.wp.com\/indecs.fi\/wp-content\/uploads\/2023\/01\/Kolmiologo-vektori-alkuperainen.png?w=1174&amp;ssl=1 1174w\" sizes=\"auto, (max-width: 1000px) 100vw, 1000px\" \/><\/figure>\n\n\n\n<h2 class=\"wp-block-heading\" id=\"milloin-seuraavaksi-juhlitaan\">When's the next party?<\/h2>\n\n\n\n<p>You can keep track of important dates, VIP-contests and other important things by following Kolmiot on <a href=\"https:\/\/www.instagram.com\/kolmiobileet?fref=ts\">Instagram<\/a> @kolmiobileet and <a href=\"https:\/\/www.facebook.com\/Kolmiobileet?fref=ts\">on Facebook<\/a>, by visiting <a href=\"https:\/\/kolmiot.fi\/\" data-type=\"URL\" data-id=\"https:\/\/kolmiot.fi\/\" target=\"_blank\" rel=\"noreferrer noopener\">kolmiot.fi<\/a>-page or by following the <a href=\"https:\/\/t.me\/kolmiotiedotus\">telegram channel<\/a>.<\/p>","protected":false},"excerpt":{"rendered":"<p>Millaiset pirskeet? Indecs j\u00e4rjest\u00e4\u00e4 Kolmiot yhdess\u00e4 keskustakampuksen ainej\u00e4rjest\u00f6jen Staabin ja Luupin kanssa Tampereen Koskikeskuksen ravintolamaailmassa. Kolmiot ovat poikkitieteelliset bileet, jotka kokoavat yhteen opiskelijoita kaikista Tampereen korkeakouluista ja my\u00f6s muualta Suomesta. [&hellip;]<\/p>","protected":false},"author":2,"featured_media":0,"parent":0,"menu_order":0,"comment_status":"closed","ping_status":"closed","template":"","meta":{"_uag_custom_page_level_css":"","advanced_seo_description":"","jetpack_seo_html_title":"","jetpack_seo_noindex":false,"_EventAllDay":false,"_EventTimezone":"","_EventStartDate":"","_EventEndDate":"","_EventStartDateUTC":"","_EventEndDateUTC":"","_EventShowMap":false,"_EventShowMapLink":false,"_EventURL":"","_EventCost":"","_EventCostDescription":"","_EventCurrencySymbol":"","_EventCurrencyCode":"","_EventCurrencyPosition":"","_EventDateTimeSeparator":"","_EventTimeRangeSeparator":"","_EventOrganizerID":[],"_EventVenueID":[],"_OrganizerEmail":"","_OrganizerPhone":"","_OrganizerWebsite":"","_VenueAddress":"","_VenueCity":"","_VenueCountry":"","_VenueProvince":"","_VenueState":"","_VenueZip":"","_VenuePhone":"","_VenueURL":"","_VenueStateProvince":"","_VenueLat":"","_VenueLng":"","_VenueShowMap":false,"_VenueShowMapLink":false,"footnotes":""},"categories":[],"tags":[],"class_list":["post-63","page","type-page","status-publish","hentry"],"uagb_featured_image_src":{"full":false,"thumbnail":false,"medium":false,"medium_large":false,"large":false,"1536x1536":false,"2048x2048":false,"trp-custom-language-flag":false},"uagb_author_info":{"display_name":"","author_link":"https:\/\/indecs.fi\/en\/author\/"},"uagb_comment_info":0,"uagb_excerpt":"Millaiset pirskeet? Indecs j\u00e4rjest\u00e4\u00e4 Kolmiot yhdess\u00e4 keskustakampuksen ainej\u00e4rjest\u00f6jen Staabin ja Luupin kanssa Tampereen Koskikeskuksen ravintolamaailmassa. Kolmiot ovat poikkitieteelliset bileet, jotka kokoavat yhteen opiskelijoita kaikista Tampereen korkeakouluista ja my\u00f6s muualta Suomesta. [&hellip;]","_links":{"self":[{"href":"https:\/\/indecs.fi\/en\/wp-json\/wp\/v2\/pages\/63","targetHints":{"allow":["GET"]}}],"collection":[{"href":"https:\/\/indecs.fi\/en\/wp-json\/wp\/v2\/pages"}],"about":[{"href":"https:\/\/indecs.fi\/en\/wp-json\/wp\/v2\/types\/page"}],"author":[{"embeddable":true,"href":"https:\/\/indecs.fi\/en\/wp-json\/wp\/v2\/users\/2"}],"replies":[{"embeddable":true,"href":"https:\/\/indecs.fi\/en\/wp-json\/wp\/v2\/comments?post=63"}],"version-history":[{"count":87,"href":"https:\/\/indecs.fi\/en\/wp-json\/wp\/v2\/pages\/63\/revisions"}],"predecessor-version":[{"id":4739,"href":"https:\/\/indecs.fi\/en\/wp-json\/wp\/v2\/pages\/63\/revisions\/4739"}],"wp:attachment":[{"href":"https:\/\/indecs.fi\/en\/wp-json\/wp\/v2\/media?parent=63"}],"wp:term":[{"taxonomy":"category","embeddable":true,"href":"https:\/\/indecs.fi\/en\/wp-json\/wp\/v2\/categories?post=63"},{"taxonomy":"post_tag","embeddable":true,"href":"https:\/\/indecs.fi\/en\/wp-json\/wp\/v2\/tags?post=63"}],"curies":[{"name":"wp","href":"https:\/\/api.w.org\/{rel}","templated":true}]}}