{"id":818,"date":"2020-12-24T00:00:49","date_gmt":"2020-12-23T22:00:49","guid":{"rendered":"https:\/\/indecs.fi\/?page_id=818"},"modified":"2023-09-13T15:19:57","modified_gmt":"2023-09-13T12:19:57","slug":"tiedekunnat","status":"publish","type":"page","link":"https:\/\/indecs.fi\/en\/tiedekunnat\/","title":{"rendered":"Tiede&shy;kunnat"},"content":{"rendered":"<p>Tiedekunta on yliopiston hallinnollinen yksikk\u00f6, joka kokoaa yhteen l\u00e4hekk\u00e4isten tieteenalojen tutkinto-ohjelmat ja tutkimusyksik\u00f6t. Sit\u00e4 johtavan professorin ty\u00f6nimike on dekaani. Tampereen yliopistossa on seitsem\u00e4n tiedekuntaa:<\/p>\n\n\n\n<p>\u2022 <a href=\"https:\/\/www.tuni.fi\/fi\/tutustu-meihin\/informaatioteknologian-ja-viestinnan-tiedekunta\">Informaatioteknologian ja viestinn\u00e4n tiedekunta (ITC)<\/a><br>\u2022 <a href=\"https:\/\/www.tuni.fi\/fi\/tutustu-meihin\/johtamisen-ja-talouden-tiedekunta-0\">Johtamisen ja talouden tiedekunta (MAB)<\/a><br>\u2022 <a href=\"https:\/\/www.tuni.fi\/fi\/tutustu-meihin\/kasvatustieteiden-ja-kulttuurin-tiedekunta\">Kasvatustieteiden ja kulttuurin tiedekunta (EDU)<\/a><br>\u2022 <a href=\"https:\/\/www.tuni.fi\/fi\/tutustu-meihin\/laaketieteen-ja-terveysteknologian-tiedekunta\">L\u00e4\u00e4ketieteen ja terveysteknologian tiedekunta (MET)<\/a><br>\u2022 <a href=\"https:\/\/www.tuni.fi\/fi\/tutustu-meihin\/rakennetun-ympariston-tiedekunta\">Rakennetun ymp\u00e4rist\u00f6n tiedekunta (BEN)<\/a><br>\u2022 <a href=\"https:\/\/www.tuni.fi\/fi\/tutustu-meihin\/tekniikan-ja-luonnontieteiden-tiedekunta\">Tekniikan ja luonnontieteiden tiedekunta (ENS)<\/a><br>\u2022 <a href=\"https:\/\/www.tuni.fi\/fi\/tutustu-meihin\/yhteiskuntatieteiden-tiedekunta\">Yhteiskuntatieteiden tiedekunta (SOC)<\/a><\/p>\n\n\n\n<p>Tuotantotalouden asema vuonna 2019 muodostuneessa Tampereen yliopistossa on siit\u00e4 erityinen, ett\u00e4 sen opetuksesta ja tutkimuksesta vastaava yksikk\u00f6 ja henkil\u00f6kunta kuuluvat eri tiedekuntaan kuin alan tutkinto-ohjelmat ja opiskelijat. Tuotantotalouden yksikk\u00f6 on sijoitettu Johtamisen ja talouden tiedekuntaan (MAB) kun taas tutkinto-ohjelmat ovat Tekniikan ja luonnontieteiden tiedekunnassa (ENS). T\u00e4t\u00e4 jakoa on pyritty selkeytt\u00e4m\u00e4\u00e4n sivun alalaidan organisaatiokaavioilla.<\/p>\n\n\n\n<p>Tuotantotalouden tutkinto-ohjelmien opinn\u00e4ytet\u00f6iss\u00e4 viitataan siihen tiedekuntaan, johon tutkinto-ohjelma kuuluu. Esimerkiksi teknis-taloudellisen kandidaatin tutkinnossa ja tuotantotalouden diplomi-insin\u00f6\u00f6rin tutkinnossa opinn\u00e4ytety\u00f6n kansilehteen kirjoitetaan Tekniikan ja luonnontieteiden tiedekunta. Opintojaksot eli kurssit sen sijaan kuuluvat siihen tiedekuntaan, jossa kurssin j\u00e4rjest\u00e4v\u00e4 yksikk\u00f6 sijaitsee. Esimerkiksi tuotantotalouden yksik\u00f6n j\u00e4rjest\u00e4m\u00e4t kurssit kuuluvat Johtamisen ja talouden tiedekuntaan. Tiedekunnan nime\u00e4 ei kuitenkaan tarvitse mainita kurssit\u00f6iden palautuksissa, jolloin kohdan voi pyyhki\u00e4 pois opinn\u00e4ytepohjasta sit\u00e4 k\u00e4ytett\u00e4ess\u00e4.<\/p>\n\n\n\n<div class=\"wp-block-image\"><figure class=\"aligncenter size-large\"><img data-recalc-dims=\"1\" loading=\"lazy\" decoding=\"async\" width=\"1557\" height=\"628\" src=\"https:\/\/i0.wp.com\/indecs.fi\/wp-content\/uploads\/2020\/12\/ENS-himmeli-opiskelijat.png?resize=1557%2C628&#038;ssl=1\" alt=\"\" class=\"wp-image-1133\"\/><\/figure><\/div>\n\n\n\n<p><\/p>","protected":false},"excerpt":{"rendered":"<p>Tiedekunta on yliopiston hallinnollinen yksikk\u00f6, joka kokoaa yhteen l\u00e4hekk\u00e4isten tieteenalojen tutkinto-ohjelmat ja tutkimusyksik\u00f6t. Sit\u00e4 johtavan professorin ty\u00f6nimike on dekaani. Tampereen yliopistossa on seitsem\u00e4n tiedekuntaa: \u2022 Informaatioteknologian ja viestinn\u00e4n tiedekunta (ITC)\u2022 [&hellip;]<\/p>","protected":false},"author":2,"featured_media":0,"parent":0,"menu_order":0,"comment_status":"closed","ping_status":"closed","template":"","meta":{"_uag_custom_page_level_css":"","advanced_seo_description":"","jetpack_seo_html_title":"","jetpack_seo_noindex":false,"_EventAllDay":false,"_EventTimezone":"","_EventStartDate":"","_EventEndDate":"","_EventStartDateUTC":"","_EventEndDateUTC":"","_EventShowMap":false,"_EventShowMapLink":false,"_EventURL":"","_EventCost":"","_EventCostDescription":"","_EventCurrencySymbol":"","_EventCurrencyCode":"","_EventCurrencyPosition":"","_EventDateTimeSeparator":"","_EventTimeRangeSeparator":"","_EventOrganizerID":[],"_EventVenueID":[],"_OrganizerEmail":"","_OrganizerPhone":"","_OrganizerWebsite":"","_VenueAddress":"","_VenueCity":"","_VenueCountry":"","_VenueProvince":"","_VenueState":"","_VenueZip":"","_VenuePhone":"","_VenueURL":"","_VenueStateProvince":"","_VenueLat":"","_VenueLng":"","_VenueShowMap":false,"_VenueShowMapLink":false,"footnotes":""},"categories":[],"tags":[],"class_list":["post-818","page","type-page","status-publish","hentry"],"uagb_featured_image_src":{"full":false,"thumbnail":false,"medium":false,"medium_large":false,"large":false,"1536x1536":false,"2048x2048":false,"trp-custom-language-flag":false},"uagb_author_info":{"display_name":"","author_link":"https:\/\/indecs.fi\/en\/author\/"},"uagb_comment_info":0,"uagb_excerpt":"Tiedekunta on yliopiston hallinnollinen yksikk\u00f6, joka kokoaa yhteen l\u00e4hekk\u00e4isten tieteenalojen tutkinto-ohjelmat ja tutkimusyksik\u00f6t. Sit\u00e4 johtavan professorin ty\u00f6nimike on dekaani. Tampereen yliopistossa on seitsem\u00e4n tiedekuntaa: \u2022 Informaatioteknologian ja viestinn\u00e4n tiedekunta (ITC)\u2022 [&hellip;]","_links":{"self":[{"href":"https:\/\/indecs.fi\/en\/wp-json\/wp\/v2\/pages\/818"}],"collection":[{"href":"https:\/\/indecs.fi\/en\/wp-json\/wp\/v2\/pages"}],"about":[{"href":"https:\/\/indecs.fi\/en\/wp-json\/wp\/v2\/types\/page"}],"author":[{"embeddable":true,"href":"https:\/\/indecs.fi\/en\/wp-json\/wp\/v2\/users\/2"}],"replies":[{"embeddable":true,"href":"https:\/\/indecs.fi\/en\/wp-json\/wp\/v2\/comments?post=818"}],"version-history":[{"count":4,"href":"https:\/\/indecs.fi\/en\/wp-json\/wp\/v2\/pages\/818\/revisions"}],"predecessor-version":[{"id":2493,"href":"https:\/\/indecs.fi\/en\/wp-json\/wp\/v2\/pages\/818\/revisions\/2493"}],"wp:attachment":[{"href":"https:\/\/indecs.fi\/en\/wp-json\/wp\/v2\/media?parent=818"}],"wp:term":[{"taxonomy":"category","embeddable":true,"href":"https:\/\/indecs.fi\/en\/wp-json\/wp\/v2\/categories?post=818"},{"taxonomy":"post_tag","embeddable":true,"href":"https:\/\/indecs.fi\/en\/wp-json\/wp\/v2\/tags?post=818"}],"curies":[{"name":"wp","href":"https:\/\/api.w.org\/{rel}","templated":true}]}}