{"id":116,"date":"2016-02-19T21:35:54","date_gmt":"2016-02-19T19:35:54","guid":{"rendered":"http:\/\/historiikkeli.indecs.fi\/?page_id=116"},"modified":"2017-08-04T14:20:02","modified_gmt":"2017-08-04T11:20:02","slug":"etusivu","status":"publish","type":"page","link":"https:\/\/indecs.fi\/historiikkeli\/","title":{"rendered":"Etusivu"},"content":{"rendered":"<p>[vc_row anchor=&#8221;2008&#8243; font_type=&#8221;light&#8221; background_color=&#8221;#d85252&#8243; background_image=&#8221;0&#8243;][vc_column][vc_row_inner][vc_column_inner]<h5  style='line-height:1;font-weight:700;letter-spacing:0px;text-transform:uppercase;' class='fittext text-center clearfix' data-max-font-size='72'>Tervetuloa Indecsin historiikkiin<\/h5>[vc_column_text]T\u00e4m\u00e4 sivusto pit\u00e4\u00e4 sis\u00e4ll\u00e4\u00e4n joitain t\u00e4rkeimmist\u00e4 saavutuksista ja tapahtumista tuotantotalouden kilta Indecsin historiasta. Kehitysehdotukset ja tarinat voi l\u00e4hett\u00e4\u00e4 osoitteeseen\u00a0hallitus@indecs.fi[\/vc_column_text][\/vc_column_inner][\/vc_row_inner][\/vc_column][\/vc_row][vc_row anchor=&#8221;juhlaviikko&#8221; font_type=&#8221;light&#8221; background_color=&#8221;#111111&#8243; background_image=&#8221;0&#8243;][vc_column]<h5  style='line-height:1;font-weight:700;letter-spacing:0px;text-transform:uppercase;' class='fittext text-center clearfix' data-max-font-size='72'>Alumnirekisteri on avattu<\/h5>[vc_column_text]Indecsin alumnirekisteri on avattu osoitteessa<a href=\"https:\/\/indecs.fi\/alumnirekisteri\/\"> https:\/\/indecs.fi\/alumnirekisteri\/<\/a>\u00a0. Rekisterin kilkkeen avulla ker\u00e4ttyj\u00e4 tietoja k\u00e4ytet\u00e4\u00e4n Indecsin\u00a0tulevaa matrikkelia ja yleist\u00e4 alumnitoimintaa varten. Sivun avulla p\u00e4\u00e4set lis\u00e4\u00e4m\u00e4\u00e4n tai p\u00e4ivitt\u00e4m\u00e4\u00e4n vanhat henkil\u00f6tietosi sek\u00e4 kuvasi. Rekisterin pohjana on k\u00e4ytetty aiempia matrikkeliprojektiin liittyvi\u00e4 rekistereit\u00e4, joten sivulta saattaa l\u00f6yty\u00e4 jo joitakin aiemmin antamiasi tietoja. S\u00e4hk\u00f6postiosoitteesi toimii k\u00e4ytt\u00e4j\u00e4tunnuksena, jonka avulla p\u00e4\u00e4set halutessasi p\u00e4ivitt\u00e4m\u00e4\u00e4n tietojasi my\u00f6s my\u00f6hemmin.[\/vc_column_text][\/vc_column][\/vc_row]<\/p>\n","protected":false},"excerpt":{"rendered":"<p>[vc_row anchor=&#8221;2008&#8243; font_type=&#8221;light&#8221; background_color=&#8221;#d85252&#8243; background_image=&#8221;0&#8243;][vc_column][vc_row_inner][vc_column_inner][vc_column_text]T\u00e4m\u00e4 sivusto pit\u00e4\u00e4 sis\u00e4ll\u00e4\u00e4n joitain t\u00e4rkeimmist\u00e4 saavutuksista ja tapahtumista tuotantotalouden kilta Indecsin historiasta. Kehitysehdotukset ja tarinat voi l\u00e4hett\u00e4\u00e4 osoitteeseen\u00a0hallitus@indecs.fi[\/vc_column_text][\/vc_column_inner][\/vc_row_inner][\/vc_column][\/vc_row][vc_row anchor=&#8221;juhlaviikko&#8221; font_type=&#8221;light&#8221; background_color=&#8221;#111111&#8243; background_image=&#8221;0&#8243;][vc_column][vc_column_text]Indecsin alumnirekisteri on avattu<\/p>\n","protected":false},"author":1,"featured_media":0,"parent":0,"menu_order":0,"comment_status":"closed","ping_status":"closed","template":"page-templates\/home.php","meta":[],"_links":{"self":[{"href":"https:\/\/indecs.fi\/historiikkeli\/index.php\/wp-json\/wp\/v2\/pages\/116"}],"collection":[{"href":"https:\/\/indecs.fi\/historiikkeli\/index.php\/wp-json\/wp\/v2\/pages"}],"about":[{"href":"https:\/\/indecs.fi\/historiikkeli\/index.php\/wp-json\/wp\/v2\/types\/page"}],"author":[{"embeddable":true,"href":"https:\/\/indecs.fi\/historiikkeli\/index.php\/wp-json\/wp\/v2\/users\/1"}],"replies":[{"embeddable":true,"href":"https:\/\/indecs.fi\/historiikkeli\/index.php\/wp-json\/wp\/v2\/comments?post=116"}],"version-history":[{"count":111,"href":"https:\/\/indecs.fi\/historiikkeli\/index.php\/wp-json\/wp\/v2\/pages\/116\/revisions"}],"predecessor-version":[{"id":879,"href":"https:\/\/indecs.fi\/historiikkeli\/index.php\/wp-json\/wp\/v2\/pages\/116\/revisions\/879"}],"wp:attachment":[{"href":"https:\/\/indecs.fi\/historiikkeli\/index.php\/wp-json\/wp\/v2\/media?parent=116"}],"curies":[{"name":"wp","href":"https:\/\/api.w.org\/{rel}","templated":true}]}}