{"id":466,"date":"2016-04-13T16:09:26","date_gmt":"2016-04-13T13:09:26","guid":{"rendered":"http:\/\/historiikkeli.indecs.fi\/?page_id=466"},"modified":"2017-02-27T14:20:05","modified_gmt":"2017-02-27T12:20:05","slug":"1986-1989","status":"publish","type":"page","link":"https:\/\/indecs.fi\/historiikkeli\/index.php\/1986-1989\/","title":{"rendered":"1986-1989"},"content":{"rendered":"<p>[vc_row anchor=&#8221;kymmenen&#8221; font_type=&#8221;light&#8221; background_color=&#8221;#111111&#8243;][vc_column]<h5  style='line-height:1;font-weight:700;letter-spacing:0px;text-transform:uppercase;' class='fittext text-center clearfix' data-max-font-size='72'>1986-1989<\/h5>[vc_column_text]<\/p>\n<p style=\"text-align: center;\">\u00a0[ps2id url=&#8217;#1986&#8242;]1986[\/ps2id] &#8211;\u00a0[ps2id url=&#8217;#1987&#8242;]1987[\/ps2id] &#8211;\u00a0[ps2id url=&#8217;#1988&#8242;]1988[\/ps2id] &#8211;\u00a0[ps2id url=&#8217;#1989&#8242;]1989[\/ps2id]<\/p>\n<p>[\/vc_column_text]<h5  style='line-height:1;font-weight:700;letter-spacing:0px;text-transform:uppercase;' class='fittext text-center clearfix' data-max-font-size='50'><\/h5>[\/vc_column][\/vc_row][vc_row anchor=&#8221;1980&#8243; font_type=&#8221;light&#8221; background_color=&#8221;#d85252&#8243; background_image=&#8221;0&#8243; background_repeat=&#8221;repeat&#8221; background_size=&#8221;default&#8221;][vc_column][vc_row_inner][vc_column_inner width=&#8221;1\/2&#8243;]<div id=\"mpc_animated_text-8969df74d27f306\" class=\"mpc-animated-text-wrap mpc-init mpc-transition mpc-style--typewrite \"  data-options=\"{&quot;style&quot;:&quot;typewrite&quot;,&quot;duration&quot;:&quot;1500&quot;,&quot;delay&quot;:&quot;1600&quot;,&quot;loop&quot;:false,&quot;dynamic&quot;:false}\"><div class=\"mpc-animated-text__side mpc-animated-text__before\">Vuosi<\/div><div class=\"mpc-animated-text\"><div class=\"mpc-animated-text__block\"><span class=\"mpc-animated-text__word\">1989<\/span><\/div><\/div><\/div>[\/vc_column_inner][vc_column_inner width=&#8221;1\/2&#8243;][vc_column_text]<\/p>\n<h5>PJ:<\/h5>\n<h5>Kev\u00e4t: Kai Tuorila<\/h5>\n<h5>Syksy: Kimmo Forsberg<\/h5>\n<p>[\/vc_column_text][\/vc_column_inner][\/vc_row_inner][\/vc_column][\/vc_row][vc_row anchor=&#8221;1980&#8243; font_type=&#8221;light&#8221; background_color=&#8221;#d85252&#8243; background_image=&#8221;0&#8243; background_repeat=&#8221;repeat&#8221; background_size=&#8221;default&#8221;][vc_column][vc_row_inner][vc_column_inner width=&#8221;1\/2&#8243;]<div id=\"mpc_animated_text-9469df74d27f6d2\" class=\"mpc-animated-text-wrap mpc-init mpc-transition mpc-style--typewrite \"  data-options=\"{&quot;style&quot;:&quot;typewrite&quot;,&quot;duration&quot;:&quot;1500&quot;,&quot;delay&quot;:&quot;1600&quot;,&quot;loop&quot;:false,&quot;dynamic&quot;:false}\"><div class=\"mpc-animated-text__side mpc-animated-text__before\">Vuosi<\/div><div class=\"mpc-animated-text\"><div class=\"mpc-animated-text__block\"><span class=\"mpc-animated-text__word\">1988<\/span><\/div><\/div><\/div>[\/vc_column_inner][vc_column_inner width=&#8221;1\/2&#8243;][vc_column_text]<\/p>\n<h5>PJ: Jari Tuorila<\/h5>\n<p>[\/vc_column_text][\/vc_column_inner][\/vc_row_inner][vc_empty_space height=&#8221;100px&#8221;]<div id=\"mpc_connected_icons-4669df74d27f989\" class=\"mpc-connected-icons mpc-init mpc-transition \"  data-columns=\"2\" data-target=\"box\" data-layout=\"horizontal\"><div class=\"mpc-connected-icons__line\"><span><\/span><span><\/span><span><\/span><\/div><div data-id=\"mpc_icon_column-4269df74d281327\" class=\"mpc-icon-column mpc-init mpc-parent-hover mpc-transition mpc-icon-column--style_2 mpc-align--center \" ><div data-id=\"mpc_icon-7569df74d281549\" class=\"mpc-icon mpc-init mpc-transition mpc-effect-slide-up mpc-icon-hover \"><div class=\"mpc-icon-wrap\"><i class=\"mpc-icon-part mpc-regular mpc-transition  etl etl-global\"><\/i><i class=\"mpc-icon-part mpc-hover mpc-transition  etl etl-global\"><\/i><\/div><\/div><div class=\"mpc-icon-column__content-wrap\"><div class=\"mpc-icon-column__content\"><h3 class=\"mpc-icon-column__heading mpc-transition\">Excut<\/h3><div class=\"mpc-icon-column__description\"><p class=\"p1\"><span class=\"s1\">The Far East Study Tour: Japan -88<br \/>\n<\/span><\/p>\n<p class=\"p1\">N\u00e4in\u00e4 vuosina laitoksen fokuksena oli tuottaa p\u00e4tevi\u00e4 vienti-insin\u00f6\u00f6rej\u00e4. Siksi laitos antoi t\u00e4yden tukensa Indecsin laajalle Aasian opintomatkalle. Reissun projektijohtajana toimi Pertti Heininen, ja yhteens\u00e4 matkaan l\u00e4hti 11 indecsl\u00e4ist\u00e4.<\/p>\n<p class=\"p1\">Reissun aikana vierailtiin ainakin Hondalla, Valmetilla ja Toyotalla Japanissa, Nixdorfilla Singaporessa ja muissa kohteissa Hong Kongissa, Taiwanissa ja Thaimaassa.<\/p>\n<\/div><\/div><\/div><\/div><div data-id=\"mpc_icon_column-8469df74d281d0f\" class=\"mpc-icon-column mpc-init mpc-parent-hover mpc-transition mpc-icon-column--style_2 mpc-align--center \" ><div data-id=\"mpc_icon-5369df74d281eb6\" class=\"mpc-icon mpc-init mpc-transition mpc-effect-slide-up mpc-icon-hover \"><div class=\"mpc-icon-wrap\"><i class=\"mpc-icon-part mpc-regular mpc-transition  etl etl-megaphone\"><\/i><i class=\"mpc-icon-part mpc-hover mpc-transition  etl etl-megaphone\"><\/i><\/div><\/div><div class=\"mpc-icon-column__content-wrap\"><div class=\"mpc-icon-column__content\"><h3 class=\"mpc-icon-column__heading mpc-transition\">Merkitt\u00e4v\u00e4\u00e4<\/h3><div class=\"mpc-icon-column__description\"><p>Industrial Night-projekti aloitetaan. Industrial Night oli asiantuntijapaneeli p\u00e4iv\u00e4npolttavista aiheista, verrattavissa 2010-luvun toimitusjohtajat tentiss\u00e4-paneeleihin. Tampereen Kauppakamarin kanssa pohdittiin oman firman pystytt\u00e4mist\u00e4 aiheeseen liittyen.<\/p>\n<\/div><\/div><\/div><\/div><\/div>[\/vc_column][\/vc_row][vc_row anchor=&#8221;1980&#8243; font_type=&#8221;light&#8221; background_color=&#8221;#d85252&#8243; background_image=&#8221;0&#8243; background_repeat=&#8221;repeat&#8221; background_size=&#8221;default&#8221;][vc_column][vc_row_inner][vc_column_inner width=&#8221;1\/2&#8243;]<div id=\"mpc_animated_text-9569df74d283259\" class=\"mpc-animated-text-wrap mpc-init mpc-transition mpc-style--typewrite \"  data-options=\"{&quot;style&quot;:&quot;typewrite&quot;,&quot;duration&quot;:&quot;1500&quot;,&quot;delay&quot;:&quot;1600&quot;,&quot;loop&quot;:false,&quot;dynamic&quot;:false}\"><div class=\"mpc-animated-text__side mpc-animated-text__before\">Vuosi<\/div><div class=\"mpc-animated-text\"><div class=\"mpc-animated-text__block\"><span class=\"mpc-animated-text__word\">1987<\/span><\/div><\/div><\/div>[\/vc_column_inner][vc_column_inner width=&#8221;1\/2&#8243;][vc_column_text]<\/p>\n<h5>PJ:<\/h5>\n<h5>Kev\u00e4t: Kimmo Suupohja<\/h5>\n<h5>Syksy: Seppo Laukkanen<\/h5>\n<p>[\/vc_column_text][\/vc_column_inner][\/vc_row_inner][\/vc_column][\/vc_row][vc_row anchor=&#8221;1980&#8243; font_type=&#8221;light&#8221; background_color=&#8221;#d85252&#8243; background_image=&#8221;0&#8243; background_repeat=&#8221;repeat&#8221; background_size=&#8221;default&#8221;][vc_column][vc_row_inner][vc_column_inner width=&#8221;1\/2&#8243;]<div id=\"mpc_animated_text-6069df74d283450\" class=\"mpc-animated-text-wrap mpc-init mpc-transition mpc-style--typewrite \"  data-options=\"{&quot;style&quot;:&quot;typewrite&quot;,&quot;duration&quot;:&quot;1500&quot;,&quot;delay&quot;:&quot;1600&quot;,&quot;loop&quot;:false,&quot;dynamic&quot;:false}\"><div class=\"mpc-animated-text__side mpc-animated-text__before\">Vuosi<\/div><div class=\"mpc-animated-text\"><div class=\"mpc-animated-text__block\"><span class=\"mpc-animated-text__word\">1986<\/span><\/div><\/div><\/div>[\/vc_column_inner][vc_column_inner width=&#8221;1\/2&#8243;][vc_column_text]<\/p>\n<h5>Tuotantotalouden ammattiainekerho Indecs perustetaan<\/h5>\n<p>[\/vc_column_text][\/vc_column_inner][\/vc_row_inner][\/vc_column][\/vc_row]<\/p>\n","protected":false},"excerpt":{"rendered":"<p>[vc_row anchor=&#8221;kymmenen&#8221; font_type=&#8221;light&#8221; background_color=&#8221;#111111&#8243;][vc_column][vc_column_text] \u00a0[ps2id url=&#8217;#1986&#8242;]1986[\/ps2id] &#8211;\u00a0[ps2id url=&#8217;#1987&#8242;]1987[\/ps2id] &#8211;\u00a0[ps2id url=&#8217;#1988&#8242;]1988[\/ps2id] &#8211;\u00a0[ps2id url=&#8217;#1989&#8242;]1989[\/ps2id] [\/vc_column_text][\/vc_column][\/vc_row][vc_row anchor=&#8221;1980&#8243; font_type=&#8221;light&#8221; background_color=&#8221;#d85252&#8243; background_image=&#8221;0&#8243; background_repeat=&#8221;repeat&#8221; background_size=&#8221;default&#8221;][vc_column][vc_row_inner][vc_column_inner width=&#8221;1\/2&#8243;][\/vc_column_inner][vc_column_inner width=&#8221;1\/2&#8243;][vc_column_text] PJ: Kev\u00e4t: Kai Tuorila Syksy: Kimmo Forsberg [\/vc_column_text][\/vc_column_inner][\/vc_row_inner][\/vc_column][\/vc_row][vc_row anchor=&#8221;1980&#8243;<\/p>\n","protected":false},"author":1,"featured_media":0,"parent":0,"menu_order":0,"comment_status":"closed","ping_status":"closed","template":"","meta":[],"_links":{"self":[{"href":"https:\/\/indecs.fi\/historiikkeli\/index.php\/wp-json\/wp\/v2\/pages\/466"}],"collection":[{"href":"https:\/\/indecs.fi\/historiikkeli\/index.php\/wp-json\/wp\/v2\/pages"}],"about":[{"href":"https:\/\/indecs.fi\/historiikkeli\/index.php\/wp-json\/wp\/v2\/types\/page"}],"author":[{"embeddable":true,"href":"https:\/\/indecs.fi\/historiikkeli\/index.php\/wp-json\/wp\/v2\/users\/1"}],"replies":[{"embeddable":true,"href":"https:\/\/indecs.fi\/historiikkeli\/index.php\/wp-json\/wp\/v2\/comments?post=466"}],"version-history":[{"count":17,"href":"https:\/\/indecs.fi\/historiikkeli\/index.php\/wp-json\/wp\/v2\/pages\/466\/revisions"}],"predecessor-version":[{"id":828,"href":"https:\/\/indecs.fi\/historiikkeli\/index.php\/wp-json\/wp\/v2\/pages\/466\/revisions\/828"}],"wp:attachment":[{"href":"https:\/\/indecs.fi\/historiikkeli\/index.php\/wp-json\/wp\/v2\/media?parent=466"}],"curies":[{"name":"wp","href":"https:\/\/api.w.org\/{rel}","templated":true}]}}