{"id":935,"date":"2021-12-10T20:14:16","date_gmt":"2021-12-10T18:14:16","guid":{"rendered":"https:\/\/indecs.fi\/historiikkeli\/?page_id=935"},"modified":"2021-12-10T20:14:16","modified_gmt":"2021-12-10T18:14:16","slug":"2020-2021","status":"publish","type":"page","link":"https:\/\/indecs.fi\/historiikkeli\/index.php\/2020-2021\/","title":{"rendered":"2020-2021"},"content":{"rendered":"<p>[vc_row anchor=&#8221;2020-2021&#8243; font_type=&#8221;light&#8221; background_color=&#8221;#111111&#8243;][vc_column]<h5  style='line-height:1;font-weight:700;letter-spacing:0px;text-transform:uppercase;' class='fittext text-center clearfix' data-max-font-size='72'>2020-2021<\/h5>[vc_column_text]<\/p>\n<p style=\"text-align: center;\">[ps2id url=&#8217;#2021&#8242;]2021[\/ps2id] &#8211; [ps2id url=&#8217;#2020&#8242;]2020[\/ps2id]<\/p>\n<p>[\/vc_column_text][\/vc_column][\/vc_row]<\/p>\n<p>[vc_row anchor=&#8221;2021&#8243; font_type=&#8221;light&#8221; background_color=&#8221;#444444&#8243; background_image=&#8221;0&#8243; background_repeat=&#8221;repeat&#8221; background_size=&#8221;default&#8221;][vc_column][vc_row_inner][vc_column_inner width=&#8221;1\/2&#8243;]<div id=\"mpc_animated_text-6269e1e5487a368\" class=\"mpc-animated-text-wrap mpc-init mpc-transition mpc-style--typewrite \"  data-options=\"{&quot;style&quot;:&quot;typewrite&quot;,&quot;duration&quot;:&quot;1500&quot;,&quot;delay&quot;:&quot;1600&quot;,&quot;loop&quot;:false,&quot;dynamic&quot;:false}\"><div class=\"mpc-animated-text__side mpc-animated-text__before\">Vuosi<\/div><div class=\"mpc-animated-text\"><div class=\"mpc-animated-text__block\"><span class=\"mpc-animated-text__word\">2021<\/span><\/div><\/div><\/div>[\/vc_column_inner][vc_column_inner width=&#8221;1\/2&#8243;][vc_column_text]<\/p>\n<h5>Fuksien v\u00e4ri: Maapallo<\/h5>\n<h5>PJ: Emma Lindfors<\/h5>\n<p>[\/vc_column_text][\/vc_column_inner][\/vc_row_inner][vc_empty_space height=&#8221;100px&#8221;]<div id=\"mpc_connected_icons-9069e1e5487a5ca\" class=\"mpc-connected-icons mpc-init mpc-transition \"  data-columns=\"3\" data-target=\"box\" data-layout=\"horizontal\"><div class=\"mpc-connected-icons__line\"><span><\/span><span><\/span><span><\/span><\/div>\n<div data-id=\"mpc_icon_column-8569e1e5487b566\" class=\"mpc-icon-column mpc-init mpc-parent-hover mpc-transition mpc-icon-column--style_2 mpc-align--center \" ><div data-id=\"mpc_icon-1969e1e5487c512\" class=\"mpc-icon mpc-init mpc-transition mpc-effect-slide-up mpc-icon-hover \"><div class=\"mpc-icon-wrap\"><i class=\"mpc-icon-part mpc-regular mpc-transition  etl etl-target\"><\/i><i class=\"mpc-icon-part mpc-hover mpc-transition  etl etl-target\"><\/i><\/div><\/div><div class=\"mpc-icon-column__content-wrap\"><div class=\"mpc-icon-column__content\"><h3 class=\"mpc-icon-column__heading mpc-transition\">J\u00e4yn\u00e4t<\/h3><div class=\"mpc-icon-column__description\"><p>Fuksij\u00e4yn\u00e4n ideana oli<\/p>\n<p>Yleisen sarjan j\u00e4yn\u00e4\u00e4 ei toteutettu.<\/p>\n<\/div><\/div><\/div><\/div><div data-id=\"mpc_icon_column-1969e1e5487cf61\" class=\"mpc-icon-column mpc-init mpc-parent-hover mpc-transition mpc-icon-column--style_2 mpc-align--center \" ><div data-id=\"mpc_icon-3769e1e5487d125\" class=\"mpc-icon mpc-init mpc-transition mpc-effect-slide-up mpc-icon-hover \"><div class=\"mpc-icon-wrap\"><i class=\"mpc-icon-part mpc-regular mpc-transition  etl etl-global\"><\/i><i class=\"mpc-icon-part mpc-hover mpc-transition  etl etl-global\"><\/i><\/div><\/div><div class=\"mpc-icon-column__content-wrap\"><div class=\"mpc-icon-column__content\"><h3 class=\"mpc-icon-column__heading mpc-transition\">UlkoXQ<\/h3><div class=\"mpc-icon-column__description\"><p>Vuoden 2021 UlkoXQ&#8230;<\/p>\n<\/div><\/div><\/div><\/div><div data-id=\"mpc_icon_column-4169e1e5487d92d\" class=\"mpc-icon-column mpc-init mpc-parent-hover mpc-transition mpc-icon-column--style_2 mpc-align--center \" ><div data-id=\"mpc_icon-2369e1e5487dc0b\" class=\"mpc-icon mpc-init mpc-transition mpc-effect-slide-up mpc-icon-hover \"><div class=\"mpc-icon-wrap\"><i class=\"mpc-icon-part mpc-regular mpc-transition  etl etl-megaphone\"><\/i><i class=\"mpc-icon-part mpc-hover mpc-transition  etl etl-megaphone\"><\/i><\/div><\/div><div class=\"mpc-icon-column__content-wrap\"><div class=\"mpc-icon-column__content\"><h3 class=\"mpc-icon-column__heading mpc-transition\">Merkitt\u00e4v\u00e4\u00e4<\/h3><div class=\"mpc-icon-column__description\"><p>&#8230;<\/p>\n<\/div><\/div><\/div><\/div><\/div>[vc_empty_space]<div data-id=\"mpc_divider-8869e1e54880384\" class=\"mpc-divider-wrap\"><div class=\"mpc-divider mpc-init mpc-align--center \" ><div class=\"mpc-divider__line mpc-side--left\"><span><\/span><\/div><div class=\"mpc-divider__separator\"><div class=\"mpc-divider__content etl etl-pictures\"><\/div><\/div><div class=\"mpc-divider__line mpc-side--right\"><span><\/span><\/div><\/div><\/div>[vc_empty_space]<\/p>\n<div class=\"mpc-carousel__wrapper mpc-waypoint\"><div id=\"mpc_carousel_posts-269e1e5488903c\" class=\"mpc-carousel-posts mpc-init mpc-carousel--stretched mpc-init mpc-transition mpc-overlay--fade mpc-item--fade mpc-layout--style_8  \"   data-mpcslick='{\"infinite\":false,\"autoplay\":false,\"rows\":1,\"slidesToShow\":3,\"slidesToScroll\":3,\"centerMode\":false,\"initialSlide\":1}' data-columns=\"3\"><div onclick=\"\" class=\"mpc-post\"><div class=\"mpc-post__wrapper\"><div class=\"mpc-post__thumbnail\" style=\"background-image: url(https:\/\/indecs.fi\/historiikkeli\/wp-content\/uploads\/2019-cm-1024x683.jpg);\"><\/div><div class=\"mpc-post__overlay mpc-transition\"><div class=\"mpc-post--vertical-wrap\"><div class=\"mpc-post--vertical\"><a href=\"https:\/\/indecs.fi\/historiikkeli\/wp-content\/uploads\/2019-cm.jpg\" title=\"ESTIEM Council Meeting Tampere\" class=\"mpc-lightbox mpc-icon-anchor mpc-magnific-popup\"><i class=\"mpc-post-overlay__icon mpc-type--lightbox el el-resize-full\"><\/i><\/a><\/div><\/div><\/div><\/div><\/div><div onclick=\"\" class=\"mpc-post\"><div class=\"mpc-post__wrapper\"><div class=\"mpc-post__thumbnail\" style=\"background-image: url(https:\/\/indecs.fi\/historiikkeli\/wp-content\/uploads\/2019-fuksiviikko-1024x683.jpg);\"><\/div><div class=\"mpc-post__overlay mpc-transition\"><div class=\"mpc-post--vertical-wrap\"><div class=\"mpc-post--vertical\"><a href=\"https:\/\/indecs.fi\/historiikkeli\/wp-content\/uploads\/2019-fuksiviikko.jpg\" title=\"Fuksiviikon grilli-ilta 2019\" class=\"mpc-lightbox mpc-icon-anchor mpc-magnific-popup\"><i class=\"mpc-post-overlay__icon mpc-type--lightbox el el-resize-full\"><\/i><\/a><\/div><\/div><\/div><\/div><\/div><div onclick=\"\" class=\"mpc-post\"><div class=\"mpc-post__wrapper\"><div class=\"mpc-post__thumbnail\" style=\"background-image: url(https:\/\/indecs.fi\/historiikkeli\/wp-content\/uploads\/2019-kcp-1024x683.jpg);\"><\/div><div class=\"mpc-post__overlay mpc-transition\"><div class=\"mpc-post--vertical-wrap\"><div class=\"mpc-post--vertical\"><a href=\"https:\/\/indecs.fi\/historiikkeli\/wp-content\/uploads\/2019-kcp.jpg\" title=\"KCP:ll\u00e4 2019\" class=\"mpc-lightbox mpc-icon-anchor mpc-magnific-popup\"><i class=\"mpc-post-overlay__icon mpc-type--lightbox el el-resize-full\"><\/i><\/a><\/div><\/div><\/div><\/div><\/div><div onclick=\"\" class=\"mpc-post\"><div class=\"mpc-post__wrapper\"><div class=\"mpc-post__thumbnail\" style=\"background-image: url(https:\/\/indecs.fi\/historiikkeli\/wp-content\/uploads\/2019-taisto-1024x768.jpg);\"><\/div><div class=\"mpc-post__overlay mpc-transition\"><div class=\"mpc-post--vertical-wrap\"><div class=\"mpc-post--vertical\"><a href=\"https:\/\/indecs.fi\/historiikkeli\/wp-content\/uploads\/2019-taisto.jpg\" title=\"Aikakaudet taistelivat vuosikurssien taisto -sitseill\u00e4 2019\" class=\"mpc-lightbox mpc-icon-anchor mpc-magnific-popup\"><i class=\"mpc-post-overlay__icon mpc-type--lightbox el el-resize-full\"><\/i><\/a><\/div><\/div><\/div><\/div><\/div><div onclick=\"\" class=\"mpc-post\"><div class=\"mpc-post__wrapper\"><div class=\"mpc-post__thumbnail\" style=\"background-image: url(https:\/\/indecs.fi\/historiikkeli\/wp-content\/uploads\/2019-vujut-1024x684.jpg);\"><\/div><div class=\"mpc-post__overlay mpc-transition\"><div class=\"mpc-post--vertical-wrap\"><div class=\"mpc-post--vertical\"><a href=\"https:\/\/indecs.fi\/historiikkeli\/wp-content\/uploads\/2019-vujut.jpg\" title=\"Vuonna 2019 juhlittiin Indecsin 33-vuotista taivalta\" class=\"mpc-lightbox mpc-icon-anchor mpc-magnific-popup\"><i class=\"mpc-post-overlay__icon mpc-type--lightbox el el-resize-full\"><\/i><\/a><\/div><\/div><\/div><\/div><\/div><\/div><div class=\"mpc-navigation mpc-init mpc-align--left mpc-navigation--style_1  mpc-nav-preset--\" data-slider=\"mpc_carousel_posts-269e1e5488903c\"><div class=\"mpc-nav__arrow mpcslick-prev\"><div class=\"mpc-nav__icon mpc-transition\"><i class=\"\"><div class=\"mpc-nav__background mpc-transition mpc-effect-type--fade mpc-effect-side--in\"><\/div><\/i><\/div><\/div><div class=\"mpc-nav__arrow mpcslick-next\"><div class=\"mpc-nav__icon mpc-transition\"><i class=\"\"><div class=\"mpc-nav__background mpc-transition mpc-effect-type--fade mpc-effect-side--in\"><\/div><\/i><\/div><\/div><\/div><\/div>[\/vc_column][\/vc_row]<\/p>\n<p>[vc_row anchor=&#8221;2020&#8243; font_type=&#8221;light&#8221; background_color=&#8221;#444444&#8243; background_image=&#8221;0&#8243; background_repeat=&#8221;repeat&#8221; background_size=&#8221;default&#8221;][vc_column][vc_row_inner][vc_column_inner width=&#8221;1\/2&#8243;]<div id=\"mpc_animated_text-469e1e5489f1d7\" class=\"mpc-animated-text-wrap mpc-init mpc-transition mpc-style--typewrite \"  data-options=\"{&quot;style&quot;:&quot;typewrite&quot;,&quot;duration&quot;:&quot;1500&quot;,&quot;delay&quot;:&quot;1600&quot;,&quot;loop&quot;:false,&quot;dynamic&quot;:false}\"><div class=\"mpc-animated-text__side mpc-animated-text__before\">Vuosi<\/div><div class=\"mpc-animated-text\"><div class=\"mpc-animated-text__block\"><span class=\"mpc-animated-text__word\">2020<\/span><\/div><\/div><\/div>[\/vc_column_inner][vc_column_inner width=&#8221;1\/2&#8243;][vc_column_text]<\/p>\n<h5>Fuksien v\u00e4ri: Kosmos<\/h5>\n<h5>PJ: Leevi T\u00f6rnblom<\/h5>\n<p>[\/vc_column_text][\/vc_column_inner][\/vc_row_inner][vc_empty_space height=&#8221;100px&#8221;]<div id=\"mpc_connected_icons-7569e1e5489f350\" class=\"mpc-connected-icons mpc-init mpc-transition \"  data-columns=\"3\" data-target=\"box\" data-layout=\"horizontal\"><div class=\"mpc-connected-icons__line\"><span><\/span><span><\/span><span><\/span><\/div>\n<div data-id=\"mpc_icon_column-8969e1e5489f77b\" class=\"mpc-icon-column mpc-init mpc-parent-hover mpc-transition mpc-icon-column--style_2 mpc-align--center \" ><div data-id=\"mpc_icon-769e1e548a0729\" class=\"mpc-icon mpc-init mpc-transition mpc-effect-slide-up mpc-icon-hover \"><div class=\"mpc-icon-wrap\"><i class=\"mpc-icon-part mpc-regular mpc-transition  etl etl-target\"><\/i><i class=\"mpc-icon-part mpc-hover mpc-transition  etl etl-target\"><\/i><\/div><\/div><div class=\"mpc-icon-column__content-wrap\"><div class=\"mpc-icon-column__content\"><h3 class=\"mpc-icon-column__heading mpc-transition\">J\u00e4yn\u00e4t<\/h3><div class=\"mpc-icon-column__description\"><p>Fuksij\u00e4yn\u00e4n ideana oli<\/p>\n<p>Yleisen sarjan j\u00e4yn\u00e4\u00e4 ei toteutettu.<\/p>\n<\/div><\/div><\/div><\/div><div data-id=\"mpc_icon_column-9069e1e548a0c73\" class=\"mpc-icon-column mpc-init mpc-parent-hover mpc-transition mpc-icon-column--style_2 mpc-align--center \" ><div data-id=\"mpc_icon-2169e1e548a16bd\" class=\"mpc-icon mpc-init mpc-transition mpc-effect-slide-up mpc-icon-hover \"><div class=\"mpc-icon-wrap\"><i class=\"mpc-icon-part mpc-regular mpc-transition  etl etl-global\"><\/i><i class=\"mpc-icon-part mpc-hover mpc-transition  etl etl-global\"><\/i><\/div><\/div><div class=\"mpc-icon-column__content-wrap\"><div class=\"mpc-icon-column__content\"><h3 class=\"mpc-icon-column__heading mpc-transition\">UlkoXQ<\/h3><div class=\"mpc-icon-column__description\"><p>Vuoden 2020 UlkoXQ&#8230;<\/p>\n<\/div><\/div><\/div><\/div><div data-id=\"mpc_icon_column-9669e1e548a1c57\" class=\"mpc-icon-column mpc-init mpc-parent-hover mpc-transition mpc-icon-column--style_2 mpc-align--center \" ><div data-id=\"mpc_icon-2769e1e548a1e98\" class=\"mpc-icon mpc-init mpc-transition mpc-effect-slide-up mpc-icon-hover \"><div class=\"mpc-icon-wrap\"><i class=\"mpc-icon-part mpc-regular mpc-transition  etl etl-megaphone\"><\/i><i class=\"mpc-icon-part mpc-hover mpc-transition  etl etl-megaphone\"><\/i><\/div><\/div><div class=\"mpc-icon-column__content-wrap\"><div class=\"mpc-icon-column__content\"><h3 class=\"mpc-icon-column__heading mpc-transition\">Merkitt\u00e4v\u00e4\u00e4<\/h3><div class=\"mpc-icon-column__description\"><p>&#8230;<\/p>\n<\/div><\/div><\/div><\/div><\/div>[vc_empty_space]<div data-id=\"mpc_divider-2769e1e548a367f\" class=\"mpc-divider-wrap\"><div class=\"mpc-divider mpc-init mpc-align--center \" ><div class=\"mpc-divider__line mpc-side--left\"><span><\/span><\/div><div class=\"mpc-divider__separator\"><div class=\"mpc-divider__content etl etl-pictures\"><\/div><\/div><div class=\"mpc-divider__line mpc-side--right\"><span><\/span><\/div><\/div><\/div>[vc_empty_space]<div class=\"mpc-carousel__wrapper mpc-waypoint\"><div id=\"mpc_carousel_posts-8869e1e548a7b9a\" class=\"mpc-carousel-posts mpc-init mpc-carousel--stretched mpc-init mpc-transition mpc-overlay--fade mpc-item--fade mpc-layout--style_8  \"   data-mpcslick='{\"infinite\":false,\"autoplay\":false,\"rows\":1,\"slidesToShow\":3,\"slidesToScroll\":3,\"centerMode\":false,\"initialSlide\":1}' data-columns=\"3\"><div onclick=\"\" class=\"mpc-post\"><div class=\"mpc-post__wrapper\"><div class=\"mpc-post__thumbnail\" style=\"background-image: url(https:\/\/indecs.fi\/historiikkeli\/wp-content\/uploads\/2019-cm-1024x683.jpg);\"><\/div><div class=\"mpc-post__overlay mpc-transition\"><div class=\"mpc-post--vertical-wrap\"><div class=\"mpc-post--vertical\"><a href=\"https:\/\/indecs.fi\/historiikkeli\/wp-content\/uploads\/2019-cm.jpg\" title=\"ESTIEM Council Meeting Tampere\" class=\"mpc-lightbox mpc-icon-anchor mpc-magnific-popup\"><i class=\"mpc-post-overlay__icon mpc-type--lightbox el el-resize-full\"><\/i><\/a><\/div><\/div><\/div><\/div><\/div><div onclick=\"\" class=\"mpc-post\"><div class=\"mpc-post__wrapper\"><div class=\"mpc-post__thumbnail\" style=\"background-image: url(https:\/\/indecs.fi\/historiikkeli\/wp-content\/uploads\/2019-fuksiviikko-1024x683.jpg);\"><\/div><div class=\"mpc-post__overlay mpc-transition\"><div class=\"mpc-post--vertical-wrap\"><div class=\"mpc-post--vertical\"><a href=\"https:\/\/indecs.fi\/historiikkeli\/wp-content\/uploads\/2019-fuksiviikko.jpg\" title=\"Fuksiviikon grilli-ilta 2019\" class=\"mpc-lightbox mpc-icon-anchor mpc-magnific-popup\"><i class=\"mpc-post-overlay__icon mpc-type--lightbox el el-resize-full\"><\/i><\/a><\/div><\/div><\/div><\/div><\/div><div onclick=\"\" class=\"mpc-post\"><div class=\"mpc-post__wrapper\"><div class=\"mpc-post__thumbnail\" style=\"background-image: url(https:\/\/indecs.fi\/historiikkeli\/wp-content\/uploads\/2019-kcp-1024x683.jpg);\"><\/div><div class=\"mpc-post__overlay mpc-transition\"><div class=\"mpc-post--vertical-wrap\"><div class=\"mpc-post--vertical\"><a href=\"https:\/\/indecs.fi\/historiikkeli\/wp-content\/uploads\/2019-kcp.jpg\" title=\"KCP:ll\u00e4 2019\" class=\"mpc-lightbox mpc-icon-anchor mpc-magnific-popup\"><i class=\"mpc-post-overlay__icon mpc-type--lightbox el el-resize-full\"><\/i><\/a><\/div><\/div><\/div><\/div><\/div><div onclick=\"\" class=\"mpc-post\"><div class=\"mpc-post__wrapper\"><div class=\"mpc-post__thumbnail\" style=\"background-image: url(https:\/\/indecs.fi\/historiikkeli\/wp-content\/uploads\/2019-taisto-1024x768.jpg);\"><\/div><div class=\"mpc-post__overlay mpc-transition\"><div class=\"mpc-post--vertical-wrap\"><div class=\"mpc-post--vertical\"><a href=\"https:\/\/indecs.fi\/historiikkeli\/wp-content\/uploads\/2019-taisto.jpg\" title=\"Aikakaudet taistelivat vuosikurssien taisto -sitseill\u00e4 2019\" class=\"mpc-lightbox mpc-icon-anchor mpc-magnific-popup\"><i class=\"mpc-post-overlay__icon mpc-type--lightbox el el-resize-full\"><\/i><\/a><\/div><\/div><\/div><\/div><\/div><div onclick=\"\" class=\"mpc-post\"><div class=\"mpc-post__wrapper\"><div class=\"mpc-post__thumbnail\" style=\"background-image: url(https:\/\/indecs.fi\/historiikkeli\/wp-content\/uploads\/2019-vujut-1024x684.jpg);\"><\/div><div class=\"mpc-post__overlay mpc-transition\"><div class=\"mpc-post--vertical-wrap\"><div class=\"mpc-post--vertical\"><a href=\"https:\/\/indecs.fi\/historiikkeli\/wp-content\/uploads\/2019-vujut.jpg\" title=\"Vuonna 2019 juhlittiin Indecsin 33-vuotista taivalta\" class=\"mpc-lightbox mpc-icon-anchor mpc-magnific-popup\"><i class=\"mpc-post-overlay__icon mpc-type--lightbox el el-resize-full\"><\/i><\/a><\/div><\/div><\/div><\/div><\/div><\/div><div class=\"mpc-navigation mpc-init mpc-align--left mpc-navigation--style_1  mpc-nav-preset--\" data-slider=\"mpc_carousel_posts-8869e1e548a7b9a\"><div class=\"mpc-nav__arrow mpcslick-prev\"><div class=\"mpc-nav__icon mpc-transition\"><i class=\"\"><div class=\"mpc-nav__background mpc-transition mpc-effect-type--fade mpc-effect-side--in\"><\/div><\/i><\/div><\/div><div class=\"mpc-nav__arrow mpcslick-next\"><div class=\"mpc-nav__icon mpc-transition\"><i class=\"\"><div class=\"mpc-nav__background mpc-transition mpc-effect-type--fade mpc-effect-side--in\"><\/div><\/i><\/div><\/div><\/div><\/div>[\/vc_column][\/vc_row]<\/p>\n","protected":false},"excerpt":{"rendered":"<p>[vc_row anchor=&#8221;2020-2021&#8243; font_type=&#8221;light&#8221; background_color=&#8221;#111111&#8243;][vc_column][vc_column_text] [ps2id url=&#8217;#2021&#8242;]2021[\/ps2id] &#8211; [ps2id url=&#8217;#2020&#8242;]2020[\/ps2id] [\/vc_column_text][\/vc_column][\/vc_row] [vc_row anchor=&#8221;2021&#8243; font_type=&#8221;light&#8221; background_color=&#8221;#444444&#8243; background_image=&#8221;0&#8243; background_repeat=&#8221;repeat&#8221; background_size=&#8221;default&#8221;][vc_column][vc_row_inner][vc_column_inner width=&#8221;1\/2&#8243;][\/vc_column_inner][vc_column_inner width=&#8221;1\/2&#8243;][vc_column_text] Fuksien v\u00e4ri: Maapallo PJ: Emma Lindfors [\/vc_column_text][\/vc_column_inner][\/vc_row_inner][vc_empty_space height=&#8221;100px&#8221;][vc_empty_space][vc_empty_space] [\/vc_column][\/vc_row] [vc_row anchor=&#8221;2020&#8243;<\/p>\n","protected":false},"author":9,"featured_media":0,"parent":0,"menu_order":0,"comment_status":"closed","ping_status":"closed","template":"","meta":[],"_links":{"self":[{"href":"https:\/\/indecs.fi\/historiikkeli\/index.php\/wp-json\/wp\/v2\/pages\/935"}],"collection":[{"href":"https:\/\/indecs.fi\/historiikkeli\/index.php\/wp-json\/wp\/v2\/pages"}],"about":[{"href":"https:\/\/indecs.fi\/historiikkeli\/index.php\/wp-json\/wp\/v2\/types\/page"}],"author":[{"embeddable":true,"href":"https:\/\/indecs.fi\/historiikkeli\/index.php\/wp-json\/wp\/v2\/users\/9"}],"replies":[{"embeddable":true,"href":"https:\/\/indecs.fi\/historiikkeli\/index.php\/wp-json\/wp\/v2\/comments?post=935"}],"version-history":[{"count":3,"href":"https:\/\/indecs.fi\/historiikkeli\/index.php\/wp-json\/wp\/v2\/pages\/935\/revisions"}],"predecessor-version":[{"id":938,"href":"https:\/\/indecs.fi\/historiikkeli\/index.php\/wp-json\/wp\/v2\/pages\/935\/revisions\/938"}],"wp:attachment":[{"href":"https:\/\/indecs.fi\/historiikkeli\/index.php\/wp-json\/wp\/v2\/media?parent=935"}],"curies":[{"name":"wp","href":"https:\/\/api.w.org\/{rel}","templated":true}]}}